{"id":48899,"date":"2025-02-21T15:19:17","date_gmt":"2025-02-21T14:19:17","guid":{"rendered":"https:\/\/www.pharmacieonline.lu\/?post_type=product&#038;p=48899"},"modified":"2026-04-07T21:55:09","modified_gmt":"2026-04-07T19:55:09","slug":"xtra-slim-max-24-gummies-capteur-60gomme","status":"publish","type":"product","link":"https:\/\/www.pharmacieonline.lu\/de\/produit\/xtra-slim-max-24-gummies-capteur-60gomme\/","title":{"rendered":"XTRA SLIM MAX 24 GUMMIES CAPTEUR 60GOMME"},"content":{"rendered":"<p>Beschreibung von XTRASLIM MAX GUMMIES CAPTEUR X 60 FORTE PHARMA<br \/>\nXTRASLIM MAX GUMMIES CAPTEUR X 60 FORTE PHARMA hilft beim Abnehmen und bei der Bindung von Nahrungszucker und -fetten.<\/p>\n<p>Diese Form von zuckerfreien Gummib\u00e4rchen mit k\u00f6stlichem Himbeergeschmack ist ein neues Nahrungserg\u00e4nzungsmittel mit einer vollst\u00e4ndigen Formel auf Basis von 5 Wirkstoffen: Zink, Chrom, Nopal, Ascophyllum und Kola:<\/p>\n<p>Nopal: enth\u00e4lt Fasern zur Bindung von Fetten.<\/p>\n<p>Ascophyllum: hemmt die Enzyme, die f\u00fcr die Aufnahme von Fetten und Zucker verantwortlich sind.<\/p>\n<p>Kola: f\u00f6rdert die Lipolyse.<\/p>\n<p>Zink und Chrom: Lagerung begrenzen.<\/p>\n<p>GEBRAUCHSANWEISUNG<br \/>\n4 Gummib\u00e4rchen pro Tag zu den Mahlzeiten.<\/p>\n<p>Vorsichtsma\u00dfnahmen f\u00fcr die Anwendung<\/p>\n<p>Ein Nahrungserg\u00e4nzungsmittel sollte eine abwechslungsreiche und ausgewogene Ern\u00e4hrung und eine gesunde Lebensweise nicht ersetzen. Au\u00dferhalb der Reichweite von kleinen Kindern aufbewahren. Die empfohlene Tagesdosis nicht \u00fcberschreiten. Enth\u00e4lt koffeinhaltiges Kola (1,1 mg pro Tagesdosis), f\u00fcr schwangere oder stillende Frauen und Kinder nicht empfohlen. Eine nachhaltige Gewichtsabnahme kann nur durch di\u00e4tetische Ma\u00dfnahmen und eine kontrollierte Lebensmittelhygiene erreicht werden. Dieses Nahrungserg\u00e4nzungsmittel ist kein Arzneimittel. Enth\u00e4lt Ascophyllum, nicht anwenden bei Jodempfindlichkeit oder Schilddr\u00fcsenerkrankungen (liefert maximal 37,5 \u2011g Jod pro Tagesdosis). Produkt f\u00fcr Erwachsene reserviert. \u00dcberm\u00e4\u00dfiger Verzehr kann abf\u00fchrend wirken.<\/p>\n<p>ZUSAMMENSETZUNG<br \/>\nF\u00fcr 4 Gummib\u00e4rchen: S\u00fc\u00dfstoffe (Maltitol, Sorbitol), Wasser, Nopal-Extrakt (Opuntia ficus-indica (L.) Mill.) (500 mg, davon 195 mg Ballaststoffe oder 2000 mg Pflanzen\u00e4quivalent), Geliermittel (Pektin), S\u00e4uerungsmittel (Zitronens\u00e4ure), S\u00e4ureregulator (Trinatriumcitrat), Ascophyllum-Extrakt (Ascophyllum nodosum (L.) Le Jolis) (25 mg oder 100 mg Pflanzen\u00e4quivalent) (Weichtiere, Fische, Krebstiere), Pflanzen\u00f6l (Cocos nucifera L.), F\u00fcllstoff (Maltodextrin), nat\u00fcrliches Aroma, Zinkcitrat, Kola-Extrakt (Cola nitida (Vent.) Schott et Endl.) (10 mg oder 40 mg Pflanzen\u00e4quivalent), Farbstoff (Anthocyane), Trennmittel (Carnaubawachs), Chrompicolinat.<\/p>\n<p>Mineralstoffgehalt pro 4 Gummib\u00e4rchen % NRV*<br \/>\nChrom 40 \u00b5g 100%<br \/>\nZink 5 mg 50%<br \/>\nJod 37,5 \u00b5g 25%<br \/>\n*N\u00e4hrstoffreferenzwerte.<\/p>","protected":false},"excerpt":{"rendered":"<p>Beschreibung von XTRASLIM MAX GUMMIES CAPTEUR X 60 FORTE PHARMA XTRASLIM MAX GUMMIES CAPTEUR X 60 FORTE PHARMA hilft beim Abnehmen und bei der Bindung von Nahrungszucker und -fetten. Diese Form von zuckerfreien Gummib\u00e4rchen mit k\u00f6stlichem Himbeergeschmack ist ein neues Nahrungserg\u00e4nzungsmittel mit einer vollst\u00e4ndigen Formel auf Basis von 5 Wirkstoffen: Zink, Chrom, Nopal, Ascophyllum und [&hellip;]<\/p>\n","protected":false},"featured_media":48900,"template":"","meta":{"_acf_changed":false,"footnotes":""},"product_brand":[],"product_cat":[63,49,1042],"product_tag":[],"class_list":{"0":"post-48899","1":"product","2":"type-product","3":"status-publish","4":"has-post-thumbnail","6":"product_cat-produits-aminicissants","7":"product_cat-minceurs","8":"product_cat-gummies","10":"first","11":"instock","12":"taxable","13":"shipping-taxable","14":"purchasable","15":"product-type-simple"},"acf":[],"_links":{"self":[{"href":"https:\/\/www.pharmacieonline.lu\/de\/wp-json\/wp\/v2\/product\/48899","targetHints":{"allow":["GET"]}}],"collection":[{"href":"https:\/\/www.pharmacieonline.lu\/de\/wp-json\/wp\/v2\/product"}],"about":[{"href":"https:\/\/www.pharmacieonline.lu\/de\/wp-json\/wp\/v2\/types\/product"}],"version-history":[{"count":0,"href":"https:\/\/www.pharmacieonline.lu\/de\/wp-json\/wp\/v2\/product\/48899\/revisions"}],"wp:featuredmedia":[{"embeddable":true,"href":"https:\/\/www.pharmacieonline.lu\/de\/wp-json\/wp\/v2\/media\/48900"}],"wp:attachment":[{"href":"https:\/\/www.pharmacieonline.lu\/de\/wp-json\/wp\/v2\/media?parent=48899"}],"wp:term":[{"taxonomy":"product_brand","embeddable":true,"href":"https:\/\/www.pharmacieonline.lu\/de\/wp-json\/wp\/v2\/product_brand?post=48899"},{"taxonomy":"product_cat","embeddable":true,"href":"https:\/\/www.pharmacieonline.lu\/de\/wp-json\/wp\/v2\/product_cat?post=48899"},{"taxonomy":"product_tag","embeddable":true,"href":"https:\/\/www.pharmacieonline.lu\/de\/wp-json\/wp\/v2\/product_tag?post=48899"}],"curies":[{"name":"wp","href":"https:\/\/api.w.org\/{rel}","templated":true}]}}