{"id":48902,"date":"2025-02-21T15:23:21","date_gmt":"2025-02-21T14:23:21","guid":{"rendered":"https:\/\/www.pharmacieonline.lu\/?post_type=product&#038;p=48902"},"modified":"2026-04-07T21:55:09","modified_gmt":"2026-04-07T19:55:09","slug":"xtra-slim-max-24-gummies-coupe-faim-60go","status":"publish","type":"product","link":"https:\/\/www.pharmacieonline.lu\/de\/produit\/xtra-slim-max-24-gummies-coupe-faim-60go\/","title":{"rendered":"XTRA SLIM MAX 24 GUMMIES COUPE-FAIM 60GO"},"content":{"rendered":"<p>Schlankheitsgummis(2) zur Appetitz\u00fcglerung(1)<\/p>\n<p>Wenn der Hei\u00dfhunger auf Snacks zu gro\u00df ist, greifen Sie zu einer Schlankheitsl\u00f6sung: dem Appetitz\u00fcgler!<\/p>\n<p>XtraSlim Max Appetitz\u00fcgler-Gummib\u00e4rchen mit k\u00f6stlichem Pfirsichgeschmack helfen Ihnen, Ihren Appetit und Ihr Verlangen nach Snacks zu z\u00fcgeln (2) und f\u00f6rdern dank Johannisbrot gleichzeitig Ihre Gewichtsabnahme (1).<\/p>\n<p>Seine Formel wird durch das Duo Chrom + Zink sowie Vitamine f\u00fcr eine umfassende Schlankheitswirkung vervollst\u00e4ndigt.<\/p>\n<p>60 Kaugummis<\/p>\n<p>BESCHREIBUNG UND VORTEILE<\/p>\n<p>XtraSlim Max Appetitz\u00fcgler Gummies ist ein Nahrungserg\u00e4nzungsmittel, das hilft:<\/p>\n<p>1. Reduziert den Appetit und das Verlangen nach Snacks(1)<br \/>\n2. Abnehmen(2) mit Johannisbrot<\/p>\n<p>Seine Formel wird durch Gymnema, Chrom, Zink sowie die Vitamine B6 und B5 vervollst\u00e4ndigt.<\/p>\n<p>Praktisches Gummib\u00e4rchen-Format mit k\u00f6stlichem Pfirsichgeschmack, um Genuss und Schlankheit zu kombinieren! Keine k\u00fcnstlichen Aromen oder Farbstoffe.<\/p>\n<p>(1)Johannisbrot hilft, den Appetit zu reduzieren und Hungergef\u00fchle und Hei\u00dfhunger zu begrenzen.(2)Johannisbrot unterst\u00fctzt Programme zur Gewichtsabnahme.<\/p>","protected":false},"excerpt":{"rendered":"<p>Schlankheitsgummis(2) zur Appetitz\u00fcglerung(1) Wenn der Hei\u00dfhunger auf Snacks zu gro\u00df ist, greifen Sie zu einer Schlankheitsl\u00f6sung: dem Appetitz\u00fcgler! XtraSlim Max Appetitz\u00fcgler-Gummib\u00e4rchen mit k\u00f6stlichem Pfirsichgeschmack helfen Ihnen, Ihren Appetit und Ihr Verlangen nach Snacks zu z\u00fcgeln (2) und f\u00f6rdern dank Johannisbrot gleichzeitig Ihre Gewichtsabnahme (1). Seine Formel wird durch das Duo Chrom + Zink sowie Vitamine [&hellip;]<\/p>\n","protected":false},"featured_media":48903,"template":"","meta":{"_acf_changed":false,"footnotes":""},"product_brand":[],"product_cat":[63,49,1042],"product_tag":[],"class_list":{"0":"post-48902","1":"product","2":"type-product","3":"status-publish","4":"has-post-thumbnail","6":"product_cat-produits-aminicissants","7":"product_cat-minceurs","8":"product_cat-gummies","10":"first","11":"instock","12":"taxable","13":"shipping-taxable","14":"purchasable","15":"product-type-simple"},"acf":[],"_links":{"self":[{"href":"https:\/\/www.pharmacieonline.lu\/de\/wp-json\/wp\/v2\/product\/48902","targetHints":{"allow":["GET"]}}],"collection":[{"href":"https:\/\/www.pharmacieonline.lu\/de\/wp-json\/wp\/v2\/product"}],"about":[{"href":"https:\/\/www.pharmacieonline.lu\/de\/wp-json\/wp\/v2\/types\/product"}],"version-history":[{"count":0,"href":"https:\/\/www.pharmacieonline.lu\/de\/wp-json\/wp\/v2\/product\/48902\/revisions"}],"wp:featuredmedia":[{"embeddable":true,"href":"https:\/\/www.pharmacieonline.lu\/de\/wp-json\/wp\/v2\/media\/48903"}],"wp:attachment":[{"href":"https:\/\/www.pharmacieonline.lu\/de\/wp-json\/wp\/v2\/media?parent=48902"}],"wp:term":[{"taxonomy":"product_brand","embeddable":true,"href":"https:\/\/www.pharmacieonline.lu\/de\/wp-json\/wp\/v2\/product_brand?post=48902"},{"taxonomy":"product_cat","embeddable":true,"href":"https:\/\/www.pharmacieonline.lu\/de\/wp-json\/wp\/v2\/product_cat?post=48902"},{"taxonomy":"product_tag","embeddable":true,"href":"https:\/\/www.pharmacieonline.lu\/de\/wp-json\/wp\/v2\/product_tag?post=48902"}],"curies":[{"name":"wp","href":"https:\/\/api.w.org\/{rel}","templated":true}]}}