{"id":48971,"date":"2025-02-25T16:46:54","date_gmt":"2025-02-25T15:46:54","guid":{"rendered":"https:\/\/www.pharmacieonline.lu\/?post_type=product&#038;p=48971"},"modified":"2026-04-05T15:55:09","modified_gmt":"2026-04-05T13:55:09","slug":"vichy-lift-collagen-spe16-serum-b30ml","status":"publish","type":"product","link":"https:\/\/www.pharmacieonline.lu\/de\/produit\/vichy-lift-collagen-spe16-serum-b30ml\/","title":{"rendered":"VICHY LIFT COLLAGEN SPE16 SERUM B30ML"},"content":{"rendered":"<p>Mit zunehmendem Alter nimmt die Kollagenproduktion ab. Dies beschleunigt die Zeichen der Hautalterung, insbesondere im Augenbereich. Das neue, von den Experten von Vichy entwickelte Liftactiv Collagen 16-Serum hilft dank seiner innovativen und einzigartigen Co-Bonding-Technologie bei der Bek\u00e4mpfung von 16 Zeichen der Hautalterung*: Tr\u00e4nens\u00e4cke, Augenringe, F\u00e4ltchen unter den Augen, Unreinheiten, feine Linien, Festigkeit, schlaffe Haut, Geschmeidigkeit, Hautstruktur, Anzeichen von M\u00fcdigkeit, Tonus, Spannkraft, Ausstrahlung, Elastizit\u00e4t, Feuchtigkeitsversorgung, Gleichm\u00e4\u00dfigkeit.<\/p>\n<p>Die Formel mit Co-Bonding-Technologie st\u00e4rkt die Haut und vereint alle Kollagenfamilien in einer Matrix**: Rhamnose stimuliert die Kollagenproduktion, Peptide st\u00e4rken die Festigkeit und Elastizit\u00e4t der Haut und Maitake hydratisiert die Haut und beugt vorzeitiger Hautalterung vor. Kollagen ist ein Wirkstoff, der die Haut wie Klebstoff verklebt. Das Serum erweckt die Haut wieder zum Leben, indem es die Kollagenproduktion anregt. Die Haut erscheint straffer, glatter und j\u00fcnger. *Ergebnisse aus klinischen, instrumentellen und Verbrauchertests. **In-vitro-Test f\u00fcr Wirkstoffe auf Basis von Kollagen I und III.<\/p>\n<p>Anzeige<\/p>\n<p>Anti-Aging<\/p>\n<p>Verwenden<\/p>\n<p>Morgens und abends einige Tropfen Serum auf die gesamte, saubere und trockene Gesichtshaut auftragen.<\/p>\n<p>Vermeiden Sie die Augenpartie.<\/p>\n<p>Zusammensetzung<\/p>\n<p>AQUA \/ WASSER \/ EAU \u2022 GLYCERIN \u2022 RHAMNOSE \u2022 ALKOHOL DENAT. \u2022 NIACINAMID \u2022 DIMETHICON \u2022 HYDROXYETHYLPIPERAZINETHANSULFONS\u00c4URE \u2022 HYDROLYSIERTES REISPROTEIN \u2022 ADENOSIN \u2022 ZITRONENS\u00c4URE \u2022 GRIFOLA FRONDOSA FRUCHTK\u00d6RPEREXTRAKT \u2022 HYDROXYACETOPHENON \u2022 PALMITOYLTETRAPEPTID-7 \u2022 PALMITOYLTRIPEPTID-1 \u2022 SH-POLYPEPTID-69 \u2022 NATRIUMHYALURONAT \u2022 TETRANATRIUMGLUTAMATDIACETAT \u2022 TRINATRIUMETHYLENDIAMINDISUCCINAT \u2022 KIESELS\u00c4URE \u2022 AMMONIUMPOLYACRYLOYLDIMETHYLTAURAT \u2022 BUTYLENGLYKOL \u2022 CAPRYLYLGLYKOL \u2022 CARBOMER \u2022 MALTODEXTRIN \u2022 PEG-20-METHYLGLUCOSESESQUISTEARAT \u2022 PENTYLENGLYKOL \u2022 POLYSORBAT 20 \u2022 NATRIUMCHLORID \u2022 NATRIUMLACTAT \u2022 NATRIUMPHOSPHAT \u2022 TOCOPHEROL \u2022 XANTHANGUMMI \u2022 PARFUM \/ DUFTSTOFF (F.I.L. N70049443\/2).<\/p>","protected":false},"excerpt":{"rendered":"<p>Mit zunehmendem Alter nimmt die Kollagenproduktion ab. Dies beschleunigt die Zeichen der Hautalterung, insbesondere im Augenbereich. Das neue, von den Experten von Vichy entwickelte Liftactiv Collagen 16-Serum hilft dank seiner innovativen und einzigartigen Co-Bonding-Technologie bei der Bek\u00e4mpfung von 16 Zeichen der Hautalterung*: Tr\u00e4nens\u00e4cke, Augenringe, F\u00e4ltchen unter den Augen, Unreinheiten, feine Linien, Festigkeit, schlaffe Haut, Geschmeidigkeit, [&hellip;]<\/p>\n","protected":false},"featured_media":48973,"template":"","meta":{"_acf_changed":false,"footnotes":""},"product_brand":[],"product_cat":[54],"product_tag":[],"class_list":{"0":"post-48971","1":"product","2":"type-product","3":"status-publish","4":"has-post-thumbnail","6":"product_cat-soins-du-visage","8":"first","9":"instock","10":"taxable","11":"shipping-taxable","12":"purchasable","13":"product-type-simple"},"acf":[],"_links":{"self":[{"href":"https:\/\/www.pharmacieonline.lu\/de\/wp-json\/wp\/v2\/product\/48971","targetHints":{"allow":["GET"]}}],"collection":[{"href":"https:\/\/www.pharmacieonline.lu\/de\/wp-json\/wp\/v2\/product"}],"about":[{"href":"https:\/\/www.pharmacieonline.lu\/de\/wp-json\/wp\/v2\/types\/product"}],"version-history":[{"count":0,"href":"https:\/\/www.pharmacieonline.lu\/de\/wp-json\/wp\/v2\/product\/48971\/revisions"}],"wp:featuredmedia":[{"embeddable":true,"href":"https:\/\/www.pharmacieonline.lu\/de\/wp-json\/wp\/v2\/media\/48973"}],"wp:attachment":[{"href":"https:\/\/www.pharmacieonline.lu\/de\/wp-json\/wp\/v2\/media?parent=48971"}],"wp:term":[{"taxonomy":"product_brand","embeddable":true,"href":"https:\/\/www.pharmacieonline.lu\/de\/wp-json\/wp\/v2\/product_brand?post=48971"},{"taxonomy":"product_cat","embeddable":true,"href":"https:\/\/www.pharmacieonline.lu\/de\/wp-json\/wp\/v2\/product_cat?post=48971"},{"taxonomy":"product_tag","embeddable":true,"href":"https:\/\/www.pharmacieonline.lu\/de\/wp-json\/wp\/v2\/product_tag?post=48971"}],"curies":[{"name":"wp","href":"https:\/\/api.w.org\/{rel}","templated":true}]}}