{"id":48976,"date":"2025-02-25T17:02:55","date_gmt":"2025-02-25T16:02:55","guid":{"rendered":"https:\/\/www.pharmacieonline.lu\/?post_type=product&#038;p=48976"},"modified":"2026-04-15T22:25:13","modified_gmt":"2026-04-15T20:25:13","slug":"filorga-time-filler-5xp-serum-30ml","status":"publish","type":"product","link":"https:\/\/www.pharmacieonline.lu\/de\/produit\/filorga-time-filler-5xp-serum-30ml\/","title":{"rendered":"FILORGA TIME FILLER 5XP SERUM 30ML"},"content":{"rendered":"<p>Time-Filler Intensive 5XP ist ein Anti-Aging-Serum, das f\u00fcnf Arten von Falten und feinen Linien gl\u00e4ttet. Die Formel enth\u00e4lt den 5XP-Komplex von FILORGA, der von \u00e4sthetischen Behandlungen inspiriert ist. Seine entspannende Wirkung f\u00f6rdert die sofortige und langanhaltende Korrektur von Ausdruckslinien, tiefen F\u00e4ltchen, Trockenheitsf\u00e4ltchen und Halsfalten. Die seidige Textur gleitet leicht \u00fcber die Haut und sorgt f\u00fcr ein erfrischendes Gef\u00fchl. Klinische Studien haben einen sofortigen Gl\u00e4ttungseffekt gezeigt und dass die Haut bereits nach der ersten Anwendung glatter aussieht. Nach 7 Tagen der Anwendung hatten 94 % glattere Gesichtsz\u00fcge und nach 28 Tagen hatten 82 % weniger sichtbare F\u00e4ltchen.*<br \/>\n\u2022 Gl\u00e4ttet f\u00fcnf Arten von F\u00e4ltchen und feinen Linien<br \/>\n\u2022 Bietet sowohl sofortige als auch langanhaltende Ergebnisse<br \/>\n\u2022 F\u00fcr alle Hauttypen geeignet<br \/>\nWirkstoffe in Time-Filler Intensive 5XP:<br \/>\nDer 5XP-Komplex enth\u00e4lt ein Neuropeptid (4 %), das die Wirkung von Botulinumtoxin nachahmt, das Muskelkontraktionen blockiert und so einen starken Anti-Aging-Effekt erzielt. Hyalurons\u00e4ure spendet der Haut Feuchtigkeit, w\u00e4hrend eine Mischung aus sofort gl\u00e4ttenden Inhaltsstoffen hilft, die Hautstruktur und das Erscheinungsbild zu verbessern.<br \/>\n*Klinische Studie \u2013 30 Probanden \u2013 nach 1, 7 und 28 Tagen, als Time-Filler Intensive 5XP zweimal t\u00e4glich auf Gesicht und Hals aufgetragen wurde.<\/p>","protected":false},"excerpt":{"rendered":"<p>Time-Filler Intensive 5XP ist ein Anti-Aging-Serum, das f\u00fcnf Arten von Falten und feinen Linien gl\u00e4ttet. Die Formel enth\u00e4lt den 5XP-Komplex von FILORGA, der von \u00e4sthetischen Behandlungen inspiriert ist. Seine entspannende Wirkung f\u00f6rdert die sofortige und langanhaltende Korrektur von Ausdruckslinien, tiefen F\u00e4ltchen, Trockenheitsf\u00e4ltchen und Halsfalten. Die seidige Textur gleitet leicht \u00fcber die Haut und sorgt f\u00fcr [&hellip;]<\/p>\n","protected":false},"featured_media":48980,"template":"","meta":{"_acf_changed":false,"footnotes":""},"product_brand":[],"product_cat":[47,54],"product_tag":[],"class_list":{"0":"post-48976","1":"product","2":"type-product","3":"status-publish","4":"has-post-thumbnail","6":"product_cat-dermocosmetique","7":"product_cat-soins-du-visage","9":"first","10":"outofstock","11":"taxable","12":"shipping-taxable","13":"purchasable","14":"product-type-simple"},"acf":[],"_links":{"self":[{"href":"https:\/\/www.pharmacieonline.lu\/de\/wp-json\/wp\/v2\/product\/48976","targetHints":{"allow":["GET"]}}],"collection":[{"href":"https:\/\/www.pharmacieonline.lu\/de\/wp-json\/wp\/v2\/product"}],"about":[{"href":"https:\/\/www.pharmacieonline.lu\/de\/wp-json\/wp\/v2\/types\/product"}],"version-history":[{"count":0,"href":"https:\/\/www.pharmacieonline.lu\/de\/wp-json\/wp\/v2\/product\/48976\/revisions"}],"wp:featuredmedia":[{"embeddable":true,"href":"https:\/\/www.pharmacieonline.lu\/de\/wp-json\/wp\/v2\/media\/48980"}],"wp:attachment":[{"href":"https:\/\/www.pharmacieonline.lu\/de\/wp-json\/wp\/v2\/media?parent=48976"}],"wp:term":[{"taxonomy":"product_brand","embeddable":true,"href":"https:\/\/www.pharmacieonline.lu\/de\/wp-json\/wp\/v2\/product_brand?post=48976"},{"taxonomy":"product_cat","embeddable":true,"href":"https:\/\/www.pharmacieonline.lu\/de\/wp-json\/wp\/v2\/product_cat?post=48976"},{"taxonomy":"product_tag","embeddable":true,"href":"https:\/\/www.pharmacieonline.lu\/de\/wp-json\/wp\/v2\/product_tag?post=48976"}],"curies":[{"name":"wp","href":"https:\/\/api.w.org\/{rel}","templated":true}]}}