{"id":48981,"date":"2025-02-25T17:16:51","date_gmt":"2025-02-25T16:16:51","guid":{"rendered":"https:\/\/www.pharmacieonline.lu\/?post_type=product&#038;p=48981"},"modified":"2026-04-10T15:55:10","modified_gmt":"2026-04-10T13:55:10","slug":"turbodraine-menthe-citron-lot-de-2","status":"publish","type":"product","link":"https:\/\/www.pharmacieonline.lu\/de\/produit\/turbodraine-menthe-citron-lot-de-2\/","title":{"rendered":"TURBODRAINE MENTHE\/CITRON LOT DE 2"},"content":{"rendered":"<p>TurboDraine ist ein Schlankheitsgetr\u00e4nk, das drei sich erg\u00e4nzende Wirkungen kombiniert: 1. Den K\u00f6rper entleeren und reinigen 2. Kalorien verbrennen 3. Den K\u00f6rper remineralisieren<\/p>\n<p>Um die Freuden zu variieren, haben Sie die Wahl zwischen zwei k\u00f6stlichen Geschmacksrichtungen: dem traditionellen Geschmack von gr\u00fcnem Tee und Pfirsich und dem neuen Geschmack von roten Fr\u00fcchten.<\/p>\n<p>Eine Formel, die verschiedene Extrakte pflanzlichen Ursprungs f\u00fcr eine vollst\u00e4ndige Wirkung kombiniert:<\/p>\n<p>\u2022 Cherry Tail, Meadowsweet, Hibiscus und CactineaTM f\u00f6rdern dank ihrer nat\u00fcrlichen Drainageeigenschaften die Ausscheidung. \u2022 Gr\u00fcner Tee hilft bei der Kalorienverbrennung. \u2022 Das Trio Aosa Algae, Ginseng und Guava liefert die Ionen und die notwendigen Mineralien<\/p>\n<p>Indikation<br \/>\nTurboDraine ist ein Schlankheitsgetr\u00e4nk, das drei sich erg\u00e4nzende Ma\u00dfnahmen kombiniert: Entleeren und Reinigen des K\u00f6rpers, Verbrennen von Kalorien und Remineralisierung des K\u00f6rpers.<\/p>\n<p>Anwendung<br \/>\nVor Gebrauch sch\u00fctteln. Verd\u00fcnnen Sie einen 10-ml-Stopfen 5-mal t\u00e4glich in einem 200-ml-Glas Wasser. Nach dem \u00d6ffnen an einem k\u00fchlen Ort aufbewahren und innerhalb von 15 Tagen verbrauchen.<\/p>\n<p>Komposition<br \/>\nZutaten (Pflanzen\u00e4quivalenz in mg pro Tagesdosis): gereinigtes Wasser, gr\u00fcner Tee (Camellia sinensis (L.) Kuntze) (3917), M\u00e4des\u00fc\u00df (Spiraea ulmaria L.) (2000), CactineaTM [Feigenkaktusfrucht (Opuntia ficus indica) (1000), Gummi arabicum], S\u00e4uerungsmittel (Zitronens\u00e4ure), Hibiskus (Hibiscus sabdariffa L.) (600), Kirschschwanz (Prunus cerasus) (300), Aromen (Pfirsich, gr\u00fcner Tee), Konservierungsmittel (Kaliumsorbat, Natriumbenzoat ), Phytotrio [Mischung aus Guave (Psidium guajava L.) (95), Aosa (Ulva lactuca) (2), Ginseng (Panax Ginseng CA Meyer) (2), Maltodextrin], Verdickungsmittel (Carboxymethylcellulose), S\u00fc\u00dfungsmitteln (Aspartam, Acesulfam) Kalium, Sucralose), Geschmacksverst\u00e4rker (Kaliumchlorid), Emulgator (Mono- und Diglyceride von Fetts\u00e4uren).<\/p>","protected":false},"excerpt":{"rendered":"<p>TurboDraine ist ein Schlankheitsgetr\u00e4nk, das drei sich erg\u00e4nzende Wirkungen kombiniert: 1. Den K\u00f6rper entleeren und reinigen 2. Kalorien verbrennen 3. Den K\u00f6rper remineralisieren Um die Freuden zu variieren, haben Sie die Wahl zwischen zwei k\u00f6stlichen Geschmacksrichtungen: dem traditionellen Geschmack von gr\u00fcnem Tee und Pfirsich und dem neuen Geschmack von roten Fr\u00fcchten. Eine Formel, die verschiedene [&hellip;]<\/p>\n","protected":false},"featured_media":48982,"template":"","meta":{"_acf_changed":false,"footnotes":""},"product_brand":[],"product_cat":[63],"product_tag":[],"class_list":{"0":"post-48981","1":"product","2":"type-product","3":"status-publish","4":"has-post-thumbnail","6":"product_cat-produits-aminicissants","8":"first","9":"instock","10":"taxable","11":"shipping-taxable","12":"purchasable","13":"product-type-simple"},"acf":[],"_links":{"self":[{"href":"https:\/\/www.pharmacieonline.lu\/de\/wp-json\/wp\/v2\/product\/48981","targetHints":{"allow":["GET"]}}],"collection":[{"href":"https:\/\/www.pharmacieonline.lu\/de\/wp-json\/wp\/v2\/product"}],"about":[{"href":"https:\/\/www.pharmacieonline.lu\/de\/wp-json\/wp\/v2\/types\/product"}],"version-history":[{"count":0,"href":"https:\/\/www.pharmacieonline.lu\/de\/wp-json\/wp\/v2\/product\/48981\/revisions"}],"wp:featuredmedia":[{"embeddable":true,"href":"https:\/\/www.pharmacieonline.lu\/de\/wp-json\/wp\/v2\/media\/48982"}],"wp:attachment":[{"href":"https:\/\/www.pharmacieonline.lu\/de\/wp-json\/wp\/v2\/media?parent=48981"}],"wp:term":[{"taxonomy":"product_brand","embeddable":true,"href":"https:\/\/www.pharmacieonline.lu\/de\/wp-json\/wp\/v2\/product_brand?post=48981"},{"taxonomy":"product_cat","embeddable":true,"href":"https:\/\/www.pharmacieonline.lu\/de\/wp-json\/wp\/v2\/product_cat?post=48981"},{"taxonomy":"product_tag","embeddable":true,"href":"https:\/\/www.pharmacieonline.lu\/de\/wp-json\/wp\/v2\/product_tag?post=48981"}],"curies":[{"name":"wp","href":"https:\/\/api.w.org\/{rel}","templated":true}]}}