{"id":49157,"date":"2025-03-10T16:25:38","date_gmt":"2025-03-10T15:25:38","guid":{"rendered":"https:\/\/www.pharmacieonline.lu\/?post_type=product&#038;p=49157"},"modified":"2026-04-09T03:55:17","modified_gmt":"2026-04-09T01:55:17","slug":"caudalie-premier-cru-le-serum-30ml","status":"publish","type":"product","link":"https:\/\/www.pharmacieonline.lu\/de\/produit\/caudalie-premier-cru-le-serum-30ml\/","title":{"rendered":"CAUDALIE PREMIER CRU LE SERUM 30ML"},"content":{"rendered":"<p>Neue Langlebigkeitsformel f\u00fcr l\u00e4nger j\u00fcngere Haut.<br \/>\nAngereichert mit unserem Langlebigkeitspatent und einem nat\u00fcrlichen aufpolsternden F\u00fcllstoff reaktiviert Le S\u00e9rum Premier Cru die Jugendmechanismen der Haut und steigert die Zellleistung. Seine hohe Konzentration an Hyalurons\u00e4ure spendet der Haut sofortige und intensive Feuchtigkeit. Angereichert mit straffenden Zuckern mit sichtbarer Wirkung ab 3 Minuten bis zu 6 Stunden, enth\u00e4lt es au\u00dferdem Niacinamid zur Verbesserung der Hautstruktur.<br \/>\nRecycelbare Glasflasche*<br \/>\n*Ausgenommen Pumpen und Bez\u00fcge aus mehreren Materialien, die dank der Terracycle-Partnerschaft nur in den Caudalie SPA-Boutiquen recycelbar sind.<\/p>\n<p>Verwenden<br \/>\nTragen Sie Le S\u00e9rum Premier Cru morgens und abends vor Ihrer Creme auf Gesicht, Hals und Dekollet\u00e9 auf.<br \/>\nZusammensetzung<\/p>\n<p>AQUA\/WASSER\/EAU, GLYCERIN, PROPANDIOL, NIACINAMID, PALMITOYL-WEINREBEN-SPROSSELEXTRAKT, PALMITOYL-TRAUBENKERNEXTRAKT, CAPRYLIC\/CAPRIC TRIGLYCERID, CAPRYLYL GLYKOL, GLYCERYL CAPRYLAT\/CAPRAT, NATRIUMHYALURONAT, CARBOMER, POLYACRYLAT-KREUZPOLYMER-6, HYDROXYETHYLACRYLAT\/NATRIUMACRYLOYLDIMETHYLTAURATE-COPOLYMER, HELIANTHUS ANNUUS (SONNENBLUMEN)-SAMEN\u00d6L, TOCOPHEROL, HYDROLYSIERTE HYALURONS\u00c4URE, MAGNOLIA OFFICINALIS-RINDENEXTRAKT, PAEONIA LACTIFLORA-WURZELEXTRAKT, ADENOSIN, NATRIUMHYDROXID, NATRIUMPHYTAT, GLEDITSIA TRIACANTHOS-SAMENEXTRAKT, SORBITAN-ISOSTEARAT, ANIBA-ROSODORA-HOLZEXTRAKT, PARFUM (DUFTSTOFF), GERANIOL, LINALOOL, CITRONELLOL. (319\/015)<\/p>","protected":false},"excerpt":{"rendered":"<p>Neue Langlebigkeitsformel f\u00fcr l\u00e4nger j\u00fcngere Haut. Angereichert mit unserem Langlebigkeitspatent und einem nat\u00fcrlichen aufpolsternden F\u00fcllstoff reaktiviert Le S\u00e9rum Premier Cru die Jugendmechanismen der Haut und steigert die Zellleistung. Seine hohe Konzentration an Hyalurons\u00e4ure spendet der Haut sofortige und intensive Feuchtigkeit. Angereichert mit straffenden Zuckern mit sichtbarer Wirkung ab 3 Minuten bis zu 6 Stunden, enth\u00e4lt [&hellip;]<\/p>\n","protected":false},"featured_media":49159,"template":"","meta":{"_acf_changed":false,"footnotes":""},"product_brand":[],"product_cat":[54],"product_tag":[],"class_list":{"0":"post-49157","1":"product","2":"type-product","3":"status-publish","4":"has-post-thumbnail","6":"product_cat-soins-du-visage","8":"first","9":"instock","10":"taxable","11":"shipping-taxable","12":"purchasable","13":"product-type-simple"},"acf":[],"_links":{"self":[{"href":"https:\/\/www.pharmacieonline.lu\/de\/wp-json\/wp\/v2\/product\/49157","targetHints":{"allow":["GET"]}}],"collection":[{"href":"https:\/\/www.pharmacieonline.lu\/de\/wp-json\/wp\/v2\/product"}],"about":[{"href":"https:\/\/www.pharmacieonline.lu\/de\/wp-json\/wp\/v2\/types\/product"}],"version-history":[{"count":0,"href":"https:\/\/www.pharmacieonline.lu\/de\/wp-json\/wp\/v2\/product\/49157\/revisions"}],"wp:featuredmedia":[{"embeddable":true,"href":"https:\/\/www.pharmacieonline.lu\/de\/wp-json\/wp\/v2\/media\/49159"}],"wp:attachment":[{"href":"https:\/\/www.pharmacieonline.lu\/de\/wp-json\/wp\/v2\/media?parent=49157"}],"wp:term":[{"taxonomy":"product_brand","embeddable":true,"href":"https:\/\/www.pharmacieonline.lu\/de\/wp-json\/wp\/v2\/product_brand?post=49157"},{"taxonomy":"product_cat","embeddable":true,"href":"https:\/\/www.pharmacieonline.lu\/de\/wp-json\/wp\/v2\/product_cat?post=49157"},{"taxonomy":"product_tag","embeddable":true,"href":"https:\/\/www.pharmacieonline.lu\/de\/wp-json\/wp\/v2\/product_tag?post=49157"}],"curies":[{"name":"wp","href":"https:\/\/api.w.org\/{rel}","templated":true}]}}