{"id":49162,"date":"2025-03-10T16:28:05","date_gmt":"2025-03-10T15:28:05","guid":{"rendered":"https:\/\/www.pharmacieonline.lu\/?post_type=product&#038;p=49162"},"modified":"2026-04-09T03:55:16","modified_gmt":"2026-04-09T01:55:16","slug":"caudalie-premier-cru-la-creme-yeux-15ml","status":"publish","type":"product","link":"https:\/\/www.pharmacieonline.lu\/de\/produit\/caudalie-premier-cru-la-creme-yeux-15ml\/","title":{"rendered":"CAUDALIE PREMIER CRU LA CREME YEUX 15ML"},"content":{"rendered":"<p>Neue Langlebigkeitsformel f\u00fcr l\u00e4nger j\u00fcngere Haut.<br \/>\nAngereichert mit unserem Langlebigkeitspatent und einem nat\u00fcrlichen aufpolsternden F\u00fcllstoff l\u00e4sst die Premier Cru Augencreme die Augen erstrahlen und \u00f6ffnet sie. Seine Formel korrigiert alle Arten von F\u00e4ltchen im Augen- und Lippenbereich und seine abschwellende Wirkung reduziert Augenringe und Schwellungen f\u00fcr ein sichtbar j\u00fcngeres Aussehen.<\/p>\n<p>Zusammensetzung<\/p>\n<p>AQUA\/WASSER\/EAU, GLIMMER, COCO-CAPRYLAT\/CAPRAT, ETHYLHEXYLSTEARAT, GLYCERIN, BUTYLENGLYKOL, BIS-BEHENYL\/ISOSTEARYL\/PHYTOSTERYL DIMER DILINOLEYL DIMER DILINOLEAT, ZEA MAYS (MAIS) ST\u00c4RKE, PENTYLENGLYKOL, PROPANDIOL, CETEARYLALKOHOL, CETEARYLGLUCOSID, PERSEA GRATISSIMA (AVOCADO) \u00d6L, HYDRIERTE OLIVEN\u00d6L-STEARYLESTER, PALMITOYL-WEINREBEN-SPROSSELEXTRAKT, PALMITOYL-TRAUBENKERNEXTRAKT, CAPRYLIC\/CAPRIC TRIGLYCERID, \u00d6LS\u00c4URE, HYDRIERTES AVOCADO\u00d6L, KALIUMCETYLPHOSPHAT, TOCOPHERYLACETAT, CARBOMER, CI 77891 (TITANDIOXID), TERMINALIA ARJUNA-EXTRAKT, XANTHANGUMMI, HELIANTHUS ANNUUS (SONNENBLUMEN)-SAMEN\u00d6L, NATRIUMDEHYDROACETAT, CI 77491 (EISENOXIDE), HYDROLYSIERTE HYALURONS\u00c4URE, MAGNOLIA OFFICINALIS-RINDENEXTRAKT, TOCOPHEROL, ADENOSIN, LECITHIN, NATRIUMPHYTAT, GLEDITSIA TRIACANTHOS-SAMENEXTRAKT, CAPRYLYLGLYKOL, ANIBA ROSODORA-HOLZEXTRAKT. (317\/017)<\/p>\n<p>Tragen Sie die Premier Cru Augencreme morgens und abends mit der Massagespitze auf die Augen- und Lippenpartie auf.<br \/>\nF\u00fcr eine sofortige abschwellende und versch\u00f6nernde Wirkung verwenden Sie die Spitze morgens wie einen Pinsel: Tragen Sie die Creme unterhalb der Augenkontur auf, streichen Sie sie nach au\u00dfen glatt und beenden Sie die Anwendung mit leichten Klopfbewegungen.<br \/>\nF\u00fcr einen Lifting-Effekt die Creme abends auf die gesamte Augenkontur auftragen und mit der Metallspitze von au\u00dfen nach innen einmassieren.<\/p>","protected":false},"excerpt":{"rendered":"<p>Neue Langlebigkeitsformel f\u00fcr l\u00e4nger j\u00fcngere Haut. Angereichert mit unserem Langlebigkeitspatent und einem nat\u00fcrlichen aufpolsternden F\u00fcllstoff l\u00e4sst die Premier Cru Augencreme die Augen erstrahlen und \u00f6ffnet sie. Seine Formel korrigiert alle Arten von F\u00e4ltchen im Augen- und Lippenbereich und seine abschwellende Wirkung reduziert Augenringe und Schwellungen f\u00fcr ein sichtbar j\u00fcngeres Aussehen. Zusammensetzung AQUA\/WASSER\/EAU, GLIMMER, COCO-CAPRYLAT\/CAPRAT, ETHYLHEXYLSTEARAT, [&hellip;]<\/p>\n","protected":false},"featured_media":49164,"template":"","meta":{"_acf_changed":false,"footnotes":""},"product_brand":[],"product_cat":[54],"product_tag":[],"class_list":{"0":"post-49162","1":"product","2":"type-product","3":"status-publish","4":"has-post-thumbnail","6":"product_cat-soins-du-visage","8":"first","9":"instock","10":"taxable","11":"shipping-taxable","12":"purchasable","13":"product-type-simple"},"acf":[],"_links":{"self":[{"href":"https:\/\/www.pharmacieonline.lu\/de\/wp-json\/wp\/v2\/product\/49162","targetHints":{"allow":["GET"]}}],"collection":[{"href":"https:\/\/www.pharmacieonline.lu\/de\/wp-json\/wp\/v2\/product"}],"about":[{"href":"https:\/\/www.pharmacieonline.lu\/de\/wp-json\/wp\/v2\/types\/product"}],"version-history":[{"count":0,"href":"https:\/\/www.pharmacieonline.lu\/de\/wp-json\/wp\/v2\/product\/49162\/revisions"}],"wp:featuredmedia":[{"embeddable":true,"href":"https:\/\/www.pharmacieonline.lu\/de\/wp-json\/wp\/v2\/media\/49164"}],"wp:attachment":[{"href":"https:\/\/www.pharmacieonline.lu\/de\/wp-json\/wp\/v2\/media?parent=49162"}],"wp:term":[{"taxonomy":"product_brand","embeddable":true,"href":"https:\/\/www.pharmacieonline.lu\/de\/wp-json\/wp\/v2\/product_brand?post=49162"},{"taxonomy":"product_cat","embeddable":true,"href":"https:\/\/www.pharmacieonline.lu\/de\/wp-json\/wp\/v2\/product_cat?post=49162"},{"taxonomy":"product_tag","embeddable":true,"href":"https:\/\/www.pharmacieonline.lu\/de\/wp-json\/wp\/v2\/product_tag?post=49162"}],"curies":[{"name":"wp","href":"https:\/\/api.w.org\/{rel}","templated":true}]}}