{"id":49167,"date":"2025-03-10T16:30:22","date_gmt":"2025-03-10T15:30:22","guid":{"rendered":"https:\/\/www.pharmacieonline.lu\/?post_type=product&#038;p=49167"},"modified":"2026-04-09T03:55:16","modified_gmt":"2026-04-09T01:55:16","slug":"caudalie-rechar-premier-cru-creme-50ml","status":"publish","type":"product","link":"https:\/\/www.pharmacieonline.lu\/de\/produit\/caudalie-rechar-premier-cru-creme-50ml\/","title":{"rendered":"CAUDALIE RECHAR PREMIER CRU CREME 50ML"},"content":{"rendered":"<p>Premier Cru-Nachf\u00fcllungen sind nur mit neuen Premier Cru-Cremes kompatibel.<br \/>\nDie Nachf\u00fcllpackungen sind nicht verschlie\u00dfbar und k\u00f6nnen nicht alleine verwendet werden: Sie sind ausschlie\u00dflich f\u00fcr die Verwendung mit dem nachf\u00fcllbaren Tiegel vorgesehen.<\/p>\n<p>Caudalie hat es sich zur Aufgabe gemacht, Sch\u00f6nheit und \u00f6kologische Verantwortung zu verbinden. Mit den Kapseln k\u00f6nnen Sie Ihre Kanne La Cr\u00e8me Premier Cru ganz einfach nachf\u00fcllen.<\/p>\n<p>La Cr\u00e8me Premier Cru ist eine au\u00dfergew\u00f6hnliche Anti-Aging-Behandlung mit der patentierten TET8\u2122-Technologie, die die 8 Zeichen der Hautalterung kompromisslos korrigiert: bestehende F\u00e4ltchen, feine Linien, Festigkeit, Volumen, Elastizit\u00e4t, Flecken, Feuchtigkeitsversorgung, Ausstrahlung.<br \/>\nVerwenden<\/p>\n<p>Tragen Sie Premier Cru Cream morgens und abends allein oder nach Ihrem Serum auf Gesicht und Hals auf.<br \/>\nPremier Cru Cream ist nachf\u00fcllbar: Wenn Sie aufgebraucht sind, denken Sie daran, Ihren Tiegel aufzubewahren und nur die leere Nachf\u00fcllung wegzuwerfen.<\/p>\n<p>Zusammensetzung<\/p>\n<p>AQUA\/WASSER\/EAU, GLYCERIN, BUTYLENGLYKOL, CAPRYLIC\/CAPRIC TRIGLYCERID, HYDRIERTES ETHYLHEXYLOLIVAT, CETEARYLALKOHOL, CETEARYLGLUCOSID, COCO-CAPRYLAT\/CAPRAT, HYDRIERTES UNVERSEIFBARES OLIVEN\u00d6L, SESAMUM INDICUM (SESAM) SAMEN\u00d6L, VITIS VINIFERA (TRAUBEN) SAMEN\u00d6L, BUTYROSPERMUM PARKII (SHEA) BUTTEREXTRAKT, PROPANDIOL, PALMITOYL-TRAUBENKERNEXTRAKT, PALMITOYL-TRAUBENKERNEXTRAKT, PENTAERYTHRITYL-DISTEARAT, KALIUM-CETYLPHOSPHAT, CARBOMER, CAPRYLYLGLYKOL, XANTHANGUMMI, HYDROLYSIERTE HYALURONS\u00c4URE, MAGNOLIA OFFICINALIS-RINDENEXTRAKT, KALIUMSORBAT, TOCOPHEROL, HELIANTHUS ANNUUS (SONNENBLUMEN)-SAMEN\u00d6L, ADENOSIN, NATRIUMHYDROXID, NATRIUMPHYTAT, GLEDITSIA TRIACANTHOS-SAMENEXTRAKT, PAEONIA LACTIFLORA-WURZELEXTRAKT, PARFUM (DUFTSTOFF), GERANIOL, LINALOOL, CITRONELLOL. (316\/008)<\/p>","protected":false},"excerpt":{"rendered":"<p>Premier Cru-Nachf\u00fcllungen sind nur mit neuen Premier Cru-Cremes kompatibel. Die Nachf\u00fcllpackungen sind nicht verschlie\u00dfbar und k\u00f6nnen nicht alleine verwendet werden: Sie sind ausschlie\u00dflich f\u00fcr die Verwendung mit dem nachf\u00fcllbaren Tiegel vorgesehen. Caudalie hat es sich zur Aufgabe gemacht, Sch\u00f6nheit und \u00f6kologische Verantwortung zu verbinden. Mit den Kapseln k\u00f6nnen Sie Ihre Kanne La Cr\u00e8me Premier Cru [&hellip;]<\/p>\n","protected":false},"featured_media":49169,"template":"","meta":{"_acf_changed":false,"footnotes":""},"product_brand":[],"product_cat":[54],"product_tag":[],"class_list":{"0":"post-49167","1":"product","2":"type-product","3":"status-publish","4":"has-post-thumbnail","6":"product_cat-soins-du-visage","8":"first","9":"instock","10":"taxable","11":"shipping-taxable","12":"purchasable","13":"product-type-simple"},"acf":[],"_links":{"self":[{"href":"https:\/\/www.pharmacieonline.lu\/de\/wp-json\/wp\/v2\/product\/49167","targetHints":{"allow":["GET"]}}],"collection":[{"href":"https:\/\/www.pharmacieonline.lu\/de\/wp-json\/wp\/v2\/product"}],"about":[{"href":"https:\/\/www.pharmacieonline.lu\/de\/wp-json\/wp\/v2\/types\/product"}],"version-history":[{"count":0,"href":"https:\/\/www.pharmacieonline.lu\/de\/wp-json\/wp\/v2\/product\/49167\/revisions"}],"wp:featuredmedia":[{"embeddable":true,"href":"https:\/\/www.pharmacieonline.lu\/de\/wp-json\/wp\/v2\/media\/49169"}],"wp:attachment":[{"href":"https:\/\/www.pharmacieonline.lu\/de\/wp-json\/wp\/v2\/media?parent=49167"}],"wp:term":[{"taxonomy":"product_brand","embeddable":true,"href":"https:\/\/www.pharmacieonline.lu\/de\/wp-json\/wp\/v2\/product_brand?post=49167"},{"taxonomy":"product_cat","embeddable":true,"href":"https:\/\/www.pharmacieonline.lu\/de\/wp-json\/wp\/v2\/product_cat?post=49167"},{"taxonomy":"product_tag","embeddable":true,"href":"https:\/\/www.pharmacieonline.lu\/de\/wp-json\/wp\/v2\/product_tag?post=49167"}],"curies":[{"name":"wp","href":"https:\/\/api.w.org\/{rel}","templated":true}]}}