{"id":49177,"date":"2025-03-10T16:50:08","date_gmt":"2025-03-10T15:50:08","guid":{"rendered":"https:\/\/www.pharmacieonline.lu\/?post_type=product&#038;p=49177"},"modified":"2026-04-09T03:55:16","modified_gmt":"2026-04-09T01:55:16","slug":"caudalie-premier-cru-la-creme-50ml","status":"publish","type":"product","link":"https:\/\/www.pharmacieonline.lu\/de\/produit\/caudalie-premier-cru-la-creme-50ml\/","title":{"rendered":"CAUDALIE PREMIER CRU LA CREME 50ML"},"content":{"rendered":"<p>La Cr\u00e8me Premier Cru ist eine au\u00dfergew\u00f6hnliche Anti-Aging-Behandlung mit der patentierten TET8\u2122-Technologie, die die 8 Zeichen der Hautalterung kompromisslos korrigiert: bestehende F\u00e4ltchen, feine Linien, Festigkeit, Volumen, Elastizit\u00e4t, Flecken, Feuchtigkeitsversorgung, Ausstrahlung.<\/p>\n<p>Verwenden<\/p>\n<p>Tragen Sie Premier Cru Cream morgens und abends allein oder nach Ihrem Serum auf Gesicht und Hals auf.<br \/>\nPremier Cru Cream ist nachf\u00fcllbar: Wenn Sie aufgebraucht sind, denken Sie daran, Ihren Tiegel aufzubewahren und nur die leere Nachf\u00fcllung wegzuwerfen.<\/p>\n<p>Zusammensetzung<\/p>\n<p>AQUA\/WASSER\/EAU, GLYCERIN, BUTYLENGLYKOL, CAPRYLIC\/CAPRIC TRIGLYCERID, HYDRIERTES ETHYLHEXYLOLIVAT, CETEARYLALKOHOL, CETEARYLGLUCOSID, COCO-CAPRYLAT\/CAPRAT, HYDRIERTES, UNVERSEIFBARES OLIVEN\u00d6L, SESAMUM INDICUM (SESAM) SAMEN\u00d6L, VITIS VINIFERA (TRAUBEN) SAMEN\u00d6L, BUTYROSPERMUM PARKII (SHEA) BUTTEREXTRAKT, PROPANDIOL, PALMITOYL-TRAUBENKERNEXTRAKT, PALMITOYL-TRAUBENKERNEXTRAKT, PENTAERYTHRITYL-DISTEARAT, KALIUM-CETYLPHOSPHAT, CARBOMER, CAPRYLYLGLYKOL, XANTHANGUMMI, HYDROLYSIERTE HYALURONS\u00c4URE, MAGNOLIA OFFICINALIS-RINDENEXTRAKT, KALIUMSORBAT, TOCOPHEROL, HELIANTHUS ANNUUS (SONNENBLUMEN)-SAMEN\u00d6L, ADENOSIN, NATRIUMHYDROXID, NATRIUMPHYTAT, GLEDITSIA TRIACANTHOS-SAMENEXTRAKT, PAEONIA LACTIFLORA-WURZELEXTRAKT, PARFUM (DUFTSTOFF), GERANIOL, LINALOOL, CITRONELLOL. (316\/008)<\/p>","protected":false},"excerpt":{"rendered":"<p>La Cr\u00e8me Premier Cru ist eine au\u00dfergew\u00f6hnliche Anti-Aging-Behandlung mit der patentierten TET8\u2122-Technologie, die die 8 Zeichen der Hautalterung kompromisslos korrigiert: bestehende F\u00e4ltchen, feine Linien, Festigkeit, Volumen, Elastizit\u00e4t, Flecken, Feuchtigkeitsversorgung, Ausstrahlung. Verwenden Tragen Sie Premier Cru Cream morgens und abends allein oder nach Ihrem Serum auf Gesicht und Hals auf. Premier Cru Cream ist nachf\u00fcllbar: Wenn [&hellip;]<\/p>\n","protected":false},"featured_media":49179,"template":"","meta":{"_acf_changed":false,"footnotes":""},"product_brand":[],"product_cat":[54],"product_tag":[],"class_list":{"0":"post-49177","1":"product","2":"type-product","3":"status-publish","4":"has-post-thumbnail","6":"product_cat-soins-du-visage","8":"first","9":"instock","10":"taxable","11":"shipping-taxable","12":"purchasable","13":"product-type-simple"},"acf":[],"_links":{"self":[{"href":"https:\/\/www.pharmacieonline.lu\/de\/wp-json\/wp\/v2\/product\/49177","targetHints":{"allow":["GET"]}}],"collection":[{"href":"https:\/\/www.pharmacieonline.lu\/de\/wp-json\/wp\/v2\/product"}],"about":[{"href":"https:\/\/www.pharmacieonline.lu\/de\/wp-json\/wp\/v2\/types\/product"}],"version-history":[{"count":0,"href":"https:\/\/www.pharmacieonline.lu\/de\/wp-json\/wp\/v2\/product\/49177\/revisions"}],"wp:featuredmedia":[{"embeddable":true,"href":"https:\/\/www.pharmacieonline.lu\/de\/wp-json\/wp\/v2\/media\/49179"}],"wp:attachment":[{"href":"https:\/\/www.pharmacieonline.lu\/de\/wp-json\/wp\/v2\/media?parent=49177"}],"wp:term":[{"taxonomy":"product_brand","embeddable":true,"href":"https:\/\/www.pharmacieonline.lu\/de\/wp-json\/wp\/v2\/product_brand?post=49177"},{"taxonomy":"product_cat","embeddable":true,"href":"https:\/\/www.pharmacieonline.lu\/de\/wp-json\/wp\/v2\/product_cat?post=49177"},{"taxonomy":"product_tag","embeddable":true,"href":"https:\/\/www.pharmacieonline.lu\/de\/wp-json\/wp\/v2\/product_tag?post=49177"}],"curies":[{"name":"wp","href":"https:\/\/api.w.org\/{rel}","templated":true}]}}