{"id":49188,"date":"2025-03-10T17:44:17","date_gmt":"2025-03-10T16:44:17","guid":{"rendered":"https:\/\/www.pharmacieonline.lu\/?post_type=product&#038;p=49188"},"modified":"2026-04-09T03:55:16","modified_gmt":"2026-04-09T01:55:16","slug":"nuxe-very-rose-gommage-eclat-vis-75ml","status":"publish","type":"product","link":"https:\/\/www.pharmacieonline.lu\/de\/produit\/nuxe-very-rose-gommage-eclat-vis-75ml\/","title":{"rendered":"NUXE VERY ROSE GOMMAGE ECLAT VIS. 75ML"},"content":{"rendered":"<p>Peelen Sie Ihre Haut sanft mit dem Radiance Face Scrub mit Rosenextrakt und Aprikosenkernpulver.<\/p>\n<p>Dieses Cremepeeling peelt sanft und entfernt Unreinheiten, ohne ein trockenes oder gespanntes Gef\u00fchl zu hinterlassen. Es wurde f\u00fcr alle Hauttypen entwickelt, auch f\u00fcr empfindliche Haut, und besteht zu 98 % aus Inhaltsstoffen nat\u00fcrlichen Ursprungs. Seine sanfte Formel sorgt f\u00fcr eine klare, strahlende und ebenm\u00e4\u00dfige Haut und verfeinert gleichzeitig das Hautbild.<br \/>\nBei 100 % der Freiwilligen ist die Haut weich, rein und bereit zur Behandlung.\u207d\u00b9\u207e<\/p>\n<p>Die Haut wird sanft gepeelt, ohne dass ein Spannungsgef\u00fchl entsteht, und das bei 100 % der Probanden.\u207d\u00b9\u207e<\/p>\n<p>Erliegen Sie seinem Duft mit zarten Rosennoten und seiner cremigen Textur, die der Haut ein sofortiges Gef\u00fchl der Beruhigung verleiht.<\/p>\n<p>\u207d\u00b9\u207eAnwendungstest \u2013 21 Freiwillige. % sofortige Zufriedenheit.<\/p>","protected":false},"excerpt":{"rendered":"<p>Peelen Sie Ihre Haut sanft mit dem Radiance Face Scrub mit Rosenextrakt und Aprikosenkernpulver. Dieses Cremepeeling peelt sanft und entfernt Unreinheiten, ohne ein trockenes oder gespanntes Gef\u00fchl zu hinterlassen. Es wurde f\u00fcr alle Hauttypen entwickelt, auch f\u00fcr empfindliche Haut, und besteht zu 98 % aus Inhaltsstoffen nat\u00fcrlichen Ursprungs. Seine sanfte Formel sorgt f\u00fcr eine klare, [&hellip;]<\/p>\n","protected":false},"featured_media":49190,"template":"","meta":{"_acf_changed":false,"footnotes":""},"product_brand":[],"product_cat":[54],"product_tag":[],"class_list":{"0":"post-49188","1":"product","2":"type-product","3":"status-publish","4":"has-post-thumbnail","6":"product_cat-soins-du-visage","8":"first","9":"instock","10":"taxable","11":"shipping-taxable","12":"purchasable","13":"product-type-simple"},"acf":[],"_links":{"self":[{"href":"https:\/\/www.pharmacieonline.lu\/de\/wp-json\/wp\/v2\/product\/49188","targetHints":{"allow":["GET"]}}],"collection":[{"href":"https:\/\/www.pharmacieonline.lu\/de\/wp-json\/wp\/v2\/product"}],"about":[{"href":"https:\/\/www.pharmacieonline.lu\/de\/wp-json\/wp\/v2\/types\/product"}],"version-history":[{"count":0,"href":"https:\/\/www.pharmacieonline.lu\/de\/wp-json\/wp\/v2\/product\/49188\/revisions"}],"wp:featuredmedia":[{"embeddable":true,"href":"https:\/\/www.pharmacieonline.lu\/de\/wp-json\/wp\/v2\/media\/49190"}],"wp:attachment":[{"href":"https:\/\/www.pharmacieonline.lu\/de\/wp-json\/wp\/v2\/media?parent=49188"}],"wp:term":[{"taxonomy":"product_brand","embeddable":true,"href":"https:\/\/www.pharmacieonline.lu\/de\/wp-json\/wp\/v2\/product_brand?post=49188"},{"taxonomy":"product_cat","embeddable":true,"href":"https:\/\/www.pharmacieonline.lu\/de\/wp-json\/wp\/v2\/product_cat?post=49188"},{"taxonomy":"product_tag","embeddable":true,"href":"https:\/\/www.pharmacieonline.lu\/de\/wp-json\/wp\/v2\/product_tag?post=49188"}],"curies":[{"name":"wp","href":"https:\/\/api.w.org\/{rel}","templated":true}]}}