{"id":49200,"date":"2025-03-10T17:55:16","date_gmt":"2025-03-10T16:55:16","guid":{"rendered":"https:\/\/www.pharmacieonline.lu\/?post_type=product&#038;p=49200"},"modified":"2026-04-09T03:55:16","modified_gmt":"2026-04-09T01:55:16","slug":"uriage-bariesun-spf50-spray-200-ml","status":"publish","type":"product","link":"https:\/\/www.pharmacieonline.lu\/de\/produit\/uriage-bariesun-spf50-spray-200-ml\/","title":{"rendered":"URIAGE BARIESUN SPF50+ SPRAY 200 ML"},"content":{"rendered":"<p>Bari\u00e9sun kombiniert einen hochwirksamen Filterkomplex mit zwei patentierten dermatologischen Inhaltsstoffen, um die Haut zu sch\u00fctzen und Zellsch\u00e4den und Hautalterung durch UVA-, UVB- und blaues Licht vorzubeugen.<\/p>\n<p>Die leichte und herrlich duftende Textur dieses hochsch\u00fctzenden Sprays ist auf der Haut garantiert unsichtbar und bereitet in der Anwendung wahre Freude. Dar\u00fcber hinaus handelt es sich um eine \u00e4u\u00dferst sichere und gut vertr\u00e4gliche Behandlung.<\/p>\n<p>Beugt Zellsch\u00e4den und sonnenbedingter Hautalterung vor<\/p>\n<p>Die von unseren Laboren entwickelte Skin Shield-Technologie enth\u00e4lt nicht nur Uriage-Thermalwasser, einen einzigartigen Wirkstoff zum Schutz der DNA, sondern auch den patentierten [TELOMERES PROTECT]-Komplex, der Zellsch\u00e4den und Hautalterung durch UV- und blaues Licht verhindert.<\/p>\n<p>Noch wirksamerer Schutz<\/p>\n<p>Das [BARIESUN]-Patent bildet einen Schutzfilm auf der Haut und sorgt daf\u00fcr, dass die UV-Filter auf der Hautoberfl\u00e4che verbleiben, was den Schutz weiter erh\u00f6ht.<\/p>\n<p>Beugt trockener Haut vor<\/p>\n<p>Angereichert mit Aquasponginen und Vitamin E f\u00fcr intensiven Schutz vor Austrocknung und Oxidation.<\/p>\n<p>Engagement f\u00fcr den Planeten:<\/p>\n<p>In Zusammenarbeit mit Forschungsinstituten in Frankreich und Neukaledonien wurden einzigartige In-vivo-Studien an den Korallenriffen selbst sowie Untersuchungen am Meeresplankton durchgef\u00fchrt, um die Sicherheit der Bari\u00e9sun-Produkte nachzuweisen. Bari\u00e9sun hat keine Auswirkungen auf Korallen oder Ozeane.<br \/>\nDie Uriage Dermatological Laboratories sind au\u00dferdem Mitglieder von 1% for the Planet, einer ethischen Stiftung, die Umwelt-NGOs unterst\u00fctzt, indem sie 1 % des weltweiten Umsatzes von Bari\u00e9sun spendet.<\/p>\n<p>Anzeige<\/p>\n<p>Sonnenschutz SPF50<\/p>\n<p>Verwenden<br \/>\nVor dem Sonnenbaden eine ausreichende Menge des Produkts auftragen (z. B. 8 Pumpst\u00f6\u00dfe f\u00fcr die Unterschenkel).<br \/>\nRegelm\u00e4\u00dfig erneut auftragen, insbesondere bei starkem Schwitzen und nach dem Schwimmen oder Abtrocknen.<br \/>\nAuch bei ausreichendem Schutz sollte die Sonneneinstrahlung m\u00f6glichst begrenzt werden.<br \/>\nBabys und Kleinkinder sollten niemals dem direkten Sonnenlicht ausgesetzt werden.<br \/>\nVor Gebrauch gut sch\u00fctteln.<br \/>\nZusammensetzung<\/p>\n<p>Wirkstoffe<\/p>\n<p>Anti-UVA\/UVB\/Blaulichtfilterkomplex<br \/>\n[BARIESUN-PATENT]<br \/>\n[TELOMERE-SCHUTZPATENT]<br \/>\nUriage Thermalwasser<br \/>\nVitamin E<br \/>\nAquaschw\u00e4mme<\/p>\n<p>Zutaten<\/p>\n<p>AQUA (WASSER, EAU) \u2013 DICAPRYLYLCARBONAT \u2013 METHYLENBIS-BENZOTRIAZOLYLTETRAMETHYLBUTYLPHENOL[NANO] \u2013 ETHYLHEXYLTRIAZON \u2013 BUTYLMETHOXYDIBENZOYLMETHAN \u2013 DIISOPROPYLSEBACAT \u2013 PROPYLENGLYKOLDICAPRYLAT\/DICAPRAT \u2013 C12-15 ALKYLBENZOAT \u2013 DIISOPROPYLADIPAT \u2013 BIS-ETHYLHEXYLOXYPHENOLMETHOXYPHENYLTRIAZIN \u2013 HEPTYLUNDECYLENAT \u2013 TRIACONTANYL PVP \u2013 GLYCERIN \u2013 C20-22 ALKYLPHOSPHAT \u2013 C20-22 ALKOHOLE \u2013 DECYLGLUCOSID \u2013 BUTYLENGLYKOL \u2013 GLUCOSE \u2013 PARFUM (DUFTSTOFF) \u2013 BENZOES\u00c4URE \u2013 TETRANATRIUM EDTA \u2013 XANTHANGUMMI &#8211; HYDRIERTES POLYDEZEN &#8211; TOCOPHERYLACETAT &#8211; o-CYMEN-5-OL &#8211; TREHALOSE &#8211; PROPYLENGLYKOL &#8211; NATRIUMHYDROXID &#8211; ZITRONENS\u00c4URE &#8211; ASCORBYLTETRAISOPALMITAT &#8211; TOCOPHEROL &#8211; SPIRULINA PLATENSIS-EXTRAKT &#8211; POLYQUATERNIUM-51<\/p>","protected":false},"excerpt":{"rendered":"<p>Bari\u00e9sun kombiniert einen hochwirksamen Filterkomplex mit zwei patentierten dermatologischen Inhaltsstoffen, um die Haut zu sch\u00fctzen und Zellsch\u00e4den und Hautalterung durch UVA-, UVB- und blaues Licht vorzubeugen. Die leichte und herrlich duftende Textur dieses hochsch\u00fctzenden Sprays ist auf der Haut garantiert unsichtbar und bereitet in der Anwendung wahre Freude. Dar\u00fcber hinaus handelt es sich um eine [&hellip;]<\/p>\n","protected":false},"featured_media":49202,"template":"","meta":{"_acf_changed":false,"footnotes":""},"product_brand":[],"product_cat":[68],"product_tag":[],"class_list":{"0":"post-49200","1":"product","2":"type-product","3":"status-publish","4":"has-post-thumbnail","6":"product_cat-solaires-pour-le-corps","8":"first","9":"instock","10":"sale","11":"taxable","12":"shipping-taxable","13":"purchasable","14":"product-type-simple"},"acf":[],"_links":{"self":[{"href":"https:\/\/www.pharmacieonline.lu\/de\/wp-json\/wp\/v2\/product\/49200","targetHints":{"allow":["GET"]}}],"collection":[{"href":"https:\/\/www.pharmacieonline.lu\/de\/wp-json\/wp\/v2\/product"}],"about":[{"href":"https:\/\/www.pharmacieonline.lu\/de\/wp-json\/wp\/v2\/types\/product"}],"version-history":[{"count":0,"href":"https:\/\/www.pharmacieonline.lu\/de\/wp-json\/wp\/v2\/product\/49200\/revisions"}],"wp:featuredmedia":[{"embeddable":true,"href":"https:\/\/www.pharmacieonline.lu\/de\/wp-json\/wp\/v2\/media\/49202"}],"wp:attachment":[{"href":"https:\/\/www.pharmacieonline.lu\/de\/wp-json\/wp\/v2\/media?parent=49200"}],"wp:term":[{"taxonomy":"product_brand","embeddable":true,"href":"https:\/\/www.pharmacieonline.lu\/de\/wp-json\/wp\/v2\/product_brand?post=49200"},{"taxonomy":"product_cat","embeddable":true,"href":"https:\/\/www.pharmacieonline.lu\/de\/wp-json\/wp\/v2\/product_cat?post=49200"},{"taxonomy":"product_tag","embeddable":true,"href":"https:\/\/www.pharmacieonline.lu\/de\/wp-json\/wp\/v2\/product_tag?post=49200"}],"curies":[{"name":"wp","href":"https:\/\/api.w.org\/{rel}","templated":true}]}}