{"id":49397,"date":"2025-03-19T15:56:09","date_gmt":"2025-03-19T14:56:09","guid":{"rendered":"https:\/\/www.pharmacieonline.lu\/?post_type=product&#038;p=49397"},"modified":"2026-04-10T02:25:42","modified_gmt":"2026-04-10T00:25:42","slug":"couleurs-de-noir-correct-eclat-moyen-022","status":"publish","type":"product","link":"https:\/\/www.pharmacieonline.lu\/de\/produit\/couleurs-de-noir-correct-eclat-moyen-022\/","title":{"rendered":"COULEURS DE NOIR CORRECT ECLAT MOYEN 022"},"content":{"rendered":"<p>Eine \u00fcber 10 Stunden lang anhaltende, feuchtigkeitsspendende Formel, die die Haut um die Augen unterst\u00fctzt und sch\u00fctzt.<\/p>\n<p>Anzeige<br \/>\nMake-up &#8211; Concealer Nr. 022 Medium<\/p>\n<p>Verwenden<br \/>\nVerwenden Sie das Klicksystem an der Unterseite und wenden Sie es auf Unebenheiten an.<\/p>\n<p>Zusammensetzung<br \/>\nAQUA (WASSER), CYCLOPENTASILOXAN, DIPROPYLENGLYKOL, CETYL PEG\/PPG-10\/1 DIMETHICON, ETHYLHEXYLMETHOXYCINNAMAT, GLIMMER, DISTEARDIMONIUM HECTORITE, NATRIUMCHLORID, DIMETHICON, POLYGLYCERYL-4-ISOSTEARAT, PHENOXYETHANOL, NATRIUMDEHYDROACETAT, POLYMETHYLMETHACRYLAT, METHICONE, MAGNESIUMALUMINIUMSILIKAT, SILICA, BENZOPHENON-3, DINATRIUM EDTA, DIMETHICON-KREUZPOLYMER, ASCORBINS\u00c4URE, BUTYLENGLYKOL, VACCINIUM MYRTILLUS-FRUCHTEXTRAKT, TALKUM, SACCHARUM OFFICINARUM-EXTRAKT (SACCHARUM OFFICINARUM (ZUCKERRIND)) EXTRAKT), SIGESBECKIA ORIENTALIS EXTRAKT, RABDOSIA RUBESCENS EXTRAKT, BHT, CITRUS AURANTIUM DULCIS FRUCHTEXTRAKT (CITRUS AURANTIUM DULCIS (ORANGE) FRUCHTEXTRAKT), CITRUS LIMON FRUCHTEXTRAKT (CITRUS LIMON (ZITRONE) FRUCHTEXTRAKT), ACER SACCHARUM EXTRAKT (ACER SACCHARUM (ZUCKERAHORN) EXTRAKT) [+\/- CI 77891 (TITANDIOXID), CI 77491 (EISENOXIDE), CI 77492 (EISENOXIDE), CI 77499 (EISENOXIDE)]<\/p>","protected":false},"excerpt":{"rendered":"<p>Eine \u00fcber 10 Stunden lang anhaltende, feuchtigkeitsspendende Formel, die die Haut um die Augen unterst\u00fctzt und sch\u00fctzt. Anzeige Make-up &#8211; Concealer Nr. 022 Medium Verwenden Verwenden Sie das Klicksystem an der Unterseite und wenden Sie es auf Unebenheiten an. Zusammensetzung AQUA (WASSER), CYCLOPENTASILOXAN, DIPROPYLENGLYKOL, CETYL PEG\/PPG-10\/1 DIMETHICON, ETHYLHEXYLMETHOXYCINNAMAT, GLIMMER, DISTEARDIMONIUM HECTORITE, NATRIUMCHLORID, DIMETHICON, POLYGLYCERYL-4-ISOSTEARAT, PHENOXYETHANOL, [&hellip;]<\/p>\n","protected":false},"featured_media":49399,"template":"","meta":{"_acf_changed":false,"footnotes":""},"product_brand":[],"product_cat":[763],"product_tag":[],"class_list":{"0":"post-49397","1":"product","2":"type-product","3":"status-publish","4":"has-post-thumbnail","6":"product_cat-maquillages","8":"first","9":"instock","10":"sale","11":"taxable","12":"shipping-taxable","13":"purchasable","14":"product-type-simple"},"acf":[],"_links":{"self":[{"href":"https:\/\/www.pharmacieonline.lu\/de\/wp-json\/wp\/v2\/product\/49397","targetHints":{"allow":["GET"]}}],"collection":[{"href":"https:\/\/www.pharmacieonline.lu\/de\/wp-json\/wp\/v2\/product"}],"about":[{"href":"https:\/\/www.pharmacieonline.lu\/de\/wp-json\/wp\/v2\/types\/product"}],"version-history":[{"count":0,"href":"https:\/\/www.pharmacieonline.lu\/de\/wp-json\/wp\/v2\/product\/49397\/revisions"}],"wp:featuredmedia":[{"embeddable":true,"href":"https:\/\/www.pharmacieonline.lu\/de\/wp-json\/wp\/v2\/media\/49399"}],"wp:attachment":[{"href":"https:\/\/www.pharmacieonline.lu\/de\/wp-json\/wp\/v2\/media?parent=49397"}],"wp:term":[{"taxonomy":"product_brand","embeddable":true,"href":"https:\/\/www.pharmacieonline.lu\/de\/wp-json\/wp\/v2\/product_brand?post=49397"},{"taxonomy":"product_cat","embeddable":true,"href":"https:\/\/www.pharmacieonline.lu\/de\/wp-json\/wp\/v2\/product_cat?post=49397"},{"taxonomy":"product_tag","embeddable":true,"href":"https:\/\/www.pharmacieonline.lu\/de\/wp-json\/wp\/v2\/product_tag?post=49397"}],"curies":[{"name":"wp","href":"https:\/\/api.w.org\/{rel}","templated":true}]}}