{"id":49407,"date":"2025-03-19T16:03:41","date_gmt":"2025-03-19T15:03:41","guid":{"rendered":"https:\/\/www.pharmacieonline.lu\/?post_type=product&#038;p=49407"},"modified":"2026-04-07T13:55:06","modified_gmt":"2026-04-07T11:55:06","slug":"couleurs-de-noir-cc-cream-spf30-01-porce-2","status":"publish","type":"product","link":"https:\/\/www.pharmacieonline.lu\/de\/produit\/couleurs-de-noir-cc-cream-spf30-01-porce-2\/","title":{"rendered":"COULEURS DE NOIR CC CREAM SPF30 01 PORCE"},"content":{"rendered":"<p>Eine schnell einziehende Formel, die f\u00fcr alle Hauttypen geeignet ist. Es hinterl\u00e4sst keine fettigen R\u00fcckst\u00e4nde oder unsch\u00f6ne wei\u00dfe Flecken und sorgt f\u00fcr einen ebenm\u00e4\u00dfigen, nat\u00fcrlichen Teint mit leichter bis mittlerer Deckkraft. Diese Formel enth\u00e4lt einen hohen Lichtschutzfaktor, der die Haut mit Feuchtigkeit versorgt und pflegt (30 ml).<\/p>\n<p>Anzeige<br \/>\nCC-Creme mit UVB- und UVA-Filtern.<\/p>\n<p>Verwenden<br \/>\nVor dem Sonnenbaden und als letzter Schritt Ihrer Sch\u00f6nheitsroutine auf die saubere, trockene Haut auftragen. Am besten l\u00e4sst es sich mit dem Pinsel Nr. 31, Pinsel Nr. 32 oder dem Beauty Blender auftragen.<\/p>\n<p>Zusammensetzung<br \/>\nAQUA, BUTYLOCTYLSALICYLAT, ETHYLHEXYLSALICYLAT, DIBUTYLKLEBSTOFF, C12-15 ALKYLBENZOAT, BIS-ETHYLHEXYLOXYPHENOLMETHOXYPHENYLTRIAZIN, DIMETHICON, GLYCERIN, POLYGLYCERYL-6-STEARAT, PHENYLBENZIMIDAZOLSULFONS\u00c4URE, DIETHYLAMINOHYDROXYBENZOYLHEXYLBENZOAT, SILICA, CARBOMER, HYDROXYACETOPHENON, KALIUMCETYLPHOSPHAT, NATRIUMHYDROXID, PARFUM, POLYGLYCERYL-6-BEHENAT, CAPRYLYLGLYKOL, 1,2-HEXANDIOL, NATRIUMPHYTAT, PENTAERYTHRITYLTETRA-DI-T-BUTYLHYDROXYHYDROCINNAMAT, TOCOPHEROL, HELIANTHUS ANNUUS-SAMEN\u00d6L [+\/- CI77891 (EISENOXIDE), CI77491 (EISENOXIDE), CI77492 (EISENOXIDE), CI77499 (EISENOXIDE)].<\/p>","protected":false},"excerpt":{"rendered":"<p>Eine schnell einziehende Formel, die f\u00fcr alle Hauttypen geeignet ist. Es hinterl\u00e4sst keine fettigen R\u00fcckst\u00e4nde oder unsch\u00f6ne wei\u00dfe Flecken und sorgt f\u00fcr einen ebenm\u00e4\u00dfigen, nat\u00fcrlichen Teint mit leichter bis mittlerer Deckkraft. Diese Formel enth\u00e4lt einen hohen Lichtschutzfaktor, der die Haut mit Feuchtigkeit versorgt und pflegt (30 ml). Anzeige CC-Creme mit UVB- und UVA-Filtern. Verwenden Vor [&hellip;]<\/p>\n","protected":false},"featured_media":49409,"template":"","meta":{"_acf_changed":false,"footnotes":""},"product_brand":[],"product_cat":[763],"product_tag":[],"class_list":{"0":"post-49407","1":"product","2":"type-product","3":"status-publish","4":"has-post-thumbnail","6":"product_cat-maquillages","8":"first","9":"instock","10":"sale","11":"taxable","12":"shipping-taxable","13":"purchasable","14":"product-type-simple"},"acf":[],"_links":{"self":[{"href":"https:\/\/www.pharmacieonline.lu\/de\/wp-json\/wp\/v2\/product\/49407","targetHints":{"allow":["GET"]}}],"collection":[{"href":"https:\/\/www.pharmacieonline.lu\/de\/wp-json\/wp\/v2\/product"}],"about":[{"href":"https:\/\/www.pharmacieonline.lu\/de\/wp-json\/wp\/v2\/types\/product"}],"version-history":[{"count":0,"href":"https:\/\/www.pharmacieonline.lu\/de\/wp-json\/wp\/v2\/product\/49407\/revisions"}],"wp:featuredmedia":[{"embeddable":true,"href":"https:\/\/www.pharmacieonline.lu\/de\/wp-json\/wp\/v2\/media\/49409"}],"wp:attachment":[{"href":"https:\/\/www.pharmacieonline.lu\/de\/wp-json\/wp\/v2\/media?parent=49407"}],"wp:term":[{"taxonomy":"product_brand","embeddable":true,"href":"https:\/\/www.pharmacieonline.lu\/de\/wp-json\/wp\/v2\/product_brand?post=49407"},{"taxonomy":"product_cat","embeddable":true,"href":"https:\/\/www.pharmacieonline.lu\/de\/wp-json\/wp\/v2\/product_cat?post=49407"},{"taxonomy":"product_tag","embeddable":true,"href":"https:\/\/www.pharmacieonline.lu\/de\/wp-json\/wp\/v2\/product_tag?post=49407"}],"curies":[{"name":"wp","href":"https:\/\/api.w.org\/{rel}","templated":true}]}}