{"id":49589,"date":"2025-03-27T10:52:07","date_gmt":"2025-03-27T09:52:07","guid":{"rendered":"https:\/\/www.pharmacieonline.lu\/?post_type=product&#038;p=49589"},"modified":"2026-04-15T03:55:24","modified_gmt":"2026-04-15T01:55:24","slug":"cerave-refill-hydra-cleans","status":"publish","type":"product","link":"https:\/\/www.pharmacieonline.lu\/de\/produit\/cerave-refill-hydra-cleans\/","title":{"rendered":"CERAVE REFILL HYDRA CLEANS"},"content":{"rendered":"<p>\u00d6ko-Nachf\u00fcllpack<\/p>\n<p>Die von Dermatologen entwickelte CeraVe Hydrating Cleansing Cream reinigt und befeuchtet effektiv, ohne die Schutzbarriere der Haut zu zerst\u00f6ren.<\/p>\n<p>Diese nicht sch\u00e4umende Creme mit 3 essentiellen Ceramiden und Hyalurons\u00e4ure reinigt sanft und spendet der Haut bereits nach einer Anwendung Feuchtigkeit.<\/p>\n<p>\u2022 Mit Ceramiden 1,3 und 6-II<\/p>\n<p>\u2022 Hyalurons\u00e4ure zur Erhaltung der Hautfeuchtigkeit<\/p>\n<p>\u2022 Nicht komedogene Formel. Verstopft die Poren nicht<\/p>\n<p>\u2022 Duftstofffreie Formel, trocknet die Haut nicht aus, geeignet f\u00fcr empfindliche Haut.<\/p>\n<p>Verwenden<\/p>\n<p>Unter der Dusche auf die nasse Haut auftragen. Mit Wasser absp\u00fclen.<\/p>\n<p>Zusammensetzung<\/p>\n<p>Zutaten :<\/p>\n<p>AQUA \/ WASSER GLYCERIN CETEARYLALKOHOL PHENOXYETHANOL STEARYLALKOHOL CETYLALKOHOL PEG-40 STEARAT BEHENTRIMONIUMMETHOSULFAT GLYCERYLSTEARAT POLYSORBAT 20 ETHYLHEXYLGLYCERIN KALIUMPHOSPHAT DINATRIUM EDTA DIKALIUMPHOSPHAT NATRIUMLAUROYL LACTYLAT CERAMID NP CERAMID AP PHYTOSPHINGOSIN CHOLESTERIN NATRIUMHYALURONAT XANTHANGUMMI CARBOMER TOCOPHEROL CERAMID EOP<\/p>","protected":false},"excerpt":{"rendered":"<p>\u00d6ko-Nachf\u00fcllpack Die von Dermatologen entwickelte CeraVe Hydrating Cleansing Cream reinigt und befeuchtet effektiv, ohne die Schutzbarriere der Haut zu zerst\u00f6ren. Diese nicht sch\u00e4umende Creme mit 3 essentiellen Ceramiden und Hyalurons\u00e4ure reinigt sanft und spendet der Haut bereits nach einer Anwendung Feuchtigkeit. \u2022 Mit Ceramiden 1,3 und 6-II \u2022 Hyalurons\u00e4ure zur Erhaltung der Hautfeuchtigkeit \u2022 Nicht [&hellip;]<\/p>\n","protected":false},"featured_media":49591,"template":"","meta":{"_acf_changed":false,"footnotes":""},"product_brand":[],"product_cat":[56],"product_tag":[],"class_list":{"0":"post-49589","1":"product","2":"type-product","3":"status-publish","4":"has-post-thumbnail","6":"product_cat-soins-du-corps","8":"first","9":"instock","10":"taxable","11":"shipping-taxable","12":"purchasable","13":"product-type-simple"},"acf":[],"_links":{"self":[{"href":"https:\/\/www.pharmacieonline.lu\/de\/wp-json\/wp\/v2\/product\/49589","targetHints":{"allow":["GET"]}}],"collection":[{"href":"https:\/\/www.pharmacieonline.lu\/de\/wp-json\/wp\/v2\/product"}],"about":[{"href":"https:\/\/www.pharmacieonline.lu\/de\/wp-json\/wp\/v2\/types\/product"}],"version-history":[{"count":0,"href":"https:\/\/www.pharmacieonline.lu\/de\/wp-json\/wp\/v2\/product\/49589\/revisions"}],"wp:featuredmedia":[{"embeddable":true,"href":"https:\/\/www.pharmacieonline.lu\/de\/wp-json\/wp\/v2\/media\/49591"}],"wp:attachment":[{"href":"https:\/\/www.pharmacieonline.lu\/de\/wp-json\/wp\/v2\/media?parent=49589"}],"wp:term":[{"taxonomy":"product_brand","embeddable":true,"href":"https:\/\/www.pharmacieonline.lu\/de\/wp-json\/wp\/v2\/product_brand?post=49589"},{"taxonomy":"product_cat","embeddable":true,"href":"https:\/\/www.pharmacieonline.lu\/de\/wp-json\/wp\/v2\/product_cat?post=49589"},{"taxonomy":"product_tag","embeddable":true,"href":"https:\/\/www.pharmacieonline.lu\/de\/wp-json\/wp\/v2\/product_tag?post=49589"}],"curies":[{"name":"wp","href":"https:\/\/api.w.org\/{rel}","templated":true}]}}