{"id":49593,"date":"2025-03-27T10:55:41","date_gmt":"2025-03-27T09:55:41","guid":{"rendered":"https:\/\/www.pharmacieonline.lu\/?post_type=product&#038;p=49593"},"modified":"2026-04-18T11:55:14","modified_gmt":"2026-04-18T09:55:14","slug":"cerave-refill-moist-cream","status":"publish","type":"product","link":"https:\/\/www.pharmacieonline.lu\/de\/produit\/cerave-refill-moist-cream\/","title":{"rendered":"CERAVE REFILL MOIST CREAM"},"content":{"rendered":"<p>\u00d6ko-Nachf\u00fcllpack<\/p>\n<p>Der Feuchtigkeitsbalsam von CeraVe f\u00fcr trockene bis sehr trockene Haut spendet den ganzen Tag Feuchtigkeit und stellt die Schutzbarriere der Haut wieder her.<\/p>\n<p>Mit 3 essentiellen Ceramiden (1, 3 und 6-II) und Hyalurons\u00e4ure zur Erhaltung der nat\u00fcrlichen Feuchtigkeit der Haut.<\/p>\n<p>Der von Dermatologen entwickelte CeraVe Moisturizing Balm spendet effektiv Feuchtigkeit und hilft gleichzeitig, die Schutzbarriere der Haut wiederherzustellen.<\/p>\n<p>Dieser reichhaltige, nicht fettende Balsam mit 3 essentiellen Ceramiden und Hyalurons\u00e4ure spendet bereits nach einer Anwendung langanhaltende Feuchtigkeit.<\/p>\n<p>\u2022 Mit Ceramiden 1, 3 und 6-II<\/p>\n<p>\u2022 Hyalurons\u00e4ure zur Erhaltung der Hautfeuchtigkeit<\/p>\n<p>\u2022 Nicht komedogene Formel. Verstopft die Poren nicht<\/p>\n<p>\u2022 Duftfreie Formel, geeignet f\u00fcr empfindliche Haut.<\/p>\n<p>Verwenden<\/p>\n<p>So oft wie n\u00f6tig anwenden. Gesicht und K\u00f6rper.<\/p>\n<p>Zusammensetzung<\/p>\n<p>ZUTATEN<\/p>\n<p>AQUA \/ WASSER GLYCERIN CETEARYLALKOHOL CAPRYLIC\/CAPRIC TRIGLYCERID CETYLALKOHOL CETEARETH-20 PETROLATUM DIMETHICONE PHENOXYETHANOL BEHENTRIMONIUMMETHOSULFAT KALIUMPHOSPHAT ETHYLHEXYLGLYCERIN NATRIUMLAUROYL LACTYLAT DINATRIUM EDTA DIKALIUMPHOSPHAT CERAMID NP CERAMID AP PHYTOSPHINGOSIN CHOLESTERIN XANTHANGUMMI CARBOMER NATRIUMHYALURONAT TOCOPHEROL CERAMID EOP<\/p>","protected":false},"excerpt":{"rendered":"<p>\u00d6ko-Nachf\u00fcllpack Der Feuchtigkeitsbalsam von CeraVe f\u00fcr trockene bis sehr trockene Haut spendet den ganzen Tag Feuchtigkeit und stellt die Schutzbarriere der Haut wieder her. Mit 3 essentiellen Ceramiden (1, 3 und 6-II) und Hyalurons\u00e4ure zur Erhaltung der nat\u00fcrlichen Feuchtigkeit der Haut. Der von Dermatologen entwickelte CeraVe Moisturizing Balm spendet effektiv Feuchtigkeit und hilft gleichzeitig, die [&hellip;]<\/p>\n","protected":false},"featured_media":49595,"template":"","meta":{"_acf_changed":false,"footnotes":""},"product_brand":[],"product_cat":[56],"product_tag":[],"class_list":{"0":"post-49593","1":"product","2":"type-product","3":"status-publish","4":"has-post-thumbnail","6":"product_cat-soins-du-corps","8":"first","9":"outofstock","10":"taxable","11":"shipping-taxable","12":"purchasable","13":"product-type-simple"},"acf":[],"_links":{"self":[{"href":"https:\/\/www.pharmacieonline.lu\/de\/wp-json\/wp\/v2\/product\/49593","targetHints":{"allow":["GET"]}}],"collection":[{"href":"https:\/\/www.pharmacieonline.lu\/de\/wp-json\/wp\/v2\/product"}],"about":[{"href":"https:\/\/www.pharmacieonline.lu\/de\/wp-json\/wp\/v2\/types\/product"}],"version-history":[{"count":0,"href":"https:\/\/www.pharmacieonline.lu\/de\/wp-json\/wp\/v2\/product\/49593\/revisions"}],"wp:featuredmedia":[{"embeddable":true,"href":"https:\/\/www.pharmacieonline.lu\/de\/wp-json\/wp\/v2\/media\/49595"}],"wp:attachment":[{"href":"https:\/\/www.pharmacieonline.lu\/de\/wp-json\/wp\/v2\/media?parent=49593"}],"wp:term":[{"taxonomy":"product_brand","embeddable":true,"href":"https:\/\/www.pharmacieonline.lu\/de\/wp-json\/wp\/v2\/product_brand?post=49593"},{"taxonomy":"product_cat","embeddable":true,"href":"https:\/\/www.pharmacieonline.lu\/de\/wp-json\/wp\/v2\/product_cat?post=49593"},{"taxonomy":"product_tag","embeddable":true,"href":"https:\/\/www.pharmacieonline.lu\/de\/wp-json\/wp\/v2\/product_tag?post=49593"}],"curies":[{"name":"wp","href":"https:\/\/api.w.org\/{rel}","templated":true}]}}