{"id":49602,"date":"2025-03-27T11:02:36","date_gmt":"2025-03-27T10:02:36","guid":{"rendered":"https:\/\/www.pharmacieonline.lu\/?post_type=product&#038;p=49602"},"modified":"2026-04-18T11:55:14","modified_gmt":"2026-04-18T09:55:14","slug":"cerave-refill-moist-lotion","status":"publish","type":"product","link":"https:\/\/www.pharmacieonline.lu\/de\/produit\/cerave-refill-moist-lotion\/","title":{"rendered":"CERAVE REFILL MOIST LOTION"},"content":{"rendered":"<p>\u00d6ko-Nachf\u00fcllpack<\/p>\n<p>Feuchtigkeitsmilch f\u00fcr trockene bis sehr trockene Haut<br \/>\nf\u00fcr Gesicht und K\u00f6rper<\/p>\n<p>Die Feuchtigkeitslotion von CeraVe f\u00fcr trockene bis sehr trockene Haut spendet den ganzen Tag \u00fcber leichte Feuchtigkeit und stellt die Schutzbarriere der Haut wieder her.<\/p>\n<p>Mit 3 essentiellen Ceramiden (1, 3 und 6-II) und Hyalurons\u00e4ure zur Erhaltung der nat\u00fcrlichen Feuchtigkeit der Haut.<\/p>\n<p>Die von Dermatologen entwickelte CeraVe Moisturizing Lotion spendet effektiv Feuchtigkeit und hilft gleichzeitig, die Schutzbarriere der Haut wiederherzustellen.<\/p>\n<p>Diese Milch ist leicht und nicht fettend.<\/p>\n<p>Mit 3 essentiellen Ceramiden und Hyalurons\u00e4ure spendet es bereits nach einer Anwendung ganzt\u00e4gige Feuchtigkeit, ohne fettige R\u00fcckst\u00e4nde zu hinterlassen.<\/p>\n<p>\u2022 Mit Ceramiden 1, 3 und 6-II<\/p>\n<p>\u2022 Hyalurons\u00e4ure zur Erhaltung der Hautfeuchtigkeit<\/p>\n<p>\u2022 Nicht komedogene Formel. Verstopft die Poren nicht<\/p>\n<p>\u2022 Duftfreie Formel, geeignet f\u00fcr empfindliche Haut.<\/p>\n<p>Anzeige<\/p>\n<p>n\u00e4hrt, spendet Feuchtigkeit und hilft, die Schutzbarriere der Haut wiederherzustellen<\/p>\n<p>Verwenden<\/p>\n<p>So oft wie n\u00f6tig anwenden.<\/p>\n<p>Zusammensetzung<\/p>\n<p>mit 3 essentiellen Ceramiden und Hyalurons\u00e4ure<\/p>\n<p>Zutaten :<\/p>\n<p>AQUA \/ WASSER GLYCERIN CAPRYLIC\/CAPRIC TRIGLYCERID CETEARYLALKOHOL CETYLALKOHOL DIMETHICONE PHENOXYETHANOL POLYSORBAT 20 CETEARETH-20 BEHENTRIMONIUMMETHOSULFAT POLYGLYCERYL-3 DIISOSTEARAT NATRIUMLAUROYLLACTYLAT ETHYLHEXYLGLYCERIN KALIUMPHOSPHAT DINATRIUM EDTA DIKALIUMPHOSPHAT CERAMID NP CERAMID AP PHYTOSPHINGOSIN CHOLESTERIN XANTHANGUMMI CARBOMER NATRIUMHYALURONAT TOCOPHERO<\/p>","protected":false},"excerpt":{"rendered":"<p>\u00d6ko-Nachf\u00fcllpack Feuchtigkeitsmilch f\u00fcr trockene bis sehr trockene Haut f\u00fcr Gesicht und K\u00f6rper Die Feuchtigkeitslotion von CeraVe f\u00fcr trockene bis sehr trockene Haut spendet den ganzen Tag \u00fcber leichte Feuchtigkeit und stellt die Schutzbarriere der Haut wieder her. Mit 3 essentiellen Ceramiden (1, 3 und 6-II) und Hyalurons\u00e4ure zur Erhaltung der nat\u00fcrlichen Feuchtigkeit der Haut. Die [&hellip;]<\/p>\n","protected":false},"featured_media":49604,"template":"","meta":{"_acf_changed":false,"footnotes":""},"product_brand":[],"product_cat":[56],"product_tag":[],"class_list":{"0":"post-49602","1":"product","2":"type-product","3":"status-publish","4":"has-post-thumbnail","6":"product_cat-soins-du-corps","8":"first","9":"instock","10":"taxable","11":"shipping-taxable","12":"purchasable","13":"product-type-simple"},"acf":[],"_links":{"self":[{"href":"https:\/\/www.pharmacieonline.lu\/de\/wp-json\/wp\/v2\/product\/49602","targetHints":{"allow":["GET"]}}],"collection":[{"href":"https:\/\/www.pharmacieonline.lu\/de\/wp-json\/wp\/v2\/product"}],"about":[{"href":"https:\/\/www.pharmacieonline.lu\/de\/wp-json\/wp\/v2\/types\/product"}],"version-history":[{"count":0,"href":"https:\/\/www.pharmacieonline.lu\/de\/wp-json\/wp\/v2\/product\/49602\/revisions"}],"wp:featuredmedia":[{"embeddable":true,"href":"https:\/\/www.pharmacieonline.lu\/de\/wp-json\/wp\/v2\/media\/49604"}],"wp:attachment":[{"href":"https:\/\/www.pharmacieonline.lu\/de\/wp-json\/wp\/v2\/media?parent=49602"}],"wp:term":[{"taxonomy":"product_brand","embeddable":true,"href":"https:\/\/www.pharmacieonline.lu\/de\/wp-json\/wp\/v2\/product_brand?post=49602"},{"taxonomy":"product_cat","embeddable":true,"href":"https:\/\/www.pharmacieonline.lu\/de\/wp-json\/wp\/v2\/product_cat?post=49602"},{"taxonomy":"product_tag","embeddable":true,"href":"https:\/\/www.pharmacieonline.lu\/de\/wp-json\/wp\/v2\/product_tag?post=49602"}],"curies":[{"name":"wp","href":"https:\/\/api.w.org\/{rel}","templated":true}]}}