{"id":49759,"date":"2025-04-01T14:43:49","date_gmt":"2025-04-01T12:43:49","guid":{"rendered":"https:\/\/www.pharmacieonline.lu\/?post_type=product&#038;p=49759"},"modified":"2026-04-08T09:55:06","modified_gmt":"2026-04-08T07:55:06","slug":"lierac-arkeskin-cr-nut-red-nuit-rech50ml-2","status":"publish","type":"product","link":"https:\/\/www.pharmacieonline.lu\/de\/produit\/lierac-arkeskin-cr-nut-red-nuit-rech50ml-2\/","title":{"rendered":"LIERAC ARKESKIN CR NUT RED NUIT RECH50ML"},"content":{"rendered":"<p>Beschreibung<br \/>\nArk\u00e9skin Night Fluid korrigiert die Anzeichen der Menopause auf der Haut: Trockenheit, Verlust an Dichte und Festigkeit.<\/p>\n<p>Diese von der Chronobiologie inspirierte Behandlung kombiniert ein Nacht-Biopeptid, das die Hautregeneration reaktiviert, wiederverdichtende Leinsamen, festigende Zichorie und aufpolsternde Hyalurons\u00e4ure.<br \/>\nDie seidige und intensiv pflegende Textur besteht zu 96 % aus Inhaltsstoffen nat\u00fcrlichen Ursprungs, erfrischt und polstert die Haut auf. Sein Duft mit entspannenden Magnoliennoten hinterl\u00e4sst einen zarten Duft auf der Haut.<\/p>\n<p>F\u00fcr optimale Wirksamkeit und um der Haut zu helfen, w\u00e4hrend der Wechseljahre ihr Gleichgewicht wiederzuerlangen, verwenden Sie es zusammen mit Ark\u00e9skin Jour Cr\u00e8me Confort R\u00e9\u00e9balante.<\/p>","protected":false},"excerpt":{"rendered":"<p>Beschreibung Ark\u00e9skin Night Fluid korrigiert die Anzeichen der Menopause auf der Haut: Trockenheit, Verlust an Dichte und Festigkeit. Diese von der Chronobiologie inspirierte Behandlung kombiniert ein Nacht-Biopeptid, das die Hautregeneration reaktiviert, wiederverdichtende Leinsamen, festigende Zichorie und aufpolsternde Hyalurons\u00e4ure. Die seidige und intensiv pflegende Textur besteht zu 96 % aus Inhaltsstoffen nat\u00fcrlichen Ursprungs, erfrischt und polstert [&hellip;]<\/p>\n","protected":false},"featured_media":49761,"template":"","meta":{"_acf_changed":false,"footnotes":""},"product_brand":[],"product_cat":[54],"product_tag":[],"class_list":{"0":"post-49759","1":"product","2":"type-product","3":"status-publish","4":"has-post-thumbnail","6":"product_cat-soins-du-visage","8":"first","9":"instock","10":"taxable","11":"shipping-taxable","12":"purchasable","13":"product-type-simple"},"acf":[],"_links":{"self":[{"href":"https:\/\/www.pharmacieonline.lu\/de\/wp-json\/wp\/v2\/product\/49759","targetHints":{"allow":["GET"]}}],"collection":[{"href":"https:\/\/www.pharmacieonline.lu\/de\/wp-json\/wp\/v2\/product"}],"about":[{"href":"https:\/\/www.pharmacieonline.lu\/de\/wp-json\/wp\/v2\/types\/product"}],"version-history":[{"count":0,"href":"https:\/\/www.pharmacieonline.lu\/de\/wp-json\/wp\/v2\/product\/49759\/revisions"}],"wp:featuredmedia":[{"embeddable":true,"href":"https:\/\/www.pharmacieonline.lu\/de\/wp-json\/wp\/v2\/media\/49761"}],"wp:attachment":[{"href":"https:\/\/www.pharmacieonline.lu\/de\/wp-json\/wp\/v2\/media?parent=49759"}],"wp:term":[{"taxonomy":"product_brand","embeddable":true,"href":"https:\/\/www.pharmacieonline.lu\/de\/wp-json\/wp\/v2\/product_brand?post=49759"},{"taxonomy":"product_cat","embeddable":true,"href":"https:\/\/www.pharmacieonline.lu\/de\/wp-json\/wp\/v2\/product_cat?post=49759"},{"taxonomy":"product_tag","embeddable":true,"href":"https:\/\/www.pharmacieonline.lu\/de\/wp-json\/wp\/v2\/product_tag?post=49759"}],"curies":[{"name":"wp","href":"https:\/\/api.w.org\/{rel}","templated":true}]}}