{"id":49971,"date":"2025-04-25T17:31:35","date_gmt":"2025-04-25T15:31:35","guid":{"rendered":"https:\/\/www.pharmacieonline.lu\/?post_type=product&#038;p=49971"},"modified":"2026-04-05T00:25:25","modified_gmt":"2026-04-04T22:25:25","slug":"nuxe-hair-lait-demelant-spray-100ml","status":"publish","type":"product","link":"https:\/\/www.pharmacieonline.lu\/de\/produit\/nuxe-hair-lait-demelant-spray-100ml\/","title":{"rendered":"NUXE HAIR LAIT DEMELANT SPRAY 100ML"},"content":{"rendered":"<p>Nuxe Hair Prodigieux\u00ae Entwirrende Haarmilch ohne Aussp\u00fclen<br \/>\nLassen Sie sich von der sublimierenden Wirksamkeit des fermentierten rosa Kamelien\u00f6ls und dem berauschenden Duft von Huile Prodigieuse\u00ae f\u00fcr gl\u00e4nzendes Haar verf\u00fchren. Die Leave-in-Haarmilch zum Entwirren entwirrt das Haar sofort und spendet tiefenwirksam Feuchtigkeit, sodass es weich und leicht wird. Diese silikonfreie Milchkur sch\u00fctzt das Haar vor der Hitze von Stylingger\u00e4ten bis zu 230\u00b0C. Das Haar erstrahlt in neuem Glanz und f\u00fchlt sich weich und seidig an. Seine seidige, milchige Textur verleiht dem Haar einen zarten Duft und sorgt f\u00fcr ein wunderbares Sinnesritual.<\/p>\n<p>Anwendung:<br \/>\nT\u00e4glich auf handtuchtrockenes Haar auftragen, indem Sie es direkt auf die L\u00e4ngen und Spitzen spr\u00fchen, oder auf trockenes Haar, indem Sie das Produkt zuerst auf Ihre Handfl\u00e4chen spr\u00fchen. Nicht aussp\u00fclen. Kontakt mit den Augen vermeiden. Bei Kontakt mit den Augen gr\u00fcndlich aussp\u00fclen.<\/p>\n<p>Zutaten:<br \/>\nAqua\/Wasser, C14-22-Alkohole, Brassicamidopropyldimethylamin, Parfum\/Duftstoff, Argania Spinosa-Kern\u00f6l, C12-20-Alkylglucosid, Panthenol, Milchs\u00e4ure, Cetylalkohol, Stearylalkohol, Camellia Japonica-Samen\u00f6l, hydrolysierte Quinoa, Benzylalkohol, Pantolacton, Natriumbenzoat, Candida Bombicola\/Glucose\/Methylrapseedat-Ferment, Tetramethylacetyloctahydronaphthaline, Linalylacetat, Linalool, Citronellol, Citrus Aurantium-Schalen\u00f6l, Dimethylphenethylacetat, Limonen, Geraniol, Pelargonium Graveolens-Bl\u00fcten\u00f6l, Isoeugenol [N5406\/A].<\/p>\n<p>Warnungen:<br \/>\nKontakt mit den Augen vermeiden. Bei Kontakt mit den Augen gr\u00fcndlich aussp\u00fclen.<\/p>","protected":false},"excerpt":{"rendered":"<p>Nuxe Hair Prodigieux\u00ae Entwirrende Haarmilch ohne Aussp\u00fclen Lassen Sie sich von der sublimierenden Wirksamkeit des fermentierten rosa Kamelien\u00f6ls und dem berauschenden Duft von Huile Prodigieuse\u00ae f\u00fcr gl\u00e4nzendes Haar verf\u00fchren. Die Leave-in-Haarmilch zum Entwirren entwirrt das Haar sofort und spendet tiefenwirksam Feuchtigkeit, sodass es weich und leicht wird. Diese silikonfreie Milchkur sch\u00fctzt das Haar vor der [&hellip;]<\/p>\n","protected":false},"featured_media":49972,"template":"","meta":{"_acf_changed":false,"footnotes":""},"product_brand":[],"product_cat":[53],"product_tag":[],"class_list":{"0":"post-49971","1":"product","2":"type-product","3":"status-publish","4":"has-post-thumbnail","6":"product_cat-cheveux","8":"first","9":"outofstock","10":"taxable","11":"shipping-taxable","12":"purchasable","13":"product-type-simple"},"acf":[],"_links":{"self":[{"href":"https:\/\/www.pharmacieonline.lu\/de\/wp-json\/wp\/v2\/product\/49971","targetHints":{"allow":["GET"]}}],"collection":[{"href":"https:\/\/www.pharmacieonline.lu\/de\/wp-json\/wp\/v2\/product"}],"about":[{"href":"https:\/\/www.pharmacieonline.lu\/de\/wp-json\/wp\/v2\/types\/product"}],"version-history":[{"count":0,"href":"https:\/\/www.pharmacieonline.lu\/de\/wp-json\/wp\/v2\/product\/49971\/revisions"}],"wp:featuredmedia":[{"embeddable":true,"href":"https:\/\/www.pharmacieonline.lu\/de\/wp-json\/wp\/v2\/media\/49972"}],"wp:attachment":[{"href":"https:\/\/www.pharmacieonline.lu\/de\/wp-json\/wp\/v2\/media?parent=49971"}],"wp:term":[{"taxonomy":"product_brand","embeddable":true,"href":"https:\/\/www.pharmacieonline.lu\/de\/wp-json\/wp\/v2\/product_brand?post=49971"},{"taxonomy":"product_cat","embeddable":true,"href":"https:\/\/www.pharmacieonline.lu\/de\/wp-json\/wp\/v2\/product_cat?post=49971"},{"taxonomy":"product_tag","embeddable":true,"href":"https:\/\/www.pharmacieonline.lu\/de\/wp-json\/wp\/v2\/product_tag?post=49971"}],"curies":[{"name":"wp","href":"https:\/\/api.w.org\/{rel}","templated":true}]}}