{"id":49974,"date":"2025-04-25T17:34:30","date_gmt":"2025-04-25T15:34:30","guid":{"rendered":"https:\/\/www.pharmacieonline.lu\/?post_type=product&#038;p=49974"},"modified":"2026-04-05T03:55:13","modified_gmt":"2026-04-05T01:55:13","slug":"nuxe-hair-baume-3-min-pot-200ml","status":"publish","type":"product","link":"https:\/\/www.pharmacieonline.lu\/de\/produit\/nuxe-hair-baume-3-min-pot-200ml\/","title":{"rendered":"NUXE HAIR BAUME 3 MIN POT 200ML"},"content":{"rendered":"<p>Nuxe Hair Prodigieux Intense Repair Haarmaske<br \/>\nLassen Sie sich von der sublimierenden Wirksamkeit des fermentierten rosa Kamelien\u00f6ls und dem berauschenden Duft von Huile Prodigieuse\u00ae f\u00fcr gl\u00e4nzendes Haar verf\u00fchren. Die Intense Repair Hair Mask verwandelt das Haar, indem sie es besser repariert und n\u00e4hrt (+147 % N\u00e4hrstoffe\/Reparatur) und vor Haarbruch sch\u00fctzt (-19 % Haarbruch) \u2013 f\u00fcr Tag f\u00fcr Tag kr\u00e4ftigeres, widerstandsf\u00e4higeres Haar. Diese au\u00dfergew\u00f6hnliche silikonfreie Behandlung erm\u00f6glicht Ihnen ein leichtes Entwirren Ihres Haares und b\u00e4ndigt es, ohne es zu beschweren. Das Haar gl\u00e4nzt und f\u00fchlt sich weich und seidig an. Seine reichhaltige Conditioner-Textur umh\u00fcllt das Haar f\u00fcr ein wundervolles Sinnesritual.<\/p>\n<p>Anwendung:<br \/>\nAuf die handtuchtrockenen L\u00e4ngen und Spitzen auftragen, 3 Minuten einwirken lassen, aussp\u00fclen. Bei Kontakt mit den Augen gr\u00fcndlich aussp\u00fclen.<\/p>\n<p>Zutaten:<br \/>\nAqua\/Wasser, Behenamidopropyldimethylamin, Stearylalkohol, Cetylalkohol, Cocos Nucifera (Kokosnuss)-\u00d6l, Butyrospermum Parkii (Sheabutter), Parfum\/Duftstoff, Camellia Japonica-Samen\u00f6l, Zitronens\u00e4ure, Panthenol, Fructooligosaccharide, Behenyl-\/Stearylaminopropandiolester, Benzoes\u00e4ure, Karamell, Inulin, Candida Bombicola\/Glucose\/Methylrapeseedate-Ferment, Pantolacton, Tetramethylacetyloctahydronaphthaline, Linalylacetat, Linalool, Citronellol, Citrus Aurantium-Schalen\u00f6l, Dimethylphenethylacetat, Limonen, Geraniol, Pelargonium Graveolens-Bl\u00fcten\u00f6l [N5405\/A].<\/p>\n<p>Warnungen:<br \/>\nBei Kontakt mit den Augen gr\u00fcndlich aussp\u00fclen.<\/p>","protected":false},"excerpt":{"rendered":"<p>Nuxe Hair Prodigieux Intense Repair Haarmaske Lassen Sie sich von der sublimierenden Wirksamkeit des fermentierten rosa Kamelien\u00f6ls und dem berauschenden Duft von Huile Prodigieuse\u00ae f\u00fcr gl\u00e4nzendes Haar verf\u00fchren. Die Intense Repair Hair Mask verwandelt das Haar, indem sie es besser repariert und n\u00e4hrt (+147 % N\u00e4hrstoffe\/Reparatur) und vor Haarbruch sch\u00fctzt (-19 % Haarbruch) \u2013 f\u00fcr [&hellip;]<\/p>\n","protected":false},"featured_media":49976,"template":"","meta":{"_acf_changed":false,"footnotes":""},"product_brand":[],"product_cat":[53],"product_tag":[],"class_list":{"0":"post-49974","1":"product","2":"type-product","3":"status-publish","4":"has-post-thumbnail","6":"product_cat-cheveux","8":"first","9":"instock","10":"taxable","11":"shipping-taxable","12":"purchasable","13":"product-type-simple"},"acf":[],"_links":{"self":[{"href":"https:\/\/www.pharmacieonline.lu\/de\/wp-json\/wp\/v2\/product\/49974","targetHints":{"allow":["GET"]}}],"collection":[{"href":"https:\/\/www.pharmacieonline.lu\/de\/wp-json\/wp\/v2\/product"}],"about":[{"href":"https:\/\/www.pharmacieonline.lu\/de\/wp-json\/wp\/v2\/types\/product"}],"version-history":[{"count":0,"href":"https:\/\/www.pharmacieonline.lu\/de\/wp-json\/wp\/v2\/product\/49974\/revisions"}],"wp:featuredmedia":[{"embeddable":true,"href":"https:\/\/www.pharmacieonline.lu\/de\/wp-json\/wp\/v2\/media\/49976"}],"wp:attachment":[{"href":"https:\/\/www.pharmacieonline.lu\/de\/wp-json\/wp\/v2\/media?parent=49974"}],"wp:term":[{"taxonomy":"product_brand","embeddable":true,"href":"https:\/\/www.pharmacieonline.lu\/de\/wp-json\/wp\/v2\/product_brand?post=49974"},{"taxonomy":"product_cat","embeddable":true,"href":"https:\/\/www.pharmacieonline.lu\/de\/wp-json\/wp\/v2\/product_cat?post=49974"},{"taxonomy":"product_tag","embeddable":true,"href":"https:\/\/www.pharmacieonline.lu\/de\/wp-json\/wp\/v2\/product_tag?post=49974"}],"curies":[{"name":"wp","href":"https:\/\/api.w.org\/{rel}","templated":true}]}}