{"id":49977,"date":"2025-04-25T17:41:03","date_gmt":"2025-04-25T15:41:03","guid":{"rendered":"https:\/\/www.pharmacieonline.lu\/?post_type=product&#038;p=49977"},"modified":"2026-04-05T03:55:13","modified_gmt":"2026-04-05T01:55:13","slug":"nuxe-hairbody-mist-sensual-era-100ml","status":"publish","type":"product","link":"https:\/\/www.pharmacieonline.lu\/de\/produit\/nuxe-hairbody-mist-sensual-era-100ml\/","title":{"rendered":"NUXE HAIR&#038;BODY MIST SENSUAL ERA 100ML"},"content":{"rendered":"<p>Das in drei einzigartigen Duftnoten erh\u00e4ltliche Hair and Skin Mist der Marke Nuxe h\u00fcllt K\u00f6rper und Haar in einen Schleier aus k\u00f6stlichem, bet\u00f6rendem oder prickelndem Duft. Ideal f\u00fcr die Sommersaison, erm\u00f6glicht es Ihnen, ein leichtes Parf\u00fcm aufzutragen.<\/p>\n<p>Vorteile des Nuxe Hair and Skin K\u00f6rper- und Haarsprays<br \/>\nDer feine und angenehme Nuxe Hair &amp; Skin Mist ist f\u00fcr alle Haut- und Haartypen geeignet. Dieser Duftnebel besteht zu mindestens 88 % aus Inhaltsstoffen nat\u00fcrlichen Ursprungs und kann zu jeder Tageszeit auf K\u00f6rper und L\u00e4ngen aufgetragen werden, um gut zu riechen und im Sommer ein angenehmes Frischegef\u00fchl zu genie\u00dfen.<\/p>\n<p>Das parf\u00fcmierte K\u00f6rper- und Haarspray von Nuxe bietet drei unvergessliche D\u00fcfte f\u00fcr alle W\u00fcnsche:<\/p>\n<p>Der Nebel \u201eSensual Era\u201c hat eine berauschende, sinnliche und strahlende Sonnenaura. Es hebt leuchtende Orangenbl\u00fcten hervor, verst\u00e4rkt durch ein Herz aus Magnolie und umh\u00fcllender Vanille;<\/p>\n<p>Vegane Formel, ohne Inhaltsstoffe oder Derivate tierischen Ursprungs.<\/p>\n<p>&nbsp;<\/p>","protected":false},"excerpt":{"rendered":"<p>Das in drei einzigartigen Duftnoten erh\u00e4ltliche Hair and Skin Mist der Marke Nuxe h\u00fcllt K\u00f6rper und Haar in einen Schleier aus k\u00f6stlichem, bet\u00f6rendem oder prickelndem Duft. Ideal f\u00fcr die Sommersaison, erm\u00f6glicht es Ihnen, ein leichtes Parf\u00fcm aufzutragen. Vorteile des Nuxe Hair and Skin K\u00f6rper- und Haarsprays Der feine und angenehme Nuxe Hair &amp; Skin Mist [&hellip;]<\/p>\n","protected":false},"featured_media":49979,"template":"","meta":{"_acf_changed":false,"footnotes":""},"product_brand":[],"product_cat":[53],"product_tag":[],"class_list":{"0":"post-49977","1":"product","2":"type-product","3":"status-publish","4":"has-post-thumbnail","6":"product_cat-cheveux","8":"first","9":"outofstock","10":"taxable","11":"shipping-taxable","12":"purchasable","13":"product-type-simple"},"acf":[],"_links":{"self":[{"href":"https:\/\/www.pharmacieonline.lu\/de\/wp-json\/wp\/v2\/product\/49977","targetHints":{"allow":["GET"]}}],"collection":[{"href":"https:\/\/www.pharmacieonline.lu\/de\/wp-json\/wp\/v2\/product"}],"about":[{"href":"https:\/\/www.pharmacieonline.lu\/de\/wp-json\/wp\/v2\/types\/product"}],"version-history":[{"count":0,"href":"https:\/\/www.pharmacieonline.lu\/de\/wp-json\/wp\/v2\/product\/49977\/revisions"}],"wp:featuredmedia":[{"embeddable":true,"href":"https:\/\/www.pharmacieonline.lu\/de\/wp-json\/wp\/v2\/media\/49979"}],"wp:attachment":[{"href":"https:\/\/www.pharmacieonline.lu\/de\/wp-json\/wp\/v2\/media?parent=49977"}],"wp:term":[{"taxonomy":"product_brand","embeddable":true,"href":"https:\/\/www.pharmacieonline.lu\/de\/wp-json\/wp\/v2\/product_brand?post=49977"},{"taxonomy":"product_cat","embeddable":true,"href":"https:\/\/www.pharmacieonline.lu\/de\/wp-json\/wp\/v2\/product_cat?post=49977"},{"taxonomy":"product_tag","embeddable":true,"href":"https:\/\/www.pharmacieonline.lu\/de\/wp-json\/wp\/v2\/product_tag?post=49977"}],"curies":[{"name":"wp","href":"https:\/\/api.w.org\/{rel}","templated":true}]}}