{"id":49981,"date":"2025-04-25T17:43:13","date_gmt":"2025-04-25T15:43:13","guid":{"rendered":"https:\/\/www.pharmacieonline.lu\/?post_type=product&#038;p=49981"},"modified":"2026-04-12T18:25:52","modified_gmt":"2026-04-12T16:25:52","slug":"nuxe-hairbody-mist-happy-in-pink-100ml","status":"publish","type":"product","link":"https:\/\/www.pharmacieonline.lu\/de\/produit\/nuxe-hairbody-mist-happy-in-pink-100ml\/","title":{"rendered":"NUXE HAIR&#038;BODY MIST HAPPY IN PINK 100ML"},"content":{"rendered":"<p>Verabschieden Sie sich von drei einzigartigen D\u00fcften, der Haar- und Hautmischung der Marke Nuxe, umh\u00fcllen Sie den K\u00f6rper und den Kopf mit einem zarten, bezaubernden oder reizenden Parf\u00fcm-Voile. Ideal f\u00fcr die Sommersaison, damit Sie in Ruhe parf\u00fcmieren k\u00f6nnen.<\/p>\n<p>Interessen des K\u00f6rperparfums und der Nuxe Hair and Skin<\/p>\n<p>Fein und angenehm, die B\u00fcrste von Nuxe Hair &amp; Skin passt zu allen Haar- und Haartypen. Bestehend aus mindestens 88 % nat\u00fcrlichen Inhaltsstoffen, kann dieses Brume-Parf\u00fcm bis zum letzten Moment auf den K\u00f6rper und auf die Duftstoffe aufgetragen werden, um sich gut zu f\u00fchlen und ein sp\u00fcrbares Gef\u00fchl des Fra\u00eecheurs am Abend zu erzeugen.<\/p>\n<p>La\u00a0brume parfumante corps et cheveux Nuxe\u00a0offre trois senteurs inoubliables\u00a0pour s&#8217;adapter \u00e0 toutes les envies:<\/p>\n<p>La\u00a0brume Happy in Pink\u00a0entspricht dem weiblichen und blumigen Duft schlechthin! Celle-ci verbindet die Rose und den Duft der Musik f\u00fcr ein unwiderstehliches Tourbillon aus Blumen.<\/p>\n<p>Die Nuxe Hair &amp; Skin ist einfach und schnell zu verwenden und l\u00e4sst sich in einem Flakon pr\u00e4sentieren, der leicht in einen Beutel am Strand gl\u00e4nzt. Sie hat nichts auf dem Kopf und auf den H\u00fcgeln gemacht.<\/p>\n<p>Vegane Formel, ohne Zutaten und tierische Ursprungsprodukte.<\/p>\n<p>&nbsp;<\/p>","protected":false},"excerpt":{"rendered":"<p>Verabschieden Sie sich von drei einzigartigen D\u00fcften, der Haar- und Hautmischung der Marke Nuxe, umh\u00fcllen Sie den K\u00f6rper und den Kopf mit einem zarten, bezaubernden oder reizenden Parf\u00fcm-Voile. Ideal f\u00fcr die Sommersaison, damit Sie in Ruhe parf\u00fcmieren k\u00f6nnen. Interessen des K\u00f6rperparfums und der Nuxe Hair and Skin Fein und angenehm, die B\u00fcrste von Nuxe Hair [&hellip;]<\/p>\n","protected":false},"featured_media":49983,"template":"","meta":{"_acf_changed":false,"footnotes":""},"product_brand":[],"product_cat":[53],"product_tag":[],"class_list":{"0":"post-49981","1":"product","2":"type-product","3":"status-publish","4":"has-post-thumbnail","6":"product_cat-cheveux","8":"first","9":"instock","10":"taxable","11":"shipping-taxable","12":"purchasable","13":"product-type-simple"},"acf":[],"_links":{"self":[{"href":"https:\/\/www.pharmacieonline.lu\/de\/wp-json\/wp\/v2\/product\/49981","targetHints":{"allow":["GET"]}}],"collection":[{"href":"https:\/\/www.pharmacieonline.lu\/de\/wp-json\/wp\/v2\/product"}],"about":[{"href":"https:\/\/www.pharmacieonline.lu\/de\/wp-json\/wp\/v2\/types\/product"}],"version-history":[{"count":0,"href":"https:\/\/www.pharmacieonline.lu\/de\/wp-json\/wp\/v2\/product\/49981\/revisions"}],"wp:featuredmedia":[{"embeddable":true,"href":"https:\/\/www.pharmacieonline.lu\/de\/wp-json\/wp\/v2\/media\/49983"}],"wp:attachment":[{"href":"https:\/\/www.pharmacieonline.lu\/de\/wp-json\/wp\/v2\/media?parent=49981"}],"wp:term":[{"taxonomy":"product_brand","embeddable":true,"href":"https:\/\/www.pharmacieonline.lu\/de\/wp-json\/wp\/v2\/product_brand?post=49981"},{"taxonomy":"product_cat","embeddable":true,"href":"https:\/\/www.pharmacieonline.lu\/de\/wp-json\/wp\/v2\/product_cat?post=49981"},{"taxonomy":"product_tag","embeddable":true,"href":"https:\/\/www.pharmacieonline.lu\/de\/wp-json\/wp\/v2\/product_tag?post=49981"}],"curies":[{"name":"wp","href":"https:\/\/api.w.org\/{rel}","templated":true}]}}