{"id":49991,"date":"2025-04-25T17:49:46","date_gmt":"2025-04-25T15:49:46","guid":{"rendered":"https:\/\/www.pharmacieonline.lu\/?post_type=product&#038;p=49991"},"modified":"2026-04-15T15:55:08","modified_gmt":"2026-04-15T13:55:08","slug":"nicorette-mint-spray-buccal-1mg-2132ml","status":"publish","type":"product","link":"https:\/\/www.pharmacieonline.lu\/de\/produit\/nicorette-mint-spray-buccal-1mg-2132ml\/","title":{"rendered":"NICORETTE MINT SPRAY BUCCAL 1MG 2*13,2ML"},"content":{"rendered":"<p>Nicorette\u00ae Spray Mint Duopack unterst\u00fctzt Sie bei der Rauchableitung. Die Nikotintherapie bringt Sie dazu, Ihre Rauchsucht in drei Sekunden mit nur zwei Verdampfungen zu lindern. Das Spray lindert schwere Symptome, die auf Reizbarkeit und verminderten Appetit hinweisen, damit Sie wieder ohne Tabak leben k\u00f6nnen. Das Nicorette\u00ae Spray Mint Duopack ist ein sehr schnelles Mittel, um Ihre Rauchbegierde zu lindern. Les deux Sprays Nicorette ersetzen bis zu 300 Zigaretten. Der Geschmack der Menthe garantiert ein gesundes, frisches Gericht. Verwenden Sie Nicorette\u00ae Spray Mint Duopack in Verbindung mit Nicorette\u00ae Invisi Patch, wenn Sie ein gro\u00dfes Rauchgas haben, wenn Sie wiederkehrende und unbeherrschbare Rauchgase versp\u00fcren oder eine andere Therapie zum Ersetzen des Nikotins durchf\u00fchren m\u00f6chten, ohne dass die Ergebnisse ausreichen auparavant. Nicorette\u00ae Invisi Patch ist ein diskretes Pflaster, das Ihren Neid nach 16 Stunden Nikotin auffrischt. Kombinieren Sie es mit Nicorette\u00ae Spray Mint und vergessen Sie nicht, ein Leben ohne Tabak zu f\u00fchren. In einem praktischen Duo.<\/p>\n<p>Nicorette\u00ae Spray Mint verw\u00f6hnt Sie mit 1 bis 2 Verdampfungen in drei Sekunden. Beginnen Sie alle Tage mit der Pulverisierung. Wenn Sie nicht zufrieden sind, verwenden Sie eine zweite Pulverisierung.<br \/>\nDas Nikotin-Spr\u00fchtherapeutikum lindert die Symptome schwerer Reizungen und verminderten Appetits und erm\u00f6glicht so ein Leben ohne Tabak.<br \/>\nNicorette\u00ae Spray Mint ist eine Moyen Rapide, die Ihnen die Angst vor Rauch nimmt. Les deux Sprays Nicorette ersetzen bis zu 300 Zigaretten. Der Geschmack der Menthe sorgt daf\u00fcr, dass er frisch und haltbar ist.<br \/>\nNicorette\u00ae Spray Mint ist ein Medikament f\u00fcr Erwachsene. Nicht von Rauchern verwendet werden. In einem praktischen Duo.<br \/>\nKombinieren Sie Nicorette\u00ae Spray Mint mit Nicorette\u00ae Invisi Patch, wenn Sie ein gro\u00dfes Rauchgas ben\u00f6tigen und nichts Wichtiges f\u00fcr ein Leben ohne Tabak brauchen.<br \/>\nAnzeige<\/p>\n<p>Nicorette Mint ist dazu bestimmt, Ihnen bei der Raucherentw\u00f6hnung zu helfen, wenn Sie nach der Entscheidung, auf den Tabak zu verzichten oder Ihren Zigarettenkonsum vor der endg\u00fcltigen Entnahme zu vermindern haben. Es handelt sich um eine Art von Arzneimittel, bei dem es sich um das Arzneimittel \u201eTraitement de Substitution Nicotinique\u201c (TSN) handelt.<\/p>\n<p>Nicorette Mint bek\u00e4mpft die Symptome von starkem Nikotin und enth\u00e4lt die unwiderstehlichen Neider des Rauchs sowie die Symptome, die beim Rauchen auftauchen. Wenn Sie nach der Einnahme von Tabak suchen und Ihr Organismus nicht mehr Nikotin zu sich nimmt, m\u00fcssen Sie sich auf verschiedene Arten von Entzugserscheinungen verlassen, die mit dem Namen der Symptome verbunden sind. Die Verwendung von Nicorette Mint erm\u00f6glicht es Ihnen, diese Entt\u00e4uschungen und diese unwiderstehlichen Rauchgase zu vermeiden oder zu reduzieren, w\u00e4hrend Sie eine kleine Menge Nikotin \u00fcber eine kurze Zeitspanne hinweg in den Organismus stecken. Nicorette Mint enth\u00e4lt kein Gold, kein Kohlenmonoxid und keine weiteren Giftstoffe aus dem Zigarettenrauch.<\/p>\n<p>Um Ihre Chancen auf eine Raucherentw\u00f6hnung zu erh\u00f6hen, sollten Sie, wenn m\u00f6glich, einen Berater und Rat suchen.<\/p>\n<p>Verwendung<\/p>\n<p>Lassen Sie die Sicherheit f\u00fcr Kinder unbedingt zu. Spr\u00fchen Sie das Spray direkt vor Ihre Nase. Verdampfen Sie in der Hohlraumh\u00f6hle oder in der N\u00e4he des Ger\u00e4ts, ohne den Inhalator, den Luftbefeuchter, den Kopf oder die Dusche. Wiederholen Sie den Vorgang, wenn Ihr Rauch nicht etwa ein paar Minuten lang abweicht. Achten Sie darauf, dass das Spray nach der Verwendung nicht mehr verwischt wird.<\/p>\n<p>Zusammensetzung<br \/>\nWirkstoff (pro ml L\u00f6sung): 13,6 mg Nikotin<br \/>\nHilfsstoffe: Propylenglykol, wasserfreies Ethanol, Trometamol, Poloxam\u00e8re 407, Glycerin, Natriumhydrogencarbonat, Levomenthol, Menthenaroma, raffiniertes Aroma, Sucralose, Acesulfam-Kalium, saures Chlorwasserstoff (zur pH-Einstellung), gereinigtes Wasser<\/p>","protected":false},"excerpt":{"rendered":"<p>Nicorette\u00ae Spray Mint Duopack unterst\u00fctzt Sie bei der Rauchableitung. Die Nikotintherapie bringt Sie dazu, Ihre Rauchsucht in drei Sekunden mit nur zwei Verdampfungen zu lindern. Das Spray lindert schwere Symptome, die auf Reizbarkeit und verminderten Appetit hinweisen, damit Sie wieder ohne Tabak leben k\u00f6nnen. Das Nicorette\u00ae Spray Mint Duopack ist ein sehr schnelles Mittel, um [&hellip;]<\/p>\n","protected":false},"featured_media":49993,"template":"","meta":{"_acf_changed":false,"footnotes":""},"product_brand":[],"product_cat":[87],"product_tag":[],"class_list":{"0":"post-49991","1":"product","2":"type-product","3":"status-publish","4":"has-post-thumbnail","6":"product_cat-arret-du-tabac","8":"first","9":"instock","10":"taxable","11":"shipping-taxable","12":"purchasable","13":"product-type-simple"},"acf":[],"_links":{"self":[{"href":"https:\/\/www.pharmacieonline.lu\/de\/wp-json\/wp\/v2\/product\/49991","targetHints":{"allow":["GET"]}}],"collection":[{"href":"https:\/\/www.pharmacieonline.lu\/de\/wp-json\/wp\/v2\/product"}],"about":[{"href":"https:\/\/www.pharmacieonline.lu\/de\/wp-json\/wp\/v2\/types\/product"}],"version-history":[{"count":0,"href":"https:\/\/www.pharmacieonline.lu\/de\/wp-json\/wp\/v2\/product\/49991\/revisions"}],"wp:featuredmedia":[{"embeddable":true,"href":"https:\/\/www.pharmacieonline.lu\/de\/wp-json\/wp\/v2\/media\/49993"}],"wp:attachment":[{"href":"https:\/\/www.pharmacieonline.lu\/de\/wp-json\/wp\/v2\/media?parent=49991"}],"wp:term":[{"taxonomy":"product_brand","embeddable":true,"href":"https:\/\/www.pharmacieonline.lu\/de\/wp-json\/wp\/v2\/product_brand?post=49991"},{"taxonomy":"product_cat","embeddable":true,"href":"https:\/\/www.pharmacieonline.lu\/de\/wp-json\/wp\/v2\/product_cat?post=49991"},{"taxonomy":"product_tag","embeddable":true,"href":"https:\/\/www.pharmacieonline.lu\/de\/wp-json\/wp\/v2\/product_tag?post=49991"}],"curies":[{"name":"wp","href":"https:\/\/api.w.org\/{rel}","templated":true}]}}