{"id":50009,"date":"2025-04-25T18:05:44","date_gmt":"2025-04-25T16:05:44","guid":{"rendered":"https:\/\/www.pharmacieonline.lu\/?post_type=product&#038;p=50009"},"modified":"2026-04-10T04:25:36","modified_gmt":"2026-04-10T02:25:36","slug":"physiomance-menomodul-60-caps","status":"publish","type":"product","link":"https:\/\/www.pharmacieonline.lu\/de\/produit\/physiomance-menomodul-60-caps\/","title":{"rendered":"PHYSIOMANCE MENOMODUL 60 CAPS"},"content":{"rendered":"<p>Erg\u00e4nzendes Nahrungsmittel<\/p>\n<p>Die Menopause ist ein nat\u00fcrliches Stadium im Leben der Frauen, das durch die endg\u00fcltige Beendigung des Menstruationszyklus im Allgemeinen zwischen 45 und 55 Jahren entsteht. Das Ergebnis war eine progressive Entwicklung der Produktion von Eierstockhormonen, insbesondere der Hormonproduktion und des Progesterons. Dieser biologische \u00dcbergang ist eine Quelle von Hormonst\u00f6rungen, die f\u00fcr zahlreiche Symptome verantwortlich sind.<\/p>\n<p>In Frankreich leben sch\u00e4tzungsweise 10 Millionen Frauen in der Menopause, was einen bedeutenden Teil der erwachsenen weiblichen Bev\u00f6lkerung darstellt. Selon les \u00e9tudes, vor 80 % der Frauen, die sich mit Symptomen abfinden, die \u00fcber ihre Kopfschmerzen, ihre n\u00e4chtlichen Freunde und die Probleme des Sommers sprechen. Diese Unannehmlichkeiten k\u00f6nnten sich in Bezug auf die Qualit\u00e4t ihres Lebens \u00e4ndern, sie wirken sich negativ auf ihr k\u00f6rperliches, psychologisches und soziales Leben aus.<br \/>\nDie klimatischen Symptome, die mit der \u00dcbergangsphase in der Menopause verbunden sind, k\u00f6nnen je nach den Momenten der Reise unterschiedlich sein. W\u00e4hrend des Tages treten bei Frauen m\u00f6glicherweise Hitzewallungen auf, es kommt zu \u00fcberm\u00e4\u00dfiger Schwei\u00dfbildung und es kommt auch zu gro\u00dfer M\u00fcdigkeit. Diese Manifestationen sind parf\u00fcmiert, begleitet von Konzentrationsschwierigkeiten und Nervosit\u00e4t, die sich aus allt\u00e4glichen und anspruchsvollen Dingen ergeben. Die Nacht, die Symptome scheinen eine andere Art zu sein, mit ihren n\u00e4chtlichen Tr\u00e4umen, die den Sommer st\u00f6ren, h\u00e4ufigen Erinnerungen und einer Schlaflosigkeit, die die Qualit\u00e4t der Repos beeintr\u00e4chtigt. Diese n\u00e4chtlichen Probleme f\u00fchren zu einem chronischen M\u00fcdigkeitsgef\u00fchl und einer verminderten Erholungsf\u00e4higkeit.<\/p>\n<p>Die Rolle einer Erg\u00e4nzung, die 24 Stunden lang l\u00e4uft, ist von entscheidender Bedeutung, um die hormonellen Ungleichgewichte am Tag und in der Nacht zu kontrollieren und gleichzeitig eine vollst\u00e4ndige und dauerhafte Wiederholung zu gew\u00e4hrleisten. Die Menopause ist auch mit dem Risiko chronischer Erkrankungen wie Osteoporose, Herz-Kreislauf-Erkrankungen und bestimmten Stoffwechselst\u00f6rungen verbunden. In der Folge kann die Senkung der Blutfettwerte die Gefahr einer Knochendichte und eine Erh\u00f6hung des Cholesterinspiegels beg\u00fcnstigen, was einen Preis f\u00fcr eine pr\u00e4ventiv angepasste Wirkung rechtfertigt. Die Menopause ist ein universelles Zeichen, das seit langem in der epidemiologischen Epidemie liegt.<\/p>\n<p>\u00d6ffentliche Gesundheitsinitiativen in Frankreich legen gro\u00dfen Wert darauf, Frauen mit den verf\u00fcgbaren L\u00f6sungen zu sensibilisieren, ihnen hormonelle Eigenschaften, nat\u00fcrliche Nahrungserg\u00e4nzungsmittel oder Nahrungserg\u00e4nzungsmittel wie PHYSIOMANCE\u00ae M\u00e9nomodul zuzuordnen, um Unannehmlichkeiten zu vermeiden und ihre Lebensqualit\u00e4t zu bewahren.<\/p>\n<p>Warum w\u00e4hlen Sie PHYSIOMANCE\u00ae M\u00e9nomodul?<br \/>\nPHYSIOMANCE\u00ae M\u00e9nomodul bietet eine innovative und angepasste L\u00f6sung, um Frauen w\u00e4hrend dieser \u00dcbergangsphase zu begleiten. Genie\u00dfen Sie die doppelte Aktion Tag und Nacht, um die Wirksamkeit 24 Stunden lang zu steigern und auf alle Unannehmlichkeiten zu reagieren.<br \/>\nDie ausgew\u00e4hlten Ma\u00dfnahmen wirken synergetisch, um die Symptome zu lindern, da sie unterwegs sind, um die Energie und den emotionalen Gleichgewichtszustand aufrechtzuerhalten, oder um die Nacht zu verbringen, um einen zweiten Ersatzspieler zu bevorzugen. Dieser globale Ansatz erm\u00f6glicht es den Frauen, in dieser Zeit mit Seri\u00f6sit\u00e4t und Lebensfreude zu leben.<\/p>\n<p>Composition g\u00e9n\u00e9rale des actifs:<\/p>\n<p>&#8211; Bockshornklee ist reich an Saponinen und stimuliert auf nat\u00fcrliche Weise die Produktion von Giftstoffen. Es hilft, die Kopfschmerzen, die Libido und die M\u00fcdigkeit w\u00e4hrend der Menopause zu lindern. Es tr\u00e4gt auch zum Gleichgewicht des Stoffwechsels bei und stabilisiert die Gesundheit und die Gesundheit.<br \/>\n&#8211; Pollenssentiel\u00ae ist ein Komplex, der den Pollen von Palmier Dattier und Safran verbindet. Le Safran, reich an Crocines und Safran, stabilisiert den Humor, lindert die Depression und verbessert den Sommer. Der Pollen wirkt auf nat\u00fcrliche Weise entz\u00fcndungshemmend und schmerzt die Gelenke und Muskeln w\u00e4hrend der Menopause.<br \/>\n&#8211; L\u2019alch\u00e9mille, Gnade mit seinen Tanninen und Flavonoiden, reguliert die weiblichen Hormone, lindert Menstruationsbeschwerden und sch\u00fctzt die Knochendichte. Sie favorisiert auch die Sanguinik-Zirkulation und die Sensation von Jambes Lourdes.<br \/>\n&#8211; Der Ginseng ist leistungsf\u00e4hig, steigert die k\u00f6rperliche und geistige Energie, verringert die M\u00fcdigkeit und st\u00e4rkt die Immunit\u00e4t. Es hilft mir, Stress zu lindern und die Funktion des Herz-Kreislauf-Systems zu sch\u00fctzen, um gegen oxidativen Stress vorzugehen.<br \/>\n&#8211; Houblon Lifenol\u00ae ist eine Quelle von Phytostrogenen, diese extrahieren kurzzeitig die Flaschen aus dem K\u00fchlschrank und Ihre Nachtg\u00e4ste. Ich lasse das Gesundheitswesen im Stich und bevorzuge einen Sommeil-Reparateur, unbedingt in der Menopause.<br \/>\n&#8211; Trans-Resveratrol: Antioxidativer Auszug aus Rosinen, sch\u00fctzt die Zellen vor oxidativem Stress, regt die Vitalit\u00e4t an und verbessert die Blutzirkulation. Es beteiligt sich auch am hormonellen Gleichgewicht und reguliert von Natur aus die \u00d6strogene.<br \/>\n&#8211; Suvimine 13\u00ae: Dieser Komplex besteht aus 11 Vitaminen und 2 Oligoelementen, um M\u00fcdigkeit zu reduzieren und die Immunit\u00e4t zu sch\u00fctzen. Das Vitamin D3 und das Zink verst\u00e4rken die Gesundheit des Knochens und sch\u00fctzen so die Zellen und die Funktion der Schilddr\u00fcse.<\/p>","protected":false},"excerpt":{"rendered":"<p>Erg\u00e4nzendes Nahrungsmittel Die Menopause ist ein nat\u00fcrliches Stadium im Leben der Frauen, das durch die endg\u00fcltige Beendigung des Menstruationszyklus im Allgemeinen zwischen 45 und 55 Jahren entsteht. Das Ergebnis war eine progressive Entwicklung der Produktion von Eierstockhormonen, insbesondere der Hormonproduktion und des Progesterons. Dieser biologische \u00dcbergang ist eine Quelle von Hormonst\u00f6rungen, die f\u00fcr zahlreiche Symptome [&hellip;]<\/p>\n","protected":false},"featured_media":50010,"template":"","meta":{"_acf_changed":false,"footnotes":""},"product_brand":[],"product_cat":[953,948],"product_tag":[],"class_list":{"0":"post-50009","1":"product","2":"type-product","3":"status-publish","4":"has-post-thumbnail","6":"product_cat-complements-alimentaires","7":"product_cat-therascience-physionutrition","9":"first","10":"outofstock","11":"taxable","12":"shipping-taxable","13":"purchasable","14":"product-type-simple"},"acf":[],"_links":{"self":[{"href":"https:\/\/www.pharmacieonline.lu\/de\/wp-json\/wp\/v2\/product\/50009","targetHints":{"allow":["GET"]}}],"collection":[{"href":"https:\/\/www.pharmacieonline.lu\/de\/wp-json\/wp\/v2\/product"}],"about":[{"href":"https:\/\/www.pharmacieonline.lu\/de\/wp-json\/wp\/v2\/types\/product"}],"version-history":[{"count":0,"href":"https:\/\/www.pharmacieonline.lu\/de\/wp-json\/wp\/v2\/product\/50009\/revisions"}],"wp:featuredmedia":[{"embeddable":true,"href":"https:\/\/www.pharmacieonline.lu\/de\/wp-json\/wp\/v2\/media\/50010"}],"wp:attachment":[{"href":"https:\/\/www.pharmacieonline.lu\/de\/wp-json\/wp\/v2\/media?parent=50009"}],"wp:term":[{"taxonomy":"product_brand","embeddable":true,"href":"https:\/\/www.pharmacieonline.lu\/de\/wp-json\/wp\/v2\/product_brand?post=50009"},{"taxonomy":"product_cat","embeddable":true,"href":"https:\/\/www.pharmacieonline.lu\/de\/wp-json\/wp\/v2\/product_cat?post=50009"},{"taxonomy":"product_tag","embeddable":true,"href":"https:\/\/www.pharmacieonline.lu\/de\/wp-json\/wp\/v2\/product_tag?post=50009"}],"curies":[{"name":"wp","href":"https:\/\/api.w.org\/{rel}","templated":true}]}}