{"id":50012,"date":"2025-04-25T18:08:23","date_gmt":"2025-04-25T16:08:23","guid":{"rendered":"https:\/\/www.pharmacieonline.lu\/?post_type=product&#038;p=50012"},"modified":"2026-04-12T18:25:49","modified_gmt":"2026-04-12T16:25:49","slug":"physiomance-permea-gold-15-sach","status":"publish","type":"product","link":"https:\/\/www.pharmacieonline.lu\/de\/produit\/physiomance-permea-gold-15-sach\/","title":{"rendered":"PHYSIOMANCE PERMEA GOLD 15 SACH"},"content":{"rendered":"<p>Erg\u00e4nzende Nahrungsmittel mit nat\u00fcrlichem Geschmackserlebnis<\/p>\n<p>PHYSIOMANCE\u00ae Perm\u00e9a Gold ist eine von unserem Team bei der Suche und Entwicklung erarbeitete und entwickelte Formel. PHYSIOMANCE\u00ae Perm\u00e9a Gold hat sich mit der Suche und der Entwicklung einer speziellen L\u00f6sung besch\u00e4ftigt, die zur Wartung normaler Schleimh\u00e4ute beitragen und die gute Funktion des Tube Digestif gew\u00e4hrleisten kann.<\/p>\n<p>PHYSIOMANCE\u00ae Perm\u00e9a Gold apporte, f\u00fcr 1 Beutel:<\/p>\n<p>5 g nat\u00fcrliche Akazienfasern BIO Fibrassentiel\u00ae, wissenschaftlich nachgewiesene Wirksamkeit bei der Entwicklung einer Qualit\u00e4ts- und FODMAP-freien Muqueuse;<br \/>\n1 g Quercetin aus Sophora japonica, 20 Gramm plus Biodisponible als Standardextrakt;<br \/>\n500 mg Orangenextrakt und Pamplemousse MicrobiomeX\u00ae, titriert auf 420 mg Hesp\u00e9ridin und 25 mg Naringin, mit klinischer Wirksamkeit, die auf die Immunabwehr und die Verbesserung der Darmabwehr getestet wurde;<br \/>\n500 mg 2\u2019-Fucosyllactose Care4U\u00ae, durch nat\u00fcrliche Fermentation gewonnener und zu 98 % reiner Fucosyllactose-Zucker, garantiert h\u00f6chste Qualit\u00e4t;<br \/>\n300 mg Butyrat, Stoffwechselprodukt der Mikrobiota;<br \/>\n300 mg Boswellia serrata-Extrait, titriert auf 195 mg Darms\u00e4ure, die die Magen-Darm-Gesundheit ber\u00fchrt;<br \/>\n200 mg L-Threonin und 50 mg Serin, saure Aminobestandteile des Schleims, und 3 g L-Glutamin, 1 g Taurin und 200 mg N-Acetylcystein, 3 saure Amino- und Derivate;<br \/>\n100 mg eines Komplexes aus 5 Enzymen (\u03b1-Amylase, Protease, Lactase, Cellulase, Lipase);<br \/>\nEine komplexe Mikroern\u00e4hrung, unverzichtbar im Darmsystem:<br \/>\n100 mg Magnesium, also 26 % AR*, die zur Verringerung der M\u00fcdigkeit und zur normalen Proteinsynthese beitragen;<br \/>\n55 \u00b5g Selen, 100 % AR* und 10 mg Zink, 100 % AR*, die zur normalen Funktion des Immunsystems beitragen;<br \/>\n100 % AR* aus den Vitaminen B2 und B3, die zur Erhaltung normaler Schleimh\u00e4ute beitragen und Erm\u00fcdungserscheinungen vorbeugen;<br \/>\n100 % AR* und Vitamin B5, das zur Verringerung der M\u00fcdigkeit beitr\u00e4gt;<br \/>\n100 % AR* aus den Vitaminen B6, B9, B12, C, die zur normalen Funktion des Immunsystems beitragen und M\u00fcdigkeit reduzieren;<br \/>\n100 % AR* und Vitamin B8, das zur Erhaltung normaler Schleimh\u00e4ute beitr\u00e4gt;<br \/>\n100 % AR* aus nat\u00fcrlichem Vitamin D3, das zur normalen Funktion des Immunsystems beitr\u00e4gt<br \/>\n100 % AR* und nat\u00fcrliche Vitamine B1 und E.<br \/>\n*Referenzantr\u00e4ge<br \/>\nCare4U\u00ae ist eine eingetragene Marke von IFF oder seinen verbundenen Unternehmen und wird von Therascience unter Lizenz verwendet.<br \/>\nMicrobiomeX\u00ae ist eine eingetragene Marke von BIOACTOR B.V.<\/p>\n<p>Die Nat\u00fcrlichkeit der Formeln<\/p>\n<p>Unsere Produkte wurden mit einer echten Garantie f\u00fcr Qualit\u00e4t und Wirksamkeit der Wirkstoffe entwickelt!<\/p>\n<p>W\u00e4hlen Sie das Beste mit PHYSIOMANCE\u00ae Perm\u00e9a Gold, einer nat\u00fcrlichen Formel, die das Clean Label THERASCIENCE\u00ae respektiert! Mit diesem Etikett, wir sind zertifizierte Naturformeln, wir haben die Wahl zwischen Wirkstoffen und anderen Hilfsstoffen, ohne k\u00fcnstliche Farbstoffe, ohne k\u00fcnstliche Aromen, ohne Aspartam, ohne Titandioxid, ohne OGM, ohne Nanopartikel, nicht bestrahlt, ohne kolloidales Silicium, ohne Konservierungsstoffe, nicht auf Tiere getestet und hergestellt Europa.<br \/>\nVon allen Seiten achten wir besonders auf die Herkunft unserer Pflanzen-, Champignon- und Algenextrakte, auf ihre bakteriologische Qualit\u00e4t und die Wirksamkeit dieser Extrakte. Aus diesem Grund haben wir den High Quality Process\u00ae entwickelt, ein von unserem Labor abgegebenes Verfahren, das eine Garantie f\u00fcr die Herkunft, die Qualit\u00e4t und die Wirksamkeit aller ausgew\u00e4hlten Pflanzenextrakte, Champignons und anderer ausgew\u00e4hlter Produkte bietet.<\/p>\n<p>Nutzungshinweise<br \/>\n1 Beutel pro Tag vor der Hauptmahlzeit, mindestens 15 Tage haltbar.<br \/>\nGeben Sie das Wasser in einen Shaker, f\u00fcgen Sie 200 ml Wasser hinzu und halten Sie es kr\u00e4ftig.<\/p>\n<p>Vorsichtsma\u00dfnahmen f\u00fcr den Einsatz:<\/p>\n<p>F\u00fcr Erwachsene reserviert.<br \/>\n\u00dcberwachung bei gleichzeitiger Einnahme von Medikamenten erforderlich.<br \/>\nDie Erg\u00e4nzungen d\u00fcrfen nicht verwendet werden, wenn andere Lebensmittel mit der Zugabe von 2\u2032-Fucosyllactose am selben Tag eingenommen werden.<br \/>\nDie Nahrungsmittelzus\u00e4tze werden im Rahmen eines gesunden Lebensstils verwendet und d\u00fcrfen nicht als Ersatz f\u00fcr ein vielf\u00e4ltiges und ausgeglichenes Nahrungsmittelregime verwendet werden. Verpassen Sie nicht die von Journalisten empfohlenen Dosen. Das Produkt darf nur f\u00fcr Kleinkinder verwendet werden.<\/p>\n<p>Fordern Sie im Falle einer Lebensmittelzusatzvereinigung eine Beratung durch Ihren Gesundheitsberuf an.<\/p>\n<p>Zutaten:<br \/>\nAkazienfaser Fibrassentiel\u00ae (Acacia seyal), L-Glutamin, nat\u00fcrliche Aromen, Taurin, Quercetin, Magnesiumglycerophosphat, 2&#8217;Fucosyllactose Care4U\u00ae (Milch), Orangenextrakt (Citrus sinensis) und Pamplemousse (Citrus x paradisi), MicrobiomeX\u00ae, Harzextrakt Boswellia serrata, Natriumbutyrat, L-Threonin, N-Acetylcystin, S\u00e4uerungsmittel: Citronens\u00e4ure, Enzymmischung (Protease, Alpha-Amylase, Laktase, Cellulase, Lipase), Vitamin C (L-Ascorbins\u00e4ure), L-Serin, Erfrischungsmittel: Stevia-Stevia-Glykoside, Bisglycinat Zink, L-Selenmethionin<\/p>","protected":false},"excerpt":{"rendered":"<p>Erg\u00e4nzende Nahrungsmittel mit nat\u00fcrlichem Geschmackserlebnis PHYSIOMANCE\u00ae Perm\u00e9a Gold ist eine von unserem Team bei der Suche und Entwicklung erarbeitete und entwickelte Formel. PHYSIOMANCE\u00ae Perm\u00e9a Gold hat sich mit der Suche und der Entwicklung einer speziellen L\u00f6sung besch\u00e4ftigt, die zur Wartung normaler Schleimh\u00e4ute beitragen und die gute Funktion des Tube Digestif gew\u00e4hrleisten kann. PHYSIOMANCE\u00ae Perm\u00e9a Gold [&hellip;]<\/p>\n","protected":false},"featured_media":50013,"template":"","meta":{"_acf_changed":false,"footnotes":""},"product_brand":[],"product_cat":[953,948],"product_tag":[],"class_list":{"0":"post-50012","1":"product","2":"type-product","3":"status-publish","4":"has-post-thumbnail","6":"product_cat-complements-alimentaires","7":"product_cat-therascience-physionutrition","9":"first","10":"instock","11":"taxable","12":"shipping-taxable","13":"purchasable","14":"product-type-simple"},"acf":[],"_links":{"self":[{"href":"https:\/\/www.pharmacieonline.lu\/de\/wp-json\/wp\/v2\/product\/50012","targetHints":{"allow":["GET"]}}],"collection":[{"href":"https:\/\/www.pharmacieonline.lu\/de\/wp-json\/wp\/v2\/product"}],"about":[{"href":"https:\/\/www.pharmacieonline.lu\/de\/wp-json\/wp\/v2\/types\/product"}],"version-history":[{"count":0,"href":"https:\/\/www.pharmacieonline.lu\/de\/wp-json\/wp\/v2\/product\/50012\/revisions"}],"wp:featuredmedia":[{"embeddable":true,"href":"https:\/\/www.pharmacieonline.lu\/de\/wp-json\/wp\/v2\/media\/50013"}],"wp:attachment":[{"href":"https:\/\/www.pharmacieonline.lu\/de\/wp-json\/wp\/v2\/media?parent=50012"}],"wp:term":[{"taxonomy":"product_brand","embeddable":true,"href":"https:\/\/www.pharmacieonline.lu\/de\/wp-json\/wp\/v2\/product_brand?post=50012"},{"taxonomy":"product_cat","embeddable":true,"href":"https:\/\/www.pharmacieonline.lu\/de\/wp-json\/wp\/v2\/product_cat?post=50012"},{"taxonomy":"product_tag","embeddable":true,"href":"https:\/\/www.pharmacieonline.lu\/de\/wp-json\/wp\/v2\/product_tag?post=50012"}],"curies":[{"name":"wp","href":"https:\/\/api.w.org\/{rel}","templated":true}]}}