{"id":50015,"date":"2025-04-25T18:10:32","date_gmt":"2025-04-25T16:10:32","guid":{"rendered":"https:\/\/www.pharmacieonline.lu\/?post_type=product&#038;p=50015"},"modified":"2026-04-10T04:25:24","modified_gmt":"2026-04-10T02:25:24","slug":"physiomance-rgo-60cpr","status":"publish","type":"product","link":"https:\/\/www.pharmacieonline.lu\/de\/produit\/physiomance-rgo-60cpr\/","title":{"rendered":"PHYSIOMANCE RGO 60CPR"},"content":{"rendered":"<p>Erg\u00e4nzende Nahrungsmittel mit nat\u00fcrlichem Geschmackserlebnis<\/p>\n<p>PHYSIOMANCE RGO Apporte, f\u00fcr 6 Croquer-Komprossen:<\/p>\n<p>1 500 mg Lithothamnepulver mit 450 mg Kalzium, das zur normalen Funktion der Verdauungsenzyme beitr\u00e4gt;<br \/>\n450 mg deutsches Kamillenextrakt zur Linderung von Magen-Darm-Beschwerden.<br \/>\nPHYSIOMANCE RGO wird als Gegenleistung angeboten.<\/p>\n<p>PHYSIOMANCE RGO ist eine ideale Erg\u00e4nzung zur Ern\u00e4hrung bei Reflux in der Speiser\u00f6hre, bei Funktionsst\u00f6rungen des unteren Schlie\u00dfmuskels der Speiser\u00f6hre, bei saurem R\u00fcckfluss usw.<\/p>\n<p>M\u00f6chten Sie PHYSIOMANCE RGO du Laboratoire THERASCIENCE w\u00e4hlen?<\/p>\n<p>Die vollst\u00e4ndige Formel enth\u00e4lt 1 500 mg Lithothamnpulver und 450 mg deutsche Kamillenextrakt.<br \/>\nF\u00fcr eine schnelle Pr\u00e4sentation und eine unkomplizierte Nutzung ist die Pr\u00e4sentation in Form von Kostenvoranschl\u00e4gen erforderlich.<br \/>\nLe saviez-vous ?<\/p>\n<p>Der gastro\u00f6sophageale Reflux (RGO) liegt an einer Funktionsst\u00f6rung des unteren Speiser\u00f6hrenschlie\u00dfmuskels (SOI). In der Tat ist der schwache Verschluss dieses Schlie\u00dfmuskels f\u00fcr die Remontage des Magens gegen\u00fcber der Speiser\u00f6hre verantwortlich, und wir finden heraus, dass die S\u00e4ure des fl\u00fcssigen Magens, aber auch die Anzahl der Enzyme, die das Pepsin verr\u00e4t, das darin enthalten ist Abbau von Proteinen. Diese Magenbeschwerden rufen ein unangenehmes Gef\u00fchl von \u201eBr\u00fblure d\u2019stomac\u201c hervor. Um dieses Problem zu beheben, sorgen die Alginat-, Lithothamne- und Camomille-Verbindung daf\u00fcr, dass eine Barriere entsteht, die den R\u00fcckfluss begrenzt. Sie verringern die S\u00e4ure im Magen- und Speiser\u00f6hrenspiegel und hemmen die Wirkung von Pepsin, wodurch eine entz\u00fcndungshemmende Wirkung erzielt wird, um die Speiser\u00f6hre zu sch\u00fctzen.<\/p>\n<p>Nutzungshinweise<br \/>\n2 Croquer-Spiele nach den beiden Hauptdarstellern und 2 Croquer-Augen-Couch-Sitzungen, jeweils mindestens 10 Tage. Eine Renovierung ist erforderlich.<\/p>\n<p>Vorsichtsma\u00dfnahmen f\u00fcr den Einsatz:<\/p>\n<p>Bevor Sie Medikamente einnehmen (2 Stunden). Eine \u00fcberm\u00e4\u00dfige Vollendung kann Abf\u00fchrwirkungen verursachen.<\/p>\n<p>Die Nahrungsmittelzus\u00e4tze werden im Rahmen eines gesunden Lebensstils verwendet und d\u00fcrfen nicht als Ersatz f\u00fcr ein vielf\u00e4ltiges und ausgeglichenes Nahrungsmittelregime verwendet werden. Verpassen Sie nicht die von Journalisten empfohlenen Dosen. Das Produkt darf nur f\u00fcr Kleinkinder verwendet werden. Fordern Sie im Falle einer Lebensmittelzusatzvereinigung eine Beratung durch Ihren Gesundheitsberuf an.<\/p>\n<p>Zutaten:<br \/>\nWirkstoff: Sorbitol, Lithothamnpulver, Texturwirkstoff: Natriumalginat, Extrakt aus deutscher Kamillenbl\u00fcte, nat\u00fcrliches Mentalaroma, Antiklumpmittel: S\u00e4uren aus Gras, Geschmacksstoff: Glykoside aus Stevia-Stevia.<br \/>\nNettogewicht: 50,4 g<br \/>\nErn\u00e4hrungsanalyse:<br \/>\nGie\u00dfen Sie 6 Comprim\u00e9s %AR*<br \/>\nLithothamnpulver 1 500,0 mg<br \/>\nkein Kalzium 450,0 mg 56<br \/>\nExtrakt aus deutscher Kamille 450,0 mg<\/p>","protected":false},"excerpt":{"rendered":"<p>Erg\u00e4nzende Nahrungsmittel mit nat\u00fcrlichem Geschmackserlebnis PHYSIOMANCE RGO Apporte, f\u00fcr 6 Croquer-Komprossen: 1 500 mg Lithothamnepulver mit 450 mg Kalzium, das zur normalen Funktion der Verdauungsenzyme beitr\u00e4gt; 450 mg deutsches Kamillenextrakt zur Linderung von Magen-Darm-Beschwerden. PHYSIOMANCE RGO wird als Gegenleistung angeboten. PHYSIOMANCE RGO ist eine ideale Erg\u00e4nzung zur Ern\u00e4hrung bei Reflux in der Speiser\u00f6hre, bei Funktionsst\u00f6rungen [&hellip;]<\/p>\n","protected":false},"featured_media":50016,"template":"","meta":{"_acf_changed":false,"footnotes":""},"product_brand":[],"product_cat":[953,948],"product_tag":[],"class_list":{"0":"post-50015","1":"product","2":"type-product","3":"status-publish","4":"has-post-thumbnail","6":"product_cat-complements-alimentaires","7":"product_cat-therascience-physionutrition","9":"first","10":"instock","11":"taxable","12":"shipping-taxable","13":"purchasable","14":"product-type-simple"},"acf":[],"_links":{"self":[{"href":"https:\/\/www.pharmacieonline.lu\/de\/wp-json\/wp\/v2\/product\/50015","targetHints":{"allow":["GET"]}}],"collection":[{"href":"https:\/\/www.pharmacieonline.lu\/de\/wp-json\/wp\/v2\/product"}],"about":[{"href":"https:\/\/www.pharmacieonline.lu\/de\/wp-json\/wp\/v2\/types\/product"}],"version-history":[{"count":0,"href":"https:\/\/www.pharmacieonline.lu\/de\/wp-json\/wp\/v2\/product\/50015\/revisions"}],"wp:featuredmedia":[{"embeddable":true,"href":"https:\/\/www.pharmacieonline.lu\/de\/wp-json\/wp\/v2\/media\/50016"}],"wp:attachment":[{"href":"https:\/\/www.pharmacieonline.lu\/de\/wp-json\/wp\/v2\/media?parent=50015"}],"wp:term":[{"taxonomy":"product_brand","embeddable":true,"href":"https:\/\/www.pharmacieonline.lu\/de\/wp-json\/wp\/v2\/product_brand?post=50015"},{"taxonomy":"product_cat","embeddable":true,"href":"https:\/\/www.pharmacieonline.lu\/de\/wp-json\/wp\/v2\/product_cat?post=50015"},{"taxonomy":"product_tag","embeddable":true,"href":"https:\/\/www.pharmacieonline.lu\/de\/wp-json\/wp\/v2\/product_tag?post=50015"}],"curies":[{"name":"wp","href":"https:\/\/api.w.org\/{rel}","templated":true}]}}