{"id":50261,"date":"2025-05-15T16:48:40","date_gmt":"2025-05-15T14:48:40","guid":{"rendered":"https:\/\/www.pharmacieonline.lu\/?post_type=product&#038;p=50261"},"modified":"2026-04-09T07:55:09","modified_gmt":"2026-04-09T05:55:09","slug":"caudalie-vinoperfect-creme-nuit-50ml","status":"publish","type":"product","link":"https:\/\/www.pharmacieonline.lu\/de\/produit\/caudalie-vinoperfect-creme-nuit-50ml\/","title":{"rendered":"CAUDALIE VINOPERFECT CREME NUIT 50ML"},"content":{"rendered":"<p>Nat\u00fcrlich &amp; Sauber: mineral\u00f6lfrei, parabenfrei, Polyethylenglykol PEG-frei, silikonfrei, vegan<\/p>\n<p>Hauttyp: Alle Hauttypen, Pigmentierte Haut<\/p>\n<p>Beschreibung<br \/>\nDie Glycol Anti-Pigment Spot Night Cream korrigiert Pigmentflecken und wirkt \u00fcber Nacht wie ein sanftes Peeling, um der Haut am Morgen ein frisches, strahlendes Aussehen zu verleihen. Nacht f\u00fcr Nacht werden dunkle Flecken sichtbar reduziert, die Hautstruktur wird gegl\u00e4ttet und der Teint wird ebenm\u00e4\u00dfiger. Als Nachf\u00fcllpackung erh\u00e4ltlich.<\/p>\n<p>Anwendung: Tragen Sie die Vinoperfect Nachtcreme abends nach dem Serum auf Gesicht und Hals auf. Vermeiden Sie die Augenpartie.<\/p>\n<p>Zutaten<br \/>\nAQUA\/WASSER\/EAU, SQUALAN, GLYCERIN, C9-12-ALKANE, VITIS VINIFERA (TRAUBENKERN\u00d6L), ARACHIDYLALKOHOL, 1,2-HEXANDIOL, ALGIN, HYDRIERTES RIZINUS\u00d6L\/SEBACIKS\u00c4URE-COPOLYMER, PALMITOYL-TRAUBENSPROSSENEXTRAKT, GLYKOLS\u00c4URE, CETEARYLGLUCOSID, BEHENYLALKOHOL, BISABOLOL, HYALURONAT, HELIANTHUS ANNUUS (SONNENBLUMENKERN\u00d6L), NATRIUMPHYTAT, TOCOPHEROL, PAPAIN, CAPRYLYLGLYKOL, CARBOMER, PARFUM (DUFTSTOFF).(400\/013)<\/p>\n<p>Die aufgef\u00fchrten Inhaltsstoffe entsprechen dem aktuellen Stand der Produktion. Neue wissenschaftliche Erkenntnisse flie\u00dfen regelm\u00e4\u00dfig in die Rezepturen ein, sodass sich die Rezepturen entsprechend \u00e4ndern k\u00f6nnen. Ausschlaggebend sind daher die Zutatenlisten auf dem Produkt bzw. der Verpackung.<\/p>","protected":false},"excerpt":{"rendered":"<p>Nat\u00fcrlich &amp; Sauber: mineral\u00f6lfrei, parabenfrei, Polyethylenglykol PEG-frei, silikonfrei, vegan Hauttyp: Alle Hauttypen, Pigmentierte Haut Beschreibung Die Glycol Anti-Pigment Spot Night Cream korrigiert Pigmentflecken und wirkt \u00fcber Nacht wie ein sanftes Peeling, um der Haut am Morgen ein frisches, strahlendes Aussehen zu verleihen. Nacht f\u00fcr Nacht werden dunkle Flecken sichtbar reduziert, die Hautstruktur wird gegl\u00e4ttet und [&hellip;]<\/p>\n","protected":false},"featured_media":50264,"template":"","meta":{"_acf_changed":false,"footnotes":""},"product_brand":[],"product_cat":[54],"product_tag":[],"class_list":{"0":"post-50261","1":"product","2":"type-product","3":"status-publish","4":"has-post-thumbnail","6":"product_cat-soins-du-visage","8":"first","9":"instock","10":"taxable","11":"shipping-taxable","12":"purchasable","13":"product-type-simple"},"acf":[],"_links":{"self":[{"href":"https:\/\/www.pharmacieonline.lu\/de\/wp-json\/wp\/v2\/product\/50261","targetHints":{"allow":["GET"]}}],"collection":[{"href":"https:\/\/www.pharmacieonline.lu\/de\/wp-json\/wp\/v2\/product"}],"about":[{"href":"https:\/\/www.pharmacieonline.lu\/de\/wp-json\/wp\/v2\/types\/product"}],"version-history":[{"count":0,"href":"https:\/\/www.pharmacieonline.lu\/de\/wp-json\/wp\/v2\/product\/50261\/revisions"}],"wp:featuredmedia":[{"embeddable":true,"href":"https:\/\/www.pharmacieonline.lu\/de\/wp-json\/wp\/v2\/media\/50264"}],"wp:attachment":[{"href":"https:\/\/www.pharmacieonline.lu\/de\/wp-json\/wp\/v2\/media?parent=50261"}],"wp:term":[{"taxonomy":"product_brand","embeddable":true,"href":"https:\/\/www.pharmacieonline.lu\/de\/wp-json\/wp\/v2\/product_brand?post=50261"},{"taxonomy":"product_cat","embeddable":true,"href":"https:\/\/www.pharmacieonline.lu\/de\/wp-json\/wp\/v2\/product_cat?post=50261"},{"taxonomy":"product_tag","embeddable":true,"href":"https:\/\/www.pharmacieonline.lu\/de\/wp-json\/wp\/v2\/product_tag?post=50261"}],"curies":[{"name":"wp","href":"https:\/\/api.w.org\/{rel}","templated":true}]}}