{"id":50293,"date":"2025-05-16T11:11:53","date_gmt":"2025-05-16T09:11:53","guid":{"rendered":"https:\/\/www.pharmacieonline.lu\/?post_type=product&#038;p=50293"},"modified":"2026-04-10T06:25:29","modified_gmt":"2026-04-10T04:25:29","slug":"vichy-mineral-89-creme-nuit-50ml","status":"publish","type":"product","link":"https:\/\/www.pharmacieonline.lu\/de\/produit\/vichy-mineral-89-creme-nuit-50ml\/","title":{"rendered":"VICHY MINERAL 89 CREME NUIT 50ML"},"content":{"rendered":"<p>Entdecken Sie die neue feuchtigkeitsspendende und reparierende Nachtcreme aus der Min\u00e9ral 89-Reihe f\u00fcr perfekt hydratisierte, prallere und strahlendere Haut w\u00e4hrend des Schlafs. Diese Nachtcreme mit Melatonin, Hyalurons\u00e4ure und Mineralien hilft der Haut, sich schneller von t\u00e4glichen Sch\u00e4den zu erholen und verleiht ihr ein erholtes Aussehen, als ob sie eine erholsame Nacht geschlafen h\u00e4tte. Diese Creme ist Teil Ihrer Hautpflegeroutine und hilft Ihrer Haut, sich im Schlaf zu regenerieren.<\/p>\n<p>Anzeige<\/p>\n<p>Feuchtigkeitsspendende, auff\u00fcllende und regenerierende Nachtcreme.<\/p>\n<p>Verwenden<\/p>\n<p>Abends nach dem Min\u00e9ral 89 Booster auf die saubere, trockene Haut auftragen. Sanft einmassieren, bis es vollst\u00e4ndig eingezogen ist.<\/p>\n<p>Zusammensetzung<\/p>\n<p>INHALTSSTOFFE: AQUA \/ WASSER \/ EAU \u2022 GLYCERIN \u2022 SQUALAN \u2022 NIACINAMID \u2022 CAPRYLIC\/CAPRIC TRIGLYCERIDE \u2022 PENTAERYTHRITYL TETRAETHYLHEXANOAT \u2022 BUTYLENGLYKOL \u2022 NATRIUMCARBOMER \u2022 CHRYSIN \u2022 ZITRONENS\u00c4URE \u2022 KUPFERGLUCONAT \u2022 HYDROXYACETOPHENON \u2022 MELAT ONIN \u2022 MINERALSALZE \u2022 PALMITOYL TETRAPEPTID-7 \u2022 ROSMARINUS OFFICINALIS BLATTEXTRAKT \/ ROSEMARINBLATTEXTRAKT \u2022 NATRIUMHYALURONAT \u2022 NATRIUMHYDROXID \u2022 TRINATRIUMETHYLENDIAMIN-DISUCCINAT \u2022 VITREOSCILLA-FERMENT \u2022 TOCOPHEROL \u2022 BIOSACCHARID IDE GUM-1 \u2022 CAPRYLYLGLYKOL \u2022 GLYCERYLISOSTEARAT \u2022 MILCHS\u00c4URE \u2022 MALTODEXTRIN \u2022 PENTYLENGLYKOL \u2022 KIESELS\u00c4URE \u2022 NATRIUMSTEAROYLGLUTAMAT \u2022 XANTHANGUMMI \u2022 SALICYLS\u00c4URE \u2022 PARFUM \/ DUFTSTOFF (F.I.L. N70053412\/3).<\/p>","protected":false},"excerpt":{"rendered":"<p>Entdecken Sie die neue feuchtigkeitsspendende und reparierende Nachtcreme aus der Min\u00e9ral 89-Reihe f\u00fcr perfekt hydratisierte, prallere und strahlendere Haut w\u00e4hrend des Schlafs. Diese Nachtcreme mit Melatonin, Hyalurons\u00e4ure und Mineralien hilft der Haut, sich schneller von t\u00e4glichen Sch\u00e4den zu erholen und verleiht ihr ein erholtes Aussehen, als ob sie eine erholsame Nacht geschlafen h\u00e4tte. Diese Creme [&hellip;]<\/p>\n","protected":false},"featured_media":50295,"template":"","meta":{"_acf_changed":false,"footnotes":""},"product_brand":[],"product_cat":[54],"product_tag":[],"class_list":{"0":"post-50293","1":"product","2":"type-product","3":"status-publish","4":"has-post-thumbnail","6":"product_cat-soins-du-visage","8":"first","9":"instock","10":"taxable","11":"shipping-taxable","12":"purchasable","13":"product-type-simple"},"acf":[],"_links":{"self":[{"href":"https:\/\/www.pharmacieonline.lu\/de\/wp-json\/wp\/v2\/product\/50293","targetHints":{"allow":["GET"]}}],"collection":[{"href":"https:\/\/www.pharmacieonline.lu\/de\/wp-json\/wp\/v2\/product"}],"about":[{"href":"https:\/\/www.pharmacieonline.lu\/de\/wp-json\/wp\/v2\/types\/product"}],"version-history":[{"count":0,"href":"https:\/\/www.pharmacieonline.lu\/de\/wp-json\/wp\/v2\/product\/50293\/revisions"}],"wp:featuredmedia":[{"embeddable":true,"href":"https:\/\/www.pharmacieonline.lu\/de\/wp-json\/wp\/v2\/media\/50295"}],"wp:attachment":[{"href":"https:\/\/www.pharmacieonline.lu\/de\/wp-json\/wp\/v2\/media?parent=50293"}],"wp:term":[{"taxonomy":"product_brand","embeddable":true,"href":"https:\/\/www.pharmacieonline.lu\/de\/wp-json\/wp\/v2\/product_brand?post=50293"},{"taxonomy":"product_cat","embeddable":true,"href":"https:\/\/www.pharmacieonline.lu\/de\/wp-json\/wp\/v2\/product_cat?post=50293"},{"taxonomy":"product_tag","embeddable":true,"href":"https:\/\/www.pharmacieonline.lu\/de\/wp-json\/wp\/v2\/product_tag?post=50293"}],"curies":[{"name":"wp","href":"https:\/\/api.w.org\/{rel}","templated":true}]}}