{"id":50298,"date":"2025-05-16T11:14:02","date_gmt":"2025-05-16T09:14:02","guid":{"rendered":"https:\/\/www.pharmacieonline.lu\/?post_type=product&#038;p=50298"},"modified":"2026-04-10T06:25:27","modified_gmt":"2026-04-10T04:25:27","slug":"vichy-liftactiv-b3-eyes-spf50-t15","status":"publish","type":"product","link":"https:\/\/www.pharmacieonline.lu\/de\/produit\/vichy-liftactiv-b3-eyes-spf50-t15\/","title":{"rendered":"VICHY LIFTACTIV B3 EYES SPF50 T15"},"content":{"rendered":"<p>Vichy Liftactiv Pigment Specialist B3 Eye Care SPF50+ wurde entwickelt, um sichtbare Augenringe zu bek\u00e4mpfen. Diese Behandlung enth\u00e4lt leistungsstarke Wirkstoffe zur Bek\u00e4mpfung von Pigmentflecken, darunter Niacinamid (Vitamin B3) und den neuen (mehrfach patentierten) Inhaltsstoff Melasyl. Die Wirksamkeit des Produkts beim Verblassen aller Arten von Augenringen und Pigmentflecken ist klinisch erwiesen. Die Formel ist mit einem Breitband-Schutzfaktor SPF50+ angereichert, um die Auswirkungen von UV-Strahlen auf die empfindliche Augenpartie zu begrenzen. Mit der Zeit verblassen dunkle Augenringe und F\u00e4ltchen sichtbar und der Teint wird ebenm\u00e4\u00dfiger.<\/p>\n<p>Anzeige<br \/>\nAugenpflege &#8211; Dunkle Augenringe<\/p>\n<p>Verwenden<br \/>\nAuf die saubere, trockene Haut im Augenbereich auftragen. Sanft einmassieren.<\/p>\n<p>Zusammensetzung<br \/>\nINHALTSSTOFFE: AQUA \/ WASSER \u2022 ALKOHOL DENAT. \u2022 SILICA \u2022 ISOPROPYLMYRISTAT \u2022 DIISOPROPYLSEBACAT \u2022 ETHYLHEXYLTRIAZON \u2022 BUTYLMETHOXYDIBENZOYLMETHAN \u2022 BIS-ETHYLHEXYLOXYPHENOLMETHOXYPHENYLTRIAZIN \u2022 C12-15 ALKYLBENZOAT \u2022 DICAPRYLYLCARBONAT \u2022 GLYCERIN \u2022 PROPANDIOL EDIOL \u2022 C12-22 ALKYLACRYLAT-CROSSPOLYMER\/HYDROXYETHYLACRYLAT-CROSSPOLYMER \u2022 DROMETRIZOL TRISILOXAN \u2022 PERLIT \u2022 ACRYLATE\/C10-30 ALKYLACRYLAT-CROSSPOLYMER \u2022 BUTYLENGLYKOL \u2022 KOFFEIN \u2022 CAPRYLYLGLYKOL \u2022 CARBOMER \u2022 ZITRONENS\u00c4URE ZITRONENS\u00c4URE \u2022 DIETHYLAMINO HYDROXYBENZOYL HEXYLBENZOAT \u2022 DINATRIUMPHOSPHAT \u2022 HYDROXYACETOPHENON \u2022 HYDROXYETHYLCELLULOSE \u2022 2-MERCAPTONICOTINOYLGLYCIN \u2022 NIACINAMID \u2022 PALMITOYLTETRAPEPTID-7 \u2022 PALMITOYLTRIPEPTID-1 \u2022 POLYSORBAT 20 ORBAT 20 \u2022 POLYSORBAT 60 \u2022 NATRIUMHYALURONAT \u2022 NATRIUMLACTAT \u2022 NATRIUMPHOSPHAT \u2022 NATRIUMTHIOSULFAT \u2022 TOCOPHEROL \u2022 TRIETHANOLAMIN \u2022 TRINATRIUMETHYLENDIAMINDISUCCINAT (F.I.L. N70049284\/1).<\/p>","protected":false},"excerpt":{"rendered":"<p>Vichy Liftactiv Pigment Specialist B3 Eye Care SPF50+ wurde entwickelt, um sichtbare Augenringe zu bek\u00e4mpfen. Diese Behandlung enth\u00e4lt leistungsstarke Wirkstoffe zur Bek\u00e4mpfung von Pigmentflecken, darunter Niacinamid (Vitamin B3) und den neuen (mehrfach patentierten) Inhaltsstoff Melasyl. Die Wirksamkeit des Produkts beim Verblassen aller Arten von Augenringen und Pigmentflecken ist klinisch erwiesen. Die Formel ist mit einem [&hellip;]<\/p>\n","protected":false},"featured_media":50300,"template":"","meta":{"_acf_changed":false,"footnotes":""},"product_brand":[],"product_cat":[54],"product_tag":[],"class_list":{"0":"post-50298","1":"product","2":"type-product","3":"status-publish","4":"has-post-thumbnail","6":"product_cat-soins-du-visage","8":"first","9":"instock","10":"taxable","11":"shipping-taxable","12":"purchasable","13":"product-type-simple"},"acf":[],"_links":{"self":[{"href":"https:\/\/www.pharmacieonline.lu\/de\/wp-json\/wp\/v2\/product\/50298","targetHints":{"allow":["GET"]}}],"collection":[{"href":"https:\/\/www.pharmacieonline.lu\/de\/wp-json\/wp\/v2\/product"}],"about":[{"href":"https:\/\/www.pharmacieonline.lu\/de\/wp-json\/wp\/v2\/types\/product"}],"version-history":[{"count":0,"href":"https:\/\/www.pharmacieonline.lu\/de\/wp-json\/wp\/v2\/product\/50298\/revisions"}],"wp:featuredmedia":[{"embeddable":true,"href":"https:\/\/www.pharmacieonline.lu\/de\/wp-json\/wp\/v2\/media\/50300"}],"wp:attachment":[{"href":"https:\/\/www.pharmacieonline.lu\/de\/wp-json\/wp\/v2\/media?parent=50298"}],"wp:term":[{"taxonomy":"product_brand","embeddable":true,"href":"https:\/\/www.pharmacieonline.lu\/de\/wp-json\/wp\/v2\/product_brand?post=50298"},{"taxonomy":"product_cat","embeddable":true,"href":"https:\/\/www.pharmacieonline.lu\/de\/wp-json\/wp\/v2\/product_cat?post=50298"},{"taxonomy":"product_tag","embeddable":true,"href":"https:\/\/www.pharmacieonline.lu\/de\/wp-json\/wp\/v2\/product_tag?post=50298"}],"curies":[{"name":"wp","href":"https:\/\/api.w.org\/{rel}","templated":true}]}}