{"id":50303,"date":"2025-05-16T11:17:02","date_gmt":"2025-05-16T09:17:02","guid":{"rendered":"https:\/\/www.pharmacieonline.lu\/?post_type=product&#038;p=50303"},"modified":"2026-04-10T06:25:19","modified_gmt":"2026-04-10T04:25:19","slug":"roche-posay-lipikar-urea-30-t50ml","status":"publish","type":"product","link":"https:\/\/www.pharmacieonline.lu\/de\/produit\/roche-posay-lipikar-urea-30-t50ml\/","title":{"rendered":"ROCHE POSAY LIPIKAR UREA 30 T50ML"},"content":{"rendered":"<p>La Roche Posay Lipikar Urea 30% Gel ist eine Feuchtigkeitspflege f\u00fcr sehr trockene, raue und schuppige Hautpartien. Das Produkt unterst\u00fctzt die Hautbarriere und lindert unangenehme Empfindungen durch intensive Feuchtigkeits- und N\u00e4hrstoffversorgung und ist daher f\u00fcr empfindliche Haut sowie trockene bis sehr trockene Haut geeignet. Die Formel enth\u00e4lt Harnstoff, eine nat\u00fcrliche Substanz mit feuchtigkeitsspendenden, antibakteriellen und keratolytischen Eigenschaften, und den Wirkstoff Niacinamid, der hilft, Unwohlsein und Juckreiz zu lindern.<\/p>\n<p>Anzeige<br \/>\nBek\u00e4mpft trockene Stellen, Schuppen und Reizungen.<br \/>\nGeeignet f\u00fcr empfindliche und trockene bis sehr trockene Haut.<\/p>\n<p>Verwenden<br \/>\nDieses Produkt ist f\u00fcr die t\u00e4gliche Anwendung morgens und abends geeignet. Tragen Sie eine kleine Menge Lipikar-Gel auf die trockenen Stellen auf und massieren Sie es leicht ein. Vermeiden Sie das Gesicht.<\/p>\n<p>Zusammensetzung<br \/>\nAQUA \u2013 HARNSTOFF \u2013 CAPRYLS\u00c4URE \u2013 HYDROXYETHYLPIPERAZINETHANSULFONS\u00c4URE \u2013 GLYCERIN \u2013 PROPANDIOL \u2013 PENTYLENGLYKOL \u2013 NIACINAMID \u2013 SCLEROTIUMGUMMI \u2013 AMMONIUMPOLYACRYLOYLDIMETHYLTAURAT \u2013 TRIACETIN \u2013 NATRIUMHYDROXID \u2013 CAPRYLYLGLYKOL \u2013 XANTHANGUMMI<\/p>","protected":false},"excerpt":{"rendered":"<p>La Roche Posay Lipikar Urea 30% Gel ist eine Feuchtigkeitspflege f\u00fcr sehr trockene, raue und schuppige Hautpartien. Das Produkt unterst\u00fctzt die Hautbarriere und lindert unangenehme Empfindungen durch intensive Feuchtigkeits- und N\u00e4hrstoffversorgung und ist daher f\u00fcr empfindliche Haut sowie trockene bis sehr trockene Haut geeignet. Die Formel enth\u00e4lt Harnstoff, eine nat\u00fcrliche Substanz mit feuchtigkeitsspendenden, antibakteriellen und [&hellip;]<\/p>\n","protected":false},"featured_media":50305,"template":"","meta":{"_acf_changed":false,"footnotes":""},"product_brand":[],"product_cat":[54],"product_tag":[],"class_list":{"0":"post-50303","1":"product","2":"type-product","3":"status-publish","4":"has-post-thumbnail","6":"product_cat-soins-du-visage","8":"first","9":"instock","10":"taxable","11":"shipping-taxable","12":"purchasable","13":"product-type-simple"},"acf":[],"_links":{"self":[{"href":"https:\/\/www.pharmacieonline.lu\/de\/wp-json\/wp\/v2\/product\/50303","targetHints":{"allow":["GET"]}}],"collection":[{"href":"https:\/\/www.pharmacieonline.lu\/de\/wp-json\/wp\/v2\/product"}],"about":[{"href":"https:\/\/www.pharmacieonline.lu\/de\/wp-json\/wp\/v2\/types\/product"}],"version-history":[{"count":0,"href":"https:\/\/www.pharmacieonline.lu\/de\/wp-json\/wp\/v2\/product\/50303\/revisions"}],"wp:featuredmedia":[{"embeddable":true,"href":"https:\/\/www.pharmacieonline.lu\/de\/wp-json\/wp\/v2\/media\/50305"}],"wp:attachment":[{"href":"https:\/\/www.pharmacieonline.lu\/de\/wp-json\/wp\/v2\/media?parent=50303"}],"wp:term":[{"taxonomy":"product_brand","embeddable":true,"href":"https:\/\/www.pharmacieonline.lu\/de\/wp-json\/wp\/v2\/product_brand?post=50303"},{"taxonomy":"product_cat","embeddable":true,"href":"https:\/\/www.pharmacieonline.lu\/de\/wp-json\/wp\/v2\/product_cat?post=50303"},{"taxonomy":"product_tag","embeddable":true,"href":"https:\/\/www.pharmacieonline.lu\/de\/wp-json\/wp\/v2\/product_tag?post=50303"}],"curies":[{"name":"wp","href":"https:\/\/api.w.org\/{rel}","templated":true}]}}