{"id":50318,"date":"2025-05-16T16:39:54","date_gmt":"2025-05-16T14:39:54","guid":{"rendered":"https:\/\/www.pharmacieonline.lu\/?post_type=product&#038;p=50318"},"modified":"2026-04-08T03:55:13","modified_gmt":"2026-04-08T01:55:13","slug":"filorga-hyalu-filler-serum-30ml","status":"publish","type":"product","link":"https:\/\/www.pharmacieonline.lu\/de\/produit\/filorga-hyalu-filler-serum-30ml\/","title":{"rendered":"FILORGA HYALU-FILLER SERUM 30ML"},"content":{"rendered":"<p>HYALU-FILLER<br \/>\nHYDRATION<\/p>\n<p>Hautpflegeprodukte, die die Kraft von 5 Hyalurons\u00e4uren mit unterschiedlichem Molekulargewicht f\u00fcr hydratisierte und pralle Haut vereinen.<\/p>\n<p>\/ F\u00dcR WEN?<br \/>\nF\u00fcr Frauen und M\u00e4nner:<br \/>\n&#8211; f\u00fcr alle Altersgruppen und Hauttypen, die einen ersten t\u00e4glichen Anti-Aging-Vorbeugungsschritt suchen.<br \/>\n&#8211; die ihre Haut intensiv mit Feuchtigkeit versorgen und aufpolstern und gleichzeitig der Hautalterung vorbeugen m\u00f6chten.<br \/>\n&#8211; die sich einen nat\u00fcrlich strahlenden Teint w\u00fcnschen.<\/p>\n<p>\/ HERZ DER FORMEL<br \/>\nEine Kombination aus 5 Hyalurons\u00e4uren [niedrigmolekular + mittelmolekular + hochmolekular + mikrofragmentiert + vernetzt].<\/p>\n<p>\/ INSPIRATION DER \u00c4STHETISCHEN MEDIZIN<br \/>\nInjektionen mit Hyalurons\u00e4ure und Skin Booster zum Hydratisieren, Aufpolstern, Aufhellen und Auff\u00fcllen von Falten.<\/p>","protected":false},"excerpt":{"rendered":"<p>HYALU-FILLER HYDRATION Hautpflegeprodukte, die die Kraft von 5 Hyalurons\u00e4uren mit unterschiedlichem Molekulargewicht f\u00fcr hydratisierte und pralle Haut vereinen. \/ F\u00dcR WEN? F\u00fcr Frauen und M\u00e4nner: &#8211; f\u00fcr alle Altersgruppen und Hauttypen, die einen ersten t\u00e4glichen Anti-Aging-Vorbeugungsschritt suchen. &#8211; die ihre Haut intensiv mit Feuchtigkeit versorgen und aufpolstern und gleichzeitig der Hautalterung vorbeugen m\u00f6chten. &#8211; die [&hellip;]<\/p>\n","protected":false},"featured_media":50319,"template":"","meta":{"_acf_changed":false,"footnotes":""},"product_brand":[],"product_cat":[54],"product_tag":[],"class_list":{"0":"post-50318","1":"product","2":"type-product","3":"status-publish","4":"has-post-thumbnail","6":"product_cat-soins-du-visage","8":"first","9":"instock","10":"taxable","11":"shipping-taxable","12":"purchasable","13":"product-type-simple"},"acf":[],"_links":{"self":[{"href":"https:\/\/www.pharmacieonline.lu\/de\/wp-json\/wp\/v2\/product\/50318","targetHints":{"allow":["GET"]}}],"collection":[{"href":"https:\/\/www.pharmacieonline.lu\/de\/wp-json\/wp\/v2\/product"}],"about":[{"href":"https:\/\/www.pharmacieonline.lu\/de\/wp-json\/wp\/v2\/types\/product"}],"version-history":[{"count":0,"href":"https:\/\/www.pharmacieonline.lu\/de\/wp-json\/wp\/v2\/product\/50318\/revisions"}],"wp:featuredmedia":[{"embeddable":true,"href":"https:\/\/www.pharmacieonline.lu\/de\/wp-json\/wp\/v2\/media\/50319"}],"wp:attachment":[{"href":"https:\/\/www.pharmacieonline.lu\/de\/wp-json\/wp\/v2\/media?parent=50318"}],"wp:term":[{"taxonomy":"product_brand","embeddable":true,"href":"https:\/\/www.pharmacieonline.lu\/de\/wp-json\/wp\/v2\/product_brand?post=50318"},{"taxonomy":"product_cat","embeddable":true,"href":"https:\/\/www.pharmacieonline.lu\/de\/wp-json\/wp\/v2\/product_cat?post=50318"},{"taxonomy":"product_tag","embeddable":true,"href":"https:\/\/www.pharmacieonline.lu\/de\/wp-json\/wp\/v2\/product_tag?post=50318"}],"curies":[{"name":"wp","href":"https:\/\/api.w.org\/{rel}","templated":true}]}}