{"id":50324,"date":"2025-05-16T16:46:23","date_gmt":"2025-05-16T14:46:23","guid":{"rendered":"https:\/\/www.pharmacieonline.lu\/?post_type=product&#038;p=50324"},"modified":"2026-04-08T01:55:07","modified_gmt":"2026-04-07T23:55:07","slug":"filorga-hyalu-filler-creme-50ml","status":"publish","type":"product","link":"https:\/\/www.pharmacieonline.lu\/de\/produit\/filorga-hyalu-filler-creme-50ml\/","title":{"rendered":"FILORGA HYALU-FILLER CREME 50ML"},"content":{"rendered":"<p>HYALU-FILLER-CREME<br \/>\nAufpolsternde Feuchtigkeitscreme<\/p>\n<p>Eine t\u00e4gliche Anti-Aging-Creme, angereichert mit einem einzigartigen Komplex aus 5 Hyalurons\u00e4uretypen mit unterschiedlichem Molekulargewicht, um die Haut mit Feuchtigkeit zu versorgen und F\u00e4ltchen sichtbar zu gl\u00e4tten.<\/p>\n<p>\/ F\u00dcR WEN?<br \/>\nF\u00fcr Frauen und M\u00e4nner auf der Suche nach:<br \/>\n&#8211; hydratisierte und pralle Haut bei gleichzeitiger Vorbeugung der Hautalterung.<br \/>\n&#8211; Dehydrationsf\u00e4ltchen sichtbar gegl\u00e4ttet.<br \/>\n&#8211; ein nat\u00fcrlich strahlender Teint.<br \/>\n&#8211; eine Creme f\u00fcr jeden Hauttyp, geeignet f\u00fcr jedes Alter.<\/p>\n<p>\/ DIE FORMEL<br \/>\nAufpolsternde und s\u00e4ttigende Feuchtigkeitsversorgung<br \/>\n5 Hyalurons\u00e4uren [niedermolekular + mittelmolekular + hochmolekular + mikrofragmentiert + vernetzt].<br \/>\nBiosaccharid-Gummiextrakt.<br \/>\nSp\u00fclung<br \/>\nNCEF-Komplex<br \/>\n91 % nat\u00fcrlichen Ursprungs.<\/p>\n<p>\/ DIE TEXTUR<br \/>\nErfrischende Creme.<br \/>\nMorgens und abends auf das gesamte Gesicht und den Hals auftragen.<br \/>\n50-ml-Glas.<\/p>\n<p>\/ DER BEAUTY-TIPP<br \/>\nVerwenden Sie es im Fr\u00fchling, wenn die Sonne wieder da ist, im Winter gegen die Hitze, im Sommer gegen die Klimaanlage, w\u00e4hrend einer Flugreise bei feuchtigkeitsarmer Haut und vor dem Make-up f\u00fcr besseren Halt.<\/p>\n<p>DAS +: beugt der Hautalterung vor.<\/p>","protected":false},"excerpt":{"rendered":"<p>HYALU-FILLER-CREME Aufpolsternde Feuchtigkeitscreme Eine t\u00e4gliche Anti-Aging-Creme, angereichert mit einem einzigartigen Komplex aus 5 Hyalurons\u00e4uretypen mit unterschiedlichem Molekulargewicht, um die Haut mit Feuchtigkeit zu versorgen und F\u00e4ltchen sichtbar zu gl\u00e4tten. \/ F\u00dcR WEN? F\u00fcr Frauen und M\u00e4nner auf der Suche nach: &#8211; hydratisierte und pralle Haut bei gleichzeitiger Vorbeugung der Hautalterung. &#8211; Dehydrationsf\u00e4ltchen sichtbar gegl\u00e4ttet. &#8211; [&hellip;]<\/p>\n","protected":false},"featured_media":50325,"template":"","meta":{"_acf_changed":false,"footnotes":""},"product_brand":[],"product_cat":[54],"product_tag":[],"class_list":{"0":"post-50324","1":"product","2":"type-product","3":"status-publish","4":"has-post-thumbnail","6":"product_cat-soins-du-visage","8":"first","9":"instock","10":"taxable","11":"shipping-taxable","12":"purchasable","13":"product-type-simple"},"acf":[],"_links":{"self":[{"href":"https:\/\/www.pharmacieonline.lu\/de\/wp-json\/wp\/v2\/product\/50324","targetHints":{"allow":["GET"]}}],"collection":[{"href":"https:\/\/www.pharmacieonline.lu\/de\/wp-json\/wp\/v2\/product"}],"about":[{"href":"https:\/\/www.pharmacieonline.lu\/de\/wp-json\/wp\/v2\/types\/product"}],"version-history":[{"count":0,"href":"https:\/\/www.pharmacieonline.lu\/de\/wp-json\/wp\/v2\/product\/50324\/revisions"}],"wp:featuredmedia":[{"embeddable":true,"href":"https:\/\/www.pharmacieonline.lu\/de\/wp-json\/wp\/v2\/media\/50325"}],"wp:attachment":[{"href":"https:\/\/www.pharmacieonline.lu\/de\/wp-json\/wp\/v2\/media?parent=50324"}],"wp:term":[{"taxonomy":"product_brand","embeddable":true,"href":"https:\/\/www.pharmacieonline.lu\/de\/wp-json\/wp\/v2\/product_brand?post=50324"},{"taxonomy":"product_cat","embeddable":true,"href":"https:\/\/www.pharmacieonline.lu\/de\/wp-json\/wp\/v2\/product_cat?post=50324"},{"taxonomy":"product_tag","embeddable":true,"href":"https:\/\/www.pharmacieonline.lu\/de\/wp-json\/wp\/v2\/product_tag?post=50324"}],"curies":[{"name":"wp","href":"https:\/\/api.w.org\/{rel}","templated":true}]}}