{"id":50397,"date":"2025-05-21T15:38:57","date_gmt":"2025-05-21T13:38:57","guid":{"rendered":"https:\/\/www.pharmacieonline.lu\/?post_type=product&#038;p=50397"},"modified":"2026-04-09T05:55:11","modified_gmt":"2026-04-09T03:55:11","slug":"vichy-capital-sol-uv-age-spf50-80-ml","status":"publish","type":"product","link":"https:\/\/www.pharmacieonline.lu\/de\/produit\/vichy-capital-sol-uv-age-spf50-80-ml\/","title":{"rendered":"VICHY CAPITAL SOL UV-AGE SPF50+ 80 ML"},"content":{"rendered":"<p>UV-AGE DAILY ist das erste Anti-Aging-Fluid von Vichy. Die patentierte Netlock-Technologie bildet einen ultrad\u00fcnnen, ultraresistenten und unsichtbaren Film auf der Haut und bietet so einen sehr hohen Schutz vor UVB- und UVA-Strahlen, die f\u00fcr mehr als 80 % der Zeichen der Hautalterung verantwortlich sind.<br \/>\nEs ist mit Wirkstoffen mit Anti-Aging-Effekt auf die Haut angereichert, darunter Peptide und Niacinamid, um die Zeichen der Lichtalterung sichtbar zu behandeln: Pigmentierung, schlaffe und stumpfe Haut.<br \/>\nAnzeige<\/p>\n<p>T\u00e4glicher UV-Schutz mit Anti-Aging-Effekt.<\/p>\n<p>Beugt den Zeichen der Lichtalterung vor und verbessert sie.<\/p>\n<p>Verwenden<\/p>\n<p>Kurz vor dem Sonnenbaden auftragen und regelm\u00e4\u00dfig gro\u00dfz\u00fcgig erneut auftragen, insbesondere nach dem Schwimmen, Schwitzen oder Abtrocknen.<\/p>\n<p>Zusammensetzung<\/p>\n<p>INHALTSSTOFFE: AQUA \/ WASSER \/ EAU \u2013 ALCOHOL DENAT. &#8211; DIISOPROPYLSEBACAT &#8211; SILICA &#8211; ISOPROPYLMYRISTAT &#8211; ETHYLHEXYLSALICYLAT &#8211; ETHYLHEXYLTRIAZON &#8211; BIS-ETHYLHEXYLOXYPHENOL METHOXYPHENYLTRIAZIN &#8211; BUTYLMETHOXYDIBENZOYLMETHAN &#8211; GLYCERIN &#8211; C12-22 &#8211; ACRYLAT-COPOLYMER ALKYL\/HYDROXYETHYLACRYLAT &#8211; PROPANDIOL &#8211; NIACINAMID &#8211; DROMETRIZOL TRISILOXAN &#8211; PERLIT &#8211; TOCOPHEROL &#8211; CAPRYLIC\/CAPRIC TRIGLYCERID &#8211; KREUZPOLYMERE ACRYLATE\/C10-30 ALKYLACRYLAT-KREUZPOLYMER &#8211; CAPRYLYLGLYKOL &#8211; HYDROLYSIERTES REISPROTEIN &#8211; HYDROXYETHYLCELLULOSE &#8211; PENTYLENGLYKOL &#8211; Terephthalyliden-Dicamphersulfons\u00e4ure \u2013 Triethanolamin \u2013 Trinatriumethylendiamin-Disuccinat \u2013 Vitreoscilla-Ferment \u2013 \u200b\u200bParf\u00fcm\/Duftstoff (F. I.L. C265479\/1).<\/p>","protected":false},"excerpt":{"rendered":"<p>UV-AGE DAILY ist das erste Anti-Aging-Fluid von Vichy. Die patentierte Netlock-Technologie bildet einen ultrad\u00fcnnen, ultraresistenten und unsichtbaren Film auf der Haut und bietet so einen sehr hohen Schutz vor UVB- und UVA-Strahlen, die f\u00fcr mehr als 80 % der Zeichen der Hautalterung verantwortlich sind. Es ist mit Wirkstoffen mit Anti-Aging-Effekt auf die Haut angereichert, darunter [&hellip;]<\/p>\n","protected":false},"featured_media":50399,"template":"","meta":{"_acf_changed":false,"footnotes":""},"product_brand":[],"product_cat":[68],"product_tag":[],"class_list":{"0":"post-50397","1":"product","2":"type-product","3":"status-publish","4":"has-post-thumbnail","6":"product_cat-solaires-pour-le-corps","8":"first","9":"instock","10":"sale","11":"taxable","12":"shipping-taxable","13":"purchasable","14":"product-type-simple"},"acf":[],"_links":{"self":[{"href":"https:\/\/www.pharmacieonline.lu\/de\/wp-json\/wp\/v2\/product\/50397","targetHints":{"allow":["GET"]}}],"collection":[{"href":"https:\/\/www.pharmacieonline.lu\/de\/wp-json\/wp\/v2\/product"}],"about":[{"href":"https:\/\/www.pharmacieonline.lu\/de\/wp-json\/wp\/v2\/types\/product"}],"version-history":[{"count":0,"href":"https:\/\/www.pharmacieonline.lu\/de\/wp-json\/wp\/v2\/product\/50397\/revisions"}],"wp:featuredmedia":[{"embeddable":true,"href":"https:\/\/www.pharmacieonline.lu\/de\/wp-json\/wp\/v2\/media\/50399"}],"wp:attachment":[{"href":"https:\/\/www.pharmacieonline.lu\/de\/wp-json\/wp\/v2\/media?parent=50397"}],"wp:term":[{"taxonomy":"product_brand","embeddable":true,"href":"https:\/\/www.pharmacieonline.lu\/de\/wp-json\/wp\/v2\/product_brand?post=50397"},{"taxonomy":"product_cat","embeddable":true,"href":"https:\/\/www.pharmacieonline.lu\/de\/wp-json\/wp\/v2\/product_cat?post=50397"},{"taxonomy":"product_tag","embeddable":true,"href":"https:\/\/www.pharmacieonline.lu\/de\/wp-json\/wp\/v2\/product_tag?post=50397"}],"curies":[{"name":"wp","href":"https:\/\/api.w.org\/{rel}","templated":true}]}}