{"id":50407,"date":"2025-05-21T15:44:32","date_gmt":"2025-05-21T13:44:32","guid":{"rendered":"https:\/\/www.pharmacieonline.lu\/?post_type=product&#038;p=50407"},"modified":"2026-04-09T07:55:09","modified_gmt":"2026-04-09T05:55:09","slug":"vichy-capital-sol-f50-eau-hydra-200-ml","status":"publish","type":"product","link":"https:\/\/www.pharmacieonline.lu\/de\/produit\/vichy-capital-sol-f50-eau-hydra-200-ml\/","title":{"rendered":"VICHY CAPITAL SOL F50 EAU HYDRA 200 ML"},"content":{"rendered":"<p>Feuchtigkeitsspendender Sonnenschutz mit frischer, w\u00e4ssriger Textur. Keine wei\u00dfen Flecken und nicht klebrig. Angereichert mit feuchtigkeitsspendender Hyalurons\u00e4ure und Vitamin E f\u00fcr vor freien Radikalen gesch\u00fctzte Haut. Dieses Sonnenschutzmittel ist wasser- und schwei\u00dfresistent. Die hypoallergene Formel wurde dermatologisch an empfindlicher Haut getestet.<\/p>\n<p>Verwenden<\/p>\n<p>Kurz vor dem Sonnenbaden gro\u00dfz\u00fcgig Sonnenschutzmittel aufspr\u00fchen. F\u00fcr optimalen Schutz den ganzen Tag \u00fcber regelm\u00e4\u00dfig und gro\u00dfz\u00fcgig auftragen, insbesondere nach dem Schwimmen, Schwitzen oder Abtrocknen. Kontakt mit Textilien vermeiden.<\/p>\n<p>Zusammensetzung<\/p>\n<p>Aqua \/ Wasser \u2013 Homosalat \u2013 Dicaprylylether \u2013 Diisopropylsebacat \u2013 Octocrylen \u2013 Ethylhexyltriazon \u2013 Dicaprylylcarbonat \u2013 Ethylhexylsalicylat \u2013 Alcohol Denat. \u2013 Butylmethoxydibenzoylmethan \u2013 Glycerin \u2013 Phenylbenzimidazolsulfons\u00e4ure \u2013 Propandiol \u2013 Triethanolamin \u2013 Bis-Ethylhexyloxyphenolmethoxyphenyltriazin \u2013 Caprylylglykol \u2013 Hydrolysierte Hyalurons\u00e4ure \u2013 Phenoxyethanol \u2013 Poly C10-30 Alkylacrylat \u2013 Terephthalylidendicamphersulfons\u00e4ure \u2013 Tocopherol \u2013 Trinatriumethylendiamindisuccinat \u2013 Parfum\/Duftstoff<\/p>","protected":false},"excerpt":{"rendered":"<p>Feuchtigkeitsspendender Sonnenschutz mit frischer, w\u00e4ssriger Textur. Keine wei\u00dfen Flecken und nicht klebrig. Angereichert mit feuchtigkeitsspendender Hyalurons\u00e4ure und Vitamin E f\u00fcr vor freien Radikalen gesch\u00fctzte Haut. Dieses Sonnenschutzmittel ist wasser- und schwei\u00dfresistent. Die hypoallergene Formel wurde dermatologisch an empfindlicher Haut getestet. Verwenden Kurz vor dem Sonnenbaden gro\u00dfz\u00fcgig Sonnenschutzmittel aufspr\u00fchen. F\u00fcr optimalen Schutz den ganzen Tag \u00fcber [&hellip;]<\/p>\n","protected":false},"featured_media":50409,"template":"","meta":{"_acf_changed":false,"footnotes":""},"product_brand":[],"product_cat":[68],"product_tag":[],"class_list":{"0":"post-50407","1":"product","2":"type-product","3":"status-publish","4":"has-post-thumbnail","6":"product_cat-solaires-pour-le-corps","8":"first","9":"instock","10":"sale","11":"taxable","12":"shipping-taxable","13":"purchasable","14":"product-type-simple"},"acf":[],"_links":{"self":[{"href":"https:\/\/www.pharmacieonline.lu\/de\/wp-json\/wp\/v2\/product\/50407","targetHints":{"allow":["GET"]}}],"collection":[{"href":"https:\/\/www.pharmacieonline.lu\/de\/wp-json\/wp\/v2\/product"}],"about":[{"href":"https:\/\/www.pharmacieonline.lu\/de\/wp-json\/wp\/v2\/types\/product"}],"version-history":[{"count":0,"href":"https:\/\/www.pharmacieonline.lu\/de\/wp-json\/wp\/v2\/product\/50407\/revisions"}],"wp:featuredmedia":[{"embeddable":true,"href":"https:\/\/www.pharmacieonline.lu\/de\/wp-json\/wp\/v2\/media\/50409"}],"wp:attachment":[{"href":"https:\/\/www.pharmacieonline.lu\/de\/wp-json\/wp\/v2\/media?parent=50407"}],"wp:term":[{"taxonomy":"product_brand","embeddable":true,"href":"https:\/\/www.pharmacieonline.lu\/de\/wp-json\/wp\/v2\/product_brand?post=50407"},{"taxonomy":"product_cat","embeddable":true,"href":"https:\/\/www.pharmacieonline.lu\/de\/wp-json\/wp\/v2\/product_cat?post=50407"},{"taxonomy":"product_tag","embeddable":true,"href":"https:\/\/www.pharmacieonline.lu\/de\/wp-json\/wp\/v2\/product_tag?post=50407"}],"curies":[{"name":"wp","href":"https:\/\/api.w.org\/{rel}","templated":true}]}}