{"id":50412,"date":"2025-05-21T15:47:28","date_gmt":"2025-05-21T13:47:28","guid":{"rendered":"https:\/\/www.pharmacieonline.lu\/?post_type=product&#038;p=50412"},"modified":"2026-04-14T17:55:07","modified_gmt":"2026-04-14T15:55:07","slug":"vichy-cap-sol-huile-prote-spf30-200-ml","status":"publish","type":"product","link":"https:\/\/www.pharmacieonline.lu\/de\/produit\/vichy-cap-sol-huile-prote-spf30-200-ml\/","title":{"rendered":"VICHY CAP SOL HUILE PROTE SPF30 200 ML"},"content":{"rendered":"<p>Suchen Sie nach ultrasensorischem Sonnenschutz? Entdecken Sie das unsichtbare Trocken\u00f6l SPF30, angereichert mit dermatologischen Wirkstoffen, das vor UV-Strahlen sch\u00fctzt, die Hautqualit\u00e4t verbessert und der Hautalterung vorbeugt. Hohe Wasserbest\u00e4ndigkeit. Sehr hoher Schutz. Sch\u00fctzt die Haut auf Zellebene vor UV-Strahlen. Pflegt und sch\u00fctzt das Haar vor dem Austrocknen. Auf allen Fototypen unsichtbar.<\/p>\n<p>Anzeige<\/p>\n<p>Sonnenschutz f\u00fcr K\u00f6rper und Gesicht mit LSF 30.<\/p>\n<p>Verwenden<\/p>\n<p>Unmittelbar vor der Sonneneinstrahlung auftragen. Um den Schutz aufrechtzuerhalten, tragen Sie ihn h\u00e4ufig und gro\u00dfz\u00fcgig erneut auf, insbesondere nach dem Schwimmen, Schwitzen oder Abtrocknen. Nicht direkt auf das Gesicht spr\u00fchen; Vor dem Auftragen auf die H\u00e4nde verteilen. Vermeiden Sie die Augenpartie.<\/p>\n<p>Zusammensetzung<\/p>\n<p>INHALTSSTOFFE: ISOPROPYLPALMITAT \u2022 ETHYLHEXYLPALMITAT \u2022 ALKOHOL DENAT. \u2022 DIISOPROPYLSEBACAT \u2022 ETHYLHEXYLTRIAZON \u2022 BUTYLMETHOXYDIBENZOYLMETHAN \u2022 BIS-ETHYLHEXYLOXYPHENOLMETHOXYPHENYLTRIAZIN \u2022 C12-15-ALKYLBENZOAT \u2022 DICAPRYLYLCARBONAT \u2022 ETHYLENDIAMIN\/STEARYL-DIMER-DILINOLEAT-COPOLYMER \u2022 SQUALAN \u2022 DROMETRIZOL-TRISILOXAN \u2022 PENTAERYTHRITYL-TETRA-DI-T-BUTYL-HYDROXYHYDROCINNAMAT \u2022 TOCOPHEROL \u2022 PARFUM \/ DUFTSTOFF (F.I.L. N70049519\/1).<\/p>","protected":false},"excerpt":{"rendered":"<p>Suchen Sie nach ultrasensorischem Sonnenschutz? Entdecken Sie das unsichtbare Trocken\u00f6l SPF30, angereichert mit dermatologischen Wirkstoffen, das vor UV-Strahlen sch\u00fctzt, die Hautqualit\u00e4t verbessert und der Hautalterung vorbeugt. Hohe Wasserbest\u00e4ndigkeit. Sehr hoher Schutz. Sch\u00fctzt die Haut auf Zellebene vor UV-Strahlen. Pflegt und sch\u00fctzt das Haar vor dem Austrocknen. Auf allen Fototypen unsichtbar. Anzeige Sonnenschutz f\u00fcr K\u00f6rper und [&hellip;]<\/p>\n","protected":false},"featured_media":50414,"template":"","meta":{"_acf_changed":false,"footnotes":""},"product_brand":[],"product_cat":[68],"product_tag":[],"class_list":{"0":"post-50412","1":"product","2":"type-product","3":"status-publish","4":"has-post-thumbnail","6":"product_cat-solaires-pour-le-corps","8":"first","9":"instock","10":"sale","11":"taxable","12":"shipping-taxable","13":"purchasable","14":"product-type-simple"},"acf":[],"_links":{"self":[{"href":"https:\/\/www.pharmacieonline.lu\/de\/wp-json\/wp\/v2\/product\/50412","targetHints":{"allow":["GET"]}}],"collection":[{"href":"https:\/\/www.pharmacieonline.lu\/de\/wp-json\/wp\/v2\/product"}],"about":[{"href":"https:\/\/www.pharmacieonline.lu\/de\/wp-json\/wp\/v2\/types\/product"}],"version-history":[{"count":0,"href":"https:\/\/www.pharmacieonline.lu\/de\/wp-json\/wp\/v2\/product\/50412\/revisions"}],"wp:featuredmedia":[{"embeddable":true,"href":"https:\/\/www.pharmacieonline.lu\/de\/wp-json\/wp\/v2\/media\/50414"}],"wp:attachment":[{"href":"https:\/\/www.pharmacieonline.lu\/de\/wp-json\/wp\/v2\/media?parent=50412"}],"wp:term":[{"taxonomy":"product_brand","embeddable":true,"href":"https:\/\/www.pharmacieonline.lu\/de\/wp-json\/wp\/v2\/product_brand?post=50412"},{"taxonomy":"product_cat","embeddable":true,"href":"https:\/\/www.pharmacieonline.lu\/de\/wp-json\/wp\/v2\/product_cat?post=50412"},{"taxonomy":"product_tag","embeddable":true,"href":"https:\/\/www.pharmacieonline.lu\/de\/wp-json\/wp\/v2\/product_tag?post=50412"}],"curies":[{"name":"wp","href":"https:\/\/api.w.org\/{rel}","templated":true}]}}