{"id":50422,"date":"2025-05-21T15:51:30","date_gmt":"2025-05-21T13:51:30","guid":{"rendered":"https:\/\/www.pharmacieonline.lu\/?post_type=product&#038;p=50422"},"modified":"2026-04-11T21:55:08","modified_gmt":"2026-04-11T19:55:08","slug":"roche-posay-anthel-br-corps-invis-f50","status":"publish","type":"product","link":"https:\/\/www.pharmacieonline.lu\/de\/produit\/roche-posay-anthel-br-corps-invis-f50\/","title":{"rendered":"ROCHE POSAY ANTHEL BR CORPS INVIS F50+"},"content":{"rendered":"<p>F\u00fcr alle, die einen wirksamen, schnell und einfach anzuwendenden Schutz suchen. Geeignet f\u00fcr Sportler und alle Haartypen.<br \/>\nGeeignet f\u00fcr empfindliche Haut oder Haut, die zu Sonnenunvertr\u00e4glichkeit (allgemein als Sonnenallergie bekannt) neigt.<\/p>\n<p>Schnelle Absorption<br \/>\nUltrafeine Textur<br \/>\nUnsichtbares und nicht klebendes Finish<br \/>\nVerwenden<\/p>\n<p>Tragen Sie das Produkt unmittelbar vor der Sonneneinstrahlung auf.<br \/>\nGro\u00dfz\u00fcgig und h\u00e4ufig erneut auftragen, insbesondere nach dem Schwimmen, Schwitzen oder Abtrocknen.<br \/>\nMehrpositionsspray. \u00c4u\u00dferliche Anwendung.<\/p>\n<p>Zusammensetzung<br \/>\nZUTATEN | GEWINDECODE: C171232\/1<br \/>\nBUTAN<br \/>\nAQUA \/ WASSER<br \/>\nHOMOSALAT<br \/>\nDICAPRYLYLETHER<br \/>\nOctocrylen<br \/>\nETHYLHEXYLSALICYLAT<br \/>\nDIMETHICON<br \/>\nSTYROL\/ACRYLAT-COPOLYMER<br \/>\nBUTYLMETHOXYDIBENZOYLMETHAN<br \/>\nDROMETRIZOL TRISILOXAN<br \/>\nPEG-30 DIPOLYHYDROXYSTEARAT<br \/>\nNYLON-12<br \/>\nDICAPRYLYLCARBONAT<br \/>\nMethylmethacrylat-Kreuzpolymer<br \/>\nCYCLOHEXASILOXAN<br \/>\nPOLYMETHYLSILSESQUIOXAN<br \/>\np-ANISS\u00c4URE<br \/>\nCAPRYLYLGLYKOL<br \/>\nDINATRIUM EDTA<br \/>\nDISTEARDIMONIUM HECTORITE<br \/>\nDodecen<br \/>\nETHYLHEXYLTRIAZON<br \/>\nIsododecan<br \/>\nLAURYL PEG\/PPG-18\/18 METHICON<br \/>\nPEG-8-LAURAT<br \/>\nPHENOXYETHANOL<br \/>\nPOLOXAMER 407<br \/>\nPOLY C10-30 ALKYLACRYLAT<br \/>\nPROPYLENCARBONAT<br \/>\nNATRIUMCHLORID<br \/>\nTOCOPHEROL<br \/>\nPARF\u00dcM \/ DUFT<\/p>","protected":false},"excerpt":{"rendered":"<p>F\u00fcr alle, die einen wirksamen, schnell und einfach anzuwendenden Schutz suchen. Geeignet f\u00fcr Sportler und alle Haartypen. Geeignet f\u00fcr empfindliche Haut oder Haut, die zu Sonnenunvertr\u00e4glichkeit (allgemein als Sonnenallergie bekannt) neigt. Schnelle Absorption Ultrafeine Textur Unsichtbares und nicht klebendes Finish Verwenden Tragen Sie das Produkt unmittelbar vor der Sonneneinstrahlung auf. Gro\u00dfz\u00fcgig und h\u00e4ufig erneut auftragen, [&hellip;]<\/p>\n","protected":false},"featured_media":50424,"template":"","meta":{"_acf_changed":false,"footnotes":""},"product_brand":[],"product_cat":[68],"product_tag":[],"class_list":{"0":"post-50422","1":"product","2":"type-product","3":"status-publish","4":"has-post-thumbnail","6":"product_cat-solaires-pour-le-corps","8":"first","9":"instock","10":"sale","11":"taxable","12":"shipping-taxable","13":"purchasable","14":"product-type-simple"},"acf":[],"_links":{"self":[{"href":"https:\/\/www.pharmacieonline.lu\/de\/wp-json\/wp\/v2\/product\/50422","targetHints":{"allow":["GET"]}}],"collection":[{"href":"https:\/\/www.pharmacieonline.lu\/de\/wp-json\/wp\/v2\/product"}],"about":[{"href":"https:\/\/www.pharmacieonline.lu\/de\/wp-json\/wp\/v2\/types\/product"}],"version-history":[{"count":0,"href":"https:\/\/www.pharmacieonline.lu\/de\/wp-json\/wp\/v2\/product\/50422\/revisions"}],"wp:featuredmedia":[{"embeddable":true,"href":"https:\/\/www.pharmacieonline.lu\/de\/wp-json\/wp\/v2\/media\/50424"}],"wp:attachment":[{"href":"https:\/\/www.pharmacieonline.lu\/de\/wp-json\/wp\/v2\/media?parent=50422"}],"wp:term":[{"taxonomy":"product_brand","embeddable":true,"href":"https:\/\/www.pharmacieonline.lu\/de\/wp-json\/wp\/v2\/product_brand?post=50422"},{"taxonomy":"product_cat","embeddable":true,"href":"https:\/\/www.pharmacieonline.lu\/de\/wp-json\/wp\/v2\/product_cat?post=50422"},{"taxonomy":"product_tag","embeddable":true,"href":"https:\/\/www.pharmacieonline.lu\/de\/wp-json\/wp\/v2\/product_tag?post=50422"}],"curies":[{"name":"wp","href":"https:\/\/api.w.org\/{rel}","templated":true}]}}