{"id":50427,"date":"2025-05-21T15:53:13","date_gmt":"2025-05-21T13:53:13","guid":{"rendered":"https:\/\/www.pharmacieonline.lu\/?post_type=product&#038;p=50427"},"modified":"2026-04-14T17:55:06","modified_gmt":"2026-04-14T15:55:06","slug":"vichy-cap-sol-huile-protectrice-200ml","status":"publish","type":"product","link":"https:\/\/www.pharmacieonline.lu\/de\/produit\/vichy-cap-sol-huile-protectrice-200ml\/","title":{"rendered":"VICHY CAP SOL HUILE PROTECTRICE 200ML"},"content":{"rendered":"<p>H\u00f6chster Schutz mit deutlichen Vorteilen f\u00fcr die Haut und einer einzigartigen sensorischen Wirkung.<\/p>\n<p>Das erste unsichtbare Schutz\u00f6l, das die Hautqualit\u00e4t wiederherstellt.<br \/>\nDie Haut wird gepflegt, beruhigt und glatter.<br \/>\nSch\u00fctzt die Hautzellen.<br \/>\nBeugt Schuppenbildung, Trockenheit, Spannungsgef\u00fchl und Mattheit vor.<br \/>\nAnzeige<\/p>\n<p>Regeneriert die Haut \u2013 n\u00e4hrt \u2013 beruhigt \u2013 gl\u00e4ttet \u2013 beugt Schuppenbildung \u2013 Trockenheit \u2013 Spannungsgef\u00fchl und Mattheit vor<\/p>\n<p>Verwenden<\/p>\n<p>Gesicht, K\u00f6rper und Haarspitzen.<\/p>\n<p>Zusammensetzung<br \/>\n1 % SQUALAN (st\u00e4rkt die Feuchtigkeitsversorgung, speichert Feuchtigkeit, gl\u00e4ttet die Hautbarriere) + CERAMIDE (f\u00fcllt den nat\u00fcrlichen Lipidspiegel der Haut wieder auf, repariert die Hautbarriere, f\u00f6rdert die Hautregeneration)<br \/>\n1 % VITAMIN E (macht die Haut weich, verhindert Oxidation, sch\u00fctzt die Hautbarriere)<\/p>","protected":false},"excerpt":{"rendered":"<p>H\u00f6chster Schutz mit deutlichen Vorteilen f\u00fcr die Haut und einer einzigartigen sensorischen Wirkung. Das erste unsichtbare Schutz\u00f6l, das die Hautqualit\u00e4t wiederherstellt. Die Haut wird gepflegt, beruhigt und glatter. Sch\u00fctzt die Hautzellen. Beugt Schuppenbildung, Trockenheit, Spannungsgef\u00fchl und Mattheit vor. Anzeige Regeneriert die Haut \u2013 n\u00e4hrt \u2013 beruhigt \u2013 gl\u00e4ttet \u2013 beugt Schuppenbildung \u2013 Trockenheit \u2013 Spannungsgef\u00fchl [&hellip;]<\/p>\n","protected":false},"featured_media":50429,"template":"","meta":{"_acf_changed":false,"footnotes":""},"product_brand":[],"product_cat":[68],"product_tag":[],"class_list":{"0":"post-50427","1":"product","2":"type-product","3":"status-publish","4":"has-post-thumbnail","6":"product_cat-solaires-pour-le-corps","8":"first","9":"instock","10":"sale","11":"taxable","12":"shipping-taxable","13":"purchasable","14":"product-type-simple"},"acf":[],"_links":{"self":[{"href":"https:\/\/www.pharmacieonline.lu\/de\/wp-json\/wp\/v2\/product\/50427","targetHints":{"allow":["GET"]}}],"collection":[{"href":"https:\/\/www.pharmacieonline.lu\/de\/wp-json\/wp\/v2\/product"}],"about":[{"href":"https:\/\/www.pharmacieonline.lu\/de\/wp-json\/wp\/v2\/types\/product"}],"version-history":[{"count":0,"href":"https:\/\/www.pharmacieonline.lu\/de\/wp-json\/wp\/v2\/product\/50427\/revisions"}],"wp:featuredmedia":[{"embeddable":true,"href":"https:\/\/www.pharmacieonline.lu\/de\/wp-json\/wp\/v2\/media\/50429"}],"wp:attachment":[{"href":"https:\/\/www.pharmacieonline.lu\/de\/wp-json\/wp\/v2\/media?parent=50427"}],"wp:term":[{"taxonomy":"product_brand","embeddable":true,"href":"https:\/\/www.pharmacieonline.lu\/de\/wp-json\/wp\/v2\/product_brand?post=50427"},{"taxonomy":"product_cat","embeddable":true,"href":"https:\/\/www.pharmacieonline.lu\/de\/wp-json\/wp\/v2\/product_cat?post=50427"},{"taxonomy":"product_tag","embeddable":true,"href":"https:\/\/www.pharmacieonline.lu\/de\/wp-json\/wp\/v2\/product_tag?post=50427"}],"curies":[{"name":"wp","href":"https:\/\/api.w.org\/{rel}","templated":true}]}}