{"id":50442,"date":"2025-05-21T16:00:09","date_gmt":"2025-05-21T14:00:09","guid":{"rendered":"https:\/\/www.pharmacieonline.lu\/?post_type=product&#038;p=50442"},"modified":"2026-04-09T05:55:10","modified_gmt":"2026-04-09T03:55:10","slug":"vichy-is-creme-a-age-f50-50-ml","status":"publish","type":"product","link":"https:\/\/www.pharmacieonline.lu\/de\/produit\/vichy-is-creme-a-age-f50-50-ml\/","title":{"rendered":"VICHY IS CREME A\/AGE F50 50 ML"},"content":{"rendered":"<p>IDEALE SONNE<\/p>\n<p>Anti-Aging 3-in-1 Antioxidantienpflege LSF 50<\/p>\n<p>Sonnenschutz &#8211; Gesichtsschutz<\/p>\n<p>Anzeige<\/p>\n<p>Angereichert mit fermentiertem Schwarztee-Extrakt, um die Zeichen der Hautalterung zu bek\u00e4mpfen und den Teint zu beleben. Die Formel enth\u00e4lt au\u00dferdem einen Extrakt der Camu-Camu-Frucht, der reich an Vitamin C ist, eine antioxidative Wirkung hat und vor \u00e4u\u00dferen Einfl\u00fcssen sch\u00fctzt. Die cremige, trockene Formel zieht schnell in die Haut ein und hinterl\u00e4sst ein nat\u00fcrliches, mattes Finish.<\/p>\n<p>HOHER UV-SCHUTZ<\/p>\n<p>DREIFACH-ANTI-AGING-WIRKUNG: ANTI-FALTEN, ELASTIZIT\u00c4T UND STRAHLENDES HAUTBILD<\/p>\n<p>TROCKENE BER\u00dcHRUNGSFORMEL<\/p>\n<p>HYPOALLERGEN &#8211; GEEIGNET F\u00dcR EMPFINDLICHE HAUT<\/p>\n<p>HAUTTYP: Alle Hauttypen<\/p>\n<p>WANN: Mindestens alle 2 Stunden<\/p>\n<p>VORTEILE: Reduziert Falten, verbessert die Elastizit\u00e4t, belebt den Teint.<\/p>\n<p>SPF 50-Index<\/p>\n<p>Verwenden<\/p>\n<p>Tragen Sie diesen t\u00e4glichen Sonnenschutz unmittelbar vor dem Sonnenbaden gro\u00dfz\u00fcgig auf. F\u00fcr optimalen Schutz den ganzen Tag \u00fcber regelm\u00e4\u00dfig und gro\u00dfz\u00fcgig auftragen, insbesondere nach dem Schwimmen, Schwitzen oder Abtrocknen.<\/p>\n<p>Zusammensetzung<\/p>\n<p>Aqua \/ Wasser &#8211; Homosalat &#8211; Silica &#8211; Ethylhexylsalicylat &#8211; Ethylhexyltriazon &#8211; Glycerin &#8211; C12-15-Alkylbenzoat &#8211; Bis-Ethylhexyloxyphenol-Methoxyphenyltriazin &#8211; Drometrizoltrisiloxan &#8211; Butylmethoxydibenzoylmethan &#8211; Saccharomyces\/Xylinum\/Schwarztee-Ferment &#8211; Aluminiumst\u00e4rkeoctenylsuccinat &#8211; Octocrylen &#8211; Pentylenglykol &#8211; Styrol\/Acrylat-Copolymer &#8211; Kaliumcetylphosphat &#8211; Parfum \/ Duftstoff &#8211; Caprylylmethicon &#8211; Terephthalylidendicamphersulfons\u00e4ure &#8211; Butylenglykol &#8211; Titandioxid [Nano] \/ Titandioxid &#8211; Triethanolamin &#8211; Phenoxyethanol &#8211; Caprylylglykol &#8211; Stearylalkohol &#8211; Dimethicon &#8211; Acrylate\/C10-30-Alkylacrylat-Crosspolymer &#8211; Inulinlaurylcarbamat &#8211; Peg-8-Laurat &#8211; Dinatriumedetat &#8211; Tocopherol &#8211; &#8211; Ci 17200 \/ Rot 33<\/p>","protected":false},"excerpt":{"rendered":"<p>IDEALE SONNE Anti-Aging 3-in-1 Antioxidantienpflege LSF 50 Sonnenschutz &#8211; Gesichtsschutz Anzeige Angereichert mit fermentiertem Schwarztee-Extrakt, um die Zeichen der Hautalterung zu bek\u00e4mpfen und den Teint zu beleben. Die Formel enth\u00e4lt au\u00dferdem einen Extrakt der Camu-Camu-Frucht, der reich an Vitamin C ist, eine antioxidative Wirkung hat und vor \u00e4u\u00dferen Einfl\u00fcssen sch\u00fctzt. Die cremige, trockene Formel zieht [&hellip;]<\/p>\n","protected":false},"featured_media":50444,"template":"","meta":{"_acf_changed":false,"footnotes":""},"product_brand":[],"product_cat":[67],"product_tag":[],"class_list":{"0":"post-50442","1":"product","2":"type-product","3":"status-publish","4":"has-post-thumbnail","6":"product_cat-cremes-solaire","8":"first","9":"instock","10":"sale","11":"taxable","12":"shipping-taxable","13":"purchasable","14":"product-type-simple"},"acf":[],"_links":{"self":[{"href":"https:\/\/www.pharmacieonline.lu\/de\/wp-json\/wp\/v2\/product\/50442","targetHints":{"allow":["GET"]}}],"collection":[{"href":"https:\/\/www.pharmacieonline.lu\/de\/wp-json\/wp\/v2\/product"}],"about":[{"href":"https:\/\/www.pharmacieonline.lu\/de\/wp-json\/wp\/v2\/types\/product"}],"version-history":[{"count":0,"href":"https:\/\/www.pharmacieonline.lu\/de\/wp-json\/wp\/v2\/product\/50442\/revisions"}],"wp:featuredmedia":[{"embeddable":true,"href":"https:\/\/www.pharmacieonline.lu\/de\/wp-json\/wp\/v2\/media\/50444"}],"wp:attachment":[{"href":"https:\/\/www.pharmacieonline.lu\/de\/wp-json\/wp\/v2\/media?parent=50442"}],"wp:term":[{"taxonomy":"product_brand","embeddable":true,"href":"https:\/\/www.pharmacieonline.lu\/de\/wp-json\/wp\/v2\/product_brand?post=50442"},{"taxonomy":"product_cat","embeddable":true,"href":"https:\/\/www.pharmacieonline.lu\/de\/wp-json\/wp\/v2\/product_cat?post=50442"},{"taxonomy":"product_tag","embeddable":true,"href":"https:\/\/www.pharmacieonline.lu\/de\/wp-json\/wp\/v2\/product_tag?post=50442"}],"curies":[{"name":"wp","href":"https:\/\/api.w.org\/{rel}","templated":true}]}}