{"id":50447,"date":"2025-05-21T16:02:18","date_gmt":"2025-05-21T14:02:18","guid":{"rendered":"https:\/\/www.pharmacieonline.lu\/?post_type=product&#038;p=50447"},"modified":"2026-04-11T21:55:08","modified_gmt":"2026-04-11T19:55:08","slug":"roche-posay-anthel-dp-wetskin-200ml","status":"publish","type":"product","link":"https:\/\/www.pharmacieonline.lu\/de\/produit\/roche-posay-anthel-dp-wetskin-200ml\/","title":{"rendered":"ROCHE POSAY ANTHEL DP WETSKIN 200ML"},"content":{"rendered":"<p>ANTHELIOS DERMO-PEDIATRICS LOTION F\u00dcR FEUCHTE HAUT SPF50+ ist ein dermatologisch getestetes Sonnenschutzmittel f\u00fcr Kinder mit einem sehr hohen Schutzspektrum (UVA+UVB) f\u00fcr empfindliche Kinderhaut. Ein unsichtbares Gel, das auf der Haut eine hydrophobe Schicht bildet. Der hohe Lichtschutzfaktor 50+ bleibt auch dann erhalten, wenn das Gel auf feuchte Haut aufgetragen wird. Sehr wasserbest\u00e4ndig.<\/p>\n<p>Anzeige<\/p>\n<p>Sehr hoher Sonnenschutz mit LSF 50 f\u00fcr Kinder, Gesicht und K\u00f6rper.<\/p>\n<p>Verwenden<\/p>\n<p>Tragen Sie Sonnenschutzmittel unmittelbar vor dem Sonnenbaden gro\u00dfz\u00fcgig auf und erneuern Sie es regelm\u00e4\u00dfig \u2013 alle zwei Stunden \u2013 um den Schutz aufrechtzuerhalten (insbesondere nach dem Schwimmen, Schwitzen oder Abtrocknen). \u00dcberm\u00e4\u00dfige Sonneneinstrahlung ist gef\u00e4hrlich. Bleiben Sie deshalb nicht zu lange in der Sonne, auch wenn Sie ein Sonnenschutzprodukt verwenden. Kein Sonnenschutzmittel bietet 100%igen Schutz. Setzen Sie Babys und Kleinkinder nicht der direkten Sonneneinstrahlung aus.<\/p>\n<p>&nbsp;<\/p>\n<p>Zusammensetzung<\/p>\n<p>AQUA \/ WASSER \u2022 HOMOSALAT \u2022 DROMETRIZOL TRISILOXAN \u2022 ETHYLHEXYLSALICYLAT \u2022 BIS-ETHYLEXYLOXYPHENOL METOXYPHENYLTRIAZIN \u2022 ETHYLEXYLTRIAZON \u2022 GLYRECIN \u2022 BUTYLMETHOXYDIBENZOYLMETHAN \u2022 ISOHEXADECAN \u2022 ALKOHOL DENAT. \u2022 PROPENADIOL \u2022 DICAPRYLYLETHER \u2022 STYROL\/ACRYLAT-COPOLYMER \u2022 DIMETHICON \u2022 ACRYLATE\/DIMETICONE-COPOLYMER \u2022 p-ANISS\u00c4URE \u2022 ASCORBYLPALMITAT \u2022 CARBOMER \u2022 DINATRIUM EDTA \u2022 GLYCERYLOLEAT \u2022 HYDRIERTES PAL-GLYCERIDCITRAT \u2022 LECITHIN \u2022 NYLON-12 \u2022 PEG-8-LAURAT \u2022 PHENOXYETHANOL \u2022 TOCOPHEROL \u2022 TRIETHANOLAMIN<\/p>","protected":false},"excerpt":{"rendered":"<p>ANTHELIOS DERMO-PEDIATRICS LOTION F\u00dcR FEUCHTE HAUT SPF50+ ist ein dermatologisch getestetes Sonnenschutzmittel f\u00fcr Kinder mit einem sehr hohen Schutzspektrum (UVA+UVB) f\u00fcr empfindliche Kinderhaut. Ein unsichtbares Gel, das auf der Haut eine hydrophobe Schicht bildet. Der hohe Lichtschutzfaktor 50+ bleibt auch dann erhalten, wenn das Gel auf feuchte Haut aufgetragen wird. Sehr wasserbest\u00e4ndig. Anzeige Sehr hoher [&hellip;]<\/p>\n","protected":false},"featured_media":50449,"template":"","meta":{"_acf_changed":false,"footnotes":""},"product_brand":[],"product_cat":[68,70],"product_tag":[],"class_list":{"0":"post-50447","1":"product","2":"type-product","3":"status-publish","4":"has-post-thumbnail","6":"product_cat-solaires-pour-le-corps","7":"product_cat-solaires-enfants","9":"first","10":"instock","11":"sale","12":"taxable","13":"shipping-taxable","14":"purchasable","15":"product-type-simple"},"acf":[],"_links":{"self":[{"href":"https:\/\/www.pharmacieonline.lu\/de\/wp-json\/wp\/v2\/product\/50447","targetHints":{"allow":["GET"]}}],"collection":[{"href":"https:\/\/www.pharmacieonline.lu\/de\/wp-json\/wp\/v2\/product"}],"about":[{"href":"https:\/\/www.pharmacieonline.lu\/de\/wp-json\/wp\/v2\/types\/product"}],"version-history":[{"count":0,"href":"https:\/\/www.pharmacieonline.lu\/de\/wp-json\/wp\/v2\/product\/50447\/revisions"}],"wp:featuredmedia":[{"embeddable":true,"href":"https:\/\/www.pharmacieonline.lu\/de\/wp-json\/wp\/v2\/media\/50449"}],"wp:attachment":[{"href":"https:\/\/www.pharmacieonline.lu\/de\/wp-json\/wp\/v2\/media?parent=50447"}],"wp:term":[{"taxonomy":"product_brand","embeddable":true,"href":"https:\/\/www.pharmacieonline.lu\/de\/wp-json\/wp\/v2\/product_brand?post=50447"},{"taxonomy":"product_cat","embeddable":true,"href":"https:\/\/www.pharmacieonline.lu\/de\/wp-json\/wp\/v2\/product_cat?post=50447"},{"taxonomy":"product_tag","embeddable":true,"href":"https:\/\/www.pharmacieonline.lu\/de\/wp-json\/wp\/v2\/product_tag?post=50447"}],"curies":[{"name":"wp","href":"https:\/\/api.w.org\/{rel}","templated":true}]}}