{"id":50462,"date":"2025-05-21T16:08:36","date_gmt":"2025-05-21T14:08:36","guid":{"rendered":"https:\/\/www.pharmacieonline.lu\/?post_type=product&#038;p=50462"},"modified":"2026-04-11T19:55:06","modified_gmt":"2026-04-11T17:55:06","slug":"roche-posay-anthel-dt-uvmune-50t-50ml","status":"publish","type":"product","link":"https:\/\/www.pharmacieonline.lu\/de\/produit\/roche-posay-anthel-dt-uvmune-50t-50ml\/","title":{"rendered":"ROCHE POSAY ANTHEL DT UVMUNE 50+T 50ML"},"content":{"rendered":"<p>Sonnenschutz SPF50+ f\u00fcr das Gesicht.<\/p>\n<p>Verwenden<\/p>\n<p>Unmittelbar vor dem Sonnenbaden auftragen. H\u00e4ufig und gro\u00dfz\u00fcgig erneut auftragen, insbesondere nach dem Schwimmen, Schwitzen oder Abtrocknen.<\/p>\n<p>Kontakt mit Textilien vermeiden.<\/p>\n<p>Zusammensetzung<\/p>\n<p>AQUA \/ WASSER \/ EAU \u2022 ALKOHOL DENAT. \u2022 TRIETHYLCITRAT \u2022 DIISOPROPYLSEBACAT \u2022 SILICA \u2022 BIS-ETHYLHEXYLOXYPHENOLMETHOXYPHENYLTRIAZIN \u2022 ETHYLHEXYLSALICYLAT \u2022 ETHYLHEXYLTRIAZON \u2022 BUTYLMETHOXYDIBENZOYLMETHAN \u2022 GLYCERIN \u2022 PROPANDIOL \u2022 C12-22 ALKYLACRYLAT\/HYDROXYETHYLACRYLAT-COPOLYMER \u2022 C12-15 ALKYLBENZOAT \u2022 NATRIUMCITRAT \u2022 METHOXYPROPYLAMINOCYCLOHEXENYLIDENETOXYETHYLCYANOACETAT \u2022 PERLIT \u2022 TOCOPHEROL \u2022 CAPRYLIC\/CAPRIC TRIGLYCERID \u2022 ACRYLATE\/C10-30 ALKYLACRYLAT-CROSSPOLYMER \u2022 BIXA ORELLANA SAMENEXTRAKT \u2022 CAPRYLYLGLYKOL \u2022 ZITRONENS\u00c4URE S\u00c4URE \u2022 DIETHYLAMINOHYDROXYBENZOYLHEXYLBENZOAT \u2022 DROMETRIZOLTRISILOXAN \u2022 HYDROXYACETOPHENON \u2022 HYDROXYETHYLCELLULOSE \u2022 MALTODEXTRIN \u2022 PENTYLENGLYKOL \u2022 SILICA SILYLAT \u2022 NATRIUMSTEAROYLGLUTAMAT \u2022 TEREPHTHALYLIDENDICAMPHERSULFONS\u00c4URE \u2022 TRIETHANOLAMIN \u2022 TRINATRIUMETHYLENDIAMINDISUCCINAT \u2022 ZINK PCA \u2022 PARF\u00dcM \/ DUFTSTOFF<\/p>","protected":false},"excerpt":{"rendered":"<p>Sonnenschutz SPF50+ f\u00fcr das Gesicht. Verwenden Unmittelbar vor dem Sonnenbaden auftragen. H\u00e4ufig und gro\u00dfz\u00fcgig erneut auftragen, insbesondere nach dem Schwimmen, Schwitzen oder Abtrocknen. Kontakt mit Textilien vermeiden. Zusammensetzung AQUA \/ WASSER \/ EAU \u2022 ALKOHOL DENAT. \u2022 TRIETHYLCITRAT \u2022 DIISOPROPYLSEBACAT \u2022 SILICA \u2022 BIS-ETHYLHEXYLOXYPHENOLMETHOXYPHENYLTRIAZIN \u2022 ETHYLHEXYLSALICYLAT \u2022 ETHYLHEXYLTRIAZON \u2022 BUTYLMETHOXYDIBENZOYLMETHAN \u2022 GLYCERIN \u2022 PROPANDIOL \u2022 [&hellip;]<\/p>\n","protected":false},"featured_media":54627,"template":"","meta":{"_acf_changed":false,"footnotes":""},"product_brand":[],"product_cat":[68],"product_tag":[],"class_list":{"0":"post-50462","1":"product","2":"type-product","3":"status-publish","4":"has-post-thumbnail","6":"product_cat-solaires-pour-le-corps","8":"first","9":"instock","10":"sale","11":"taxable","12":"shipping-taxable","13":"purchasable","14":"product-type-simple"},"acf":[],"_links":{"self":[{"href":"https:\/\/www.pharmacieonline.lu\/de\/wp-json\/wp\/v2\/product\/50462","targetHints":{"allow":["GET"]}}],"collection":[{"href":"https:\/\/www.pharmacieonline.lu\/de\/wp-json\/wp\/v2\/product"}],"about":[{"href":"https:\/\/www.pharmacieonline.lu\/de\/wp-json\/wp\/v2\/types\/product"}],"version-history":[{"count":3,"href":"https:\/\/www.pharmacieonline.lu\/de\/wp-json\/wp\/v2\/product\/50462\/revisions"}],"predecessor-version":[{"id":54628,"href":"https:\/\/www.pharmacieonline.lu\/de\/wp-json\/wp\/v2\/product\/50462\/revisions\/54628"}],"wp:featuredmedia":[{"embeddable":true,"href":"https:\/\/www.pharmacieonline.lu\/de\/wp-json\/wp\/v2\/media\/54627"}],"wp:attachment":[{"href":"https:\/\/www.pharmacieonline.lu\/de\/wp-json\/wp\/v2\/media?parent=50462"}],"wp:term":[{"taxonomy":"product_brand","embeddable":true,"href":"https:\/\/www.pharmacieonline.lu\/de\/wp-json\/wp\/v2\/product_brand?post=50462"},{"taxonomy":"product_cat","embeddable":true,"href":"https:\/\/www.pharmacieonline.lu\/de\/wp-json\/wp\/v2\/product_cat?post=50462"},{"taxonomy":"product_tag","embeddable":true,"href":"https:\/\/www.pharmacieonline.lu\/de\/wp-json\/wp\/v2\/product_tag?post=50462"}],"curies":[{"name":"wp","href":"https:\/\/api.w.org\/{rel}","templated":true}]}}