{"id":50520,"date":"2025-05-26T14:36:10","date_gmt":"2025-05-26T12:36:10","guid":{"rendered":"https:\/\/www.pharmacieonline.lu\/?post_type=product&#038;p=50520"},"modified":"2026-04-10T10:25:23","modified_gmt":"2026-04-10T08:25:23","slug":"physiomance-nadh-30caps","status":"publish","type":"product","link":"https:\/\/www.pharmacieonline.lu\/de\/produit\/physiomance-nadh-30caps\/","title":{"rendered":"PHYSIOMANCE NADH+ 30CAPS"},"content":{"rendered":"<p>Hochkonzentrierte NADH-Formel, die aktive Form von Vitamin B3<\/p>\n<p>Innovative Formel mit hochkonzentriertem NADH*** (10 mg);<br \/>\nMagensaftresistente Kapseln auf pflanzlicher Basis;<br \/>\nAnwendungshinweise:<\/p>\n<p>1 Kapsel t\u00e4glich f\u00fcr mindestens einen Monat. Bei Bedarf wiederholen.<\/p>\n<p>Zutaten:<\/p>\n<p>F\u00fcllstoff: Akaziengummi*, pflanzliches Tunika, NADH**.<\/p>\n<p>*aus biologischem Anbau<br \/>\n**NADH: Nicotinamidadenindinukleotid in reduzierter Form<\/p>\n<p>Nettogewicht: 11,25 g<\/p>","protected":false},"excerpt":{"rendered":"<p>Hochkonzentrierte NADH-Formel, die aktive Form von Vitamin B3 Innovative Formel mit hochkonzentriertem NADH*** (10 mg); Magensaftresistente Kapseln auf pflanzlicher Basis; Anwendungshinweise: 1 Kapsel t\u00e4glich f\u00fcr mindestens einen Monat. Bei Bedarf wiederholen. Zutaten: F\u00fcllstoff: Akaziengummi*, pflanzliches Tunika, NADH**. *aus biologischem Anbau **NADH: Nicotinamidadenindinukleotid in reduzierter Form Nettogewicht: 11,25 g<\/p>\n","protected":false},"featured_media":50521,"template":"","meta":{"_acf_changed":false,"footnotes":""},"product_brand":[],"product_cat":[951,953,948],"product_tag":[],"class_list":{"0":"post-50520","1":"product","2":"type-product","3":"status-publish","4":"has-post-thumbnail","6":"product_cat-physiomance","7":"product_cat-complements-alimentaires","8":"product_cat-therascience-physionutrition","10":"first","11":"instock","12":"taxable","13":"shipping-taxable","14":"purchasable","15":"product-type-simple"},"acf":[],"_links":{"self":[{"href":"https:\/\/www.pharmacieonline.lu\/de\/wp-json\/wp\/v2\/product\/50520","targetHints":{"allow":["GET"]}}],"collection":[{"href":"https:\/\/www.pharmacieonline.lu\/de\/wp-json\/wp\/v2\/product"}],"about":[{"href":"https:\/\/www.pharmacieonline.lu\/de\/wp-json\/wp\/v2\/types\/product"}],"version-history":[{"count":0,"href":"https:\/\/www.pharmacieonline.lu\/de\/wp-json\/wp\/v2\/product\/50520\/revisions"}],"wp:featuredmedia":[{"embeddable":true,"href":"https:\/\/www.pharmacieonline.lu\/de\/wp-json\/wp\/v2\/media\/50521"}],"wp:attachment":[{"href":"https:\/\/www.pharmacieonline.lu\/de\/wp-json\/wp\/v2\/media?parent=50520"}],"wp:term":[{"taxonomy":"product_brand","embeddable":true,"href":"https:\/\/www.pharmacieonline.lu\/de\/wp-json\/wp\/v2\/product_brand?post=50520"},{"taxonomy":"product_cat","embeddable":true,"href":"https:\/\/www.pharmacieonline.lu\/de\/wp-json\/wp\/v2\/product_cat?post=50520"},{"taxonomy":"product_tag","embeddable":true,"href":"https:\/\/www.pharmacieonline.lu\/de\/wp-json\/wp\/v2\/product_tag?post=50520"}],"curies":[{"name":"wp","href":"https:\/\/api.w.org\/{rel}","templated":true}]}}