{"id":50559,"date":"2025-05-26T15:23:43","date_gmt":"2025-05-26T13:23:43","guid":{"rendered":"https:\/\/www.pharmacieonline.lu\/?post_type=product&#038;p=50559"},"modified":"2026-04-10T08:26:01","modified_gmt":"2026-04-10T06:26:01","slug":"physiomance-magnesium-bisglycinate-90-gelules","status":"publish","type":"product","link":"https:\/\/www.pharmacieonline.lu\/de\/produit\/physiomance-magnesium-bisglycinate-90-gelules\/","title":{"rendered":"PHYSIOMANCE MAGNESIUM BISGLYCINATE 90 GELULES"},"content":{"rendered":"<p>Beschreibung<\/p>\n<p>Nahrungserg\u00e4nzungsmittel<\/p>\n<p>Magnesium ist ein Mineralstoff, der f\u00fcr die ordnungsgem\u00e4\u00dfe Funktion des K\u00f6rpers unerl\u00e4sslich ist. Magnesium ist an \u00fcber 300 biochemischen Reaktionen beteiligt und spielt eine wichtige Rolle f\u00fcr die Energieproduktion. Magnesium ist au\u00dferdem entscheidend f\u00fcr die Muskelfunktion, den Erhalt der Knochendichte und die optimale Funktion des Nervensystems.<\/p>\n<p>Fast 75 % der Bev\u00f6lkerung leiden jedoch unter Magnesiummangel. Die Hauptursachen daf\u00fcr sind:<\/p>\n<p>Eine stark verarbeitete Ern\u00e4hrung mit wenig Obst und Gem\u00fcse, kleinem Fisch, K\u00e4se usw.;<br \/>\nEin stressiger Lebensstil, der zu einem erheblichen Magnesiumverlust f\u00fchrt;<br \/>\nEin erh\u00f6hter Bedarf, insbesondere bei Sportlern oder \u00e4lteren Menschen.<\/p>\n<p>Stress f\u00fchrt zur Ausscheidung von Magnesium \u00fcber den Urin. Magnesiumverlust f\u00fchrt zu einem Teufelskreis: Der Mangel an Magnesium erh\u00f6ht die Stressempfindlichkeit und beeintr\u00e4chtigt das Nervensystem. Die wichtigsten Symptome sind Angstzust\u00e4nde, Reizbarkeit, Schlaflosigkeit und manchmal Kopfschmerzen. Dar\u00fcber hinaus f\u00fchrt dieser Magnesiumverlust der Zellen zu einer neuromuskul\u00e4ren \u00dcbererregbarkeit, die sich in Augenlidzucken oder -kr\u00e4mpfen \u00e4u\u00dfern kann.<br \/>\nEine Magnesiumerg\u00e4nzung ist daher unerl\u00e4sslich. Sportler scheiden Magnesium zudem w\u00e4hrend des Trainings durch Schwitzen aus. Aufgrund seiner positiven Wirkung auf die Muskelfunktion und den Elektrolythaushalt ist Magnesium bei k\u00f6rperlicher Aktivit\u00e4t unverzichtbar.<\/p>\n<p>Warum PHYSIOMANCE\u00ae Magnesiumbisglycinat w\u00e4hlen?<\/p>\n<p>Die Bisglycinatform zeichnet sich durch ihre Struktur aus, in der ein Magnesiumion (Mg2+) an zwei Glycinmolek\u00fcle gebunden ist. Diese sogenannte Chelatform erm\u00f6glicht eine leichte Aufnahme von Magnesium im Darm. Die Stabilit\u00e4t und die gute L\u00f6slichkeit des Chelats gew\u00e4hrleisten eine ausgezeichnete Verdauungsvertr\u00e4glichkeit. Ein weiterer Vorteil dieser Form ist das enthaltene Glycin, das als Magnesiumtransporter fungiert. Diese semi-essentielle Aminos\u00e4ure wirkt zudem beruhigend auf das Nervensystem, da sie als beruhigender und hemmender Neurotransmitter wirkt.<br \/>\nPHYSIOMANCE\u00ae Magnesiumbisglycinat enth\u00e4lt 180 mg Magnesium pro 2 Kapseln. Unser Magnesium liegt zu 100 % in Bisglycinatform vor. Unser Magnesium ist 100 % chelatiert und 0 % gepuffert, ohne Zusatz von Magnesiumoxid. Es ist in 100 % pflanzlichen, hilfsstofffreien Kapseln verpackt und somit ideal f\u00fcr Veganer.<\/p>\n<p>Optimale Dosierung: 90 mg Magnesium pro Kapsel<\/p>\n<p>PHYSIOMANCE\u00ae Magnesiumbisglycinat bietet die optimale Dosis von 180 mg Magnesiumbisglycinat pro 2 vegetarischen Kapseln. Ideal zur Verringerung von M\u00fcdigkeit, zur Unterst\u00fctzung der normalen Funktion des Nervensystems und der Muskelfunktion sowie zur Unterst\u00fctzung des Elektrolythaushalts und der Knochen.<\/p>\n<p>Anwendung<\/p>\n<p>2 Kapseln pro Tag.<\/p>\n<p>Vorsichtsma\u00dfnahmen bei der Anwendung:<\/p>\n<p>Nahrungserg\u00e4nzungsmittel sollten als Teil einer gesunden Lebensweise verwendet werden und nicht als Ersatz f\u00fcr eine abwechslungsreiche und ausgewogene Ern\u00e4hrung. Die empfohlene Tagesdosis nicht \u00fcberschreiten. Produkt au\u00dferhalb der Reichweite von Kleinkindern aufbewahren.<\/p>\n<p>Wenn Sie mehrere Nahrungserg\u00e4nzungsmittel kombinieren, wenden Sie sich an Ihren Arzt oder Apotheker.<\/p>\n<p>Zutaten:<\/p>\n<p>Magnesiumbisglycinat, pflanzlicher \u00dcberzug: Hydroxypropylmethylcellulose<\/p>","protected":false},"excerpt":{"rendered":"<p>Beschreibung Nahrungserg\u00e4nzungsmittel Magnesium ist ein Mineralstoff, der f\u00fcr die ordnungsgem\u00e4\u00dfe Funktion des K\u00f6rpers unerl\u00e4sslich ist. Magnesium ist an \u00fcber 300 biochemischen Reaktionen beteiligt und spielt eine wichtige Rolle f\u00fcr die Energieproduktion. Magnesium ist au\u00dferdem entscheidend f\u00fcr die Muskelfunktion, den Erhalt der Knochendichte und die optimale Funktion des Nervensystems. Fast 75 % der Bev\u00f6lkerung leiden jedoch [&hellip;]<\/p>\n","protected":false},"featured_media":50562,"template":"","meta":{"_acf_changed":false,"footnotes":""},"product_brand":[],"product_cat":[42,951,953,948],"product_tag":[],"class_list":{"0":"post-50559","1":"product","2":"type-product","3":"status-publish","4":"has-post-thumbnail","6":"product_cat-para-pharmacie","7":"product_cat-physiomance","8":"product_cat-complements-alimentaires","9":"product_cat-therascience-physionutrition","11":"first","12":"instock","13":"taxable","14":"shipping-taxable","15":"purchasable","16":"product-type-simple"},"acf":[],"_links":{"self":[{"href":"https:\/\/www.pharmacieonline.lu\/de\/wp-json\/wp\/v2\/product\/50559","targetHints":{"allow":["GET"]}}],"collection":[{"href":"https:\/\/www.pharmacieonline.lu\/de\/wp-json\/wp\/v2\/product"}],"about":[{"href":"https:\/\/www.pharmacieonline.lu\/de\/wp-json\/wp\/v2\/types\/product"}],"version-history":[{"count":0,"href":"https:\/\/www.pharmacieonline.lu\/de\/wp-json\/wp\/v2\/product\/50559\/revisions"}],"wp:featuredmedia":[{"embeddable":true,"href":"https:\/\/www.pharmacieonline.lu\/de\/wp-json\/wp\/v2\/media\/50562"}],"wp:attachment":[{"href":"https:\/\/www.pharmacieonline.lu\/de\/wp-json\/wp\/v2\/media?parent=50559"}],"wp:term":[{"taxonomy":"product_brand","embeddable":true,"href":"https:\/\/www.pharmacieonline.lu\/de\/wp-json\/wp\/v2\/product_brand?post=50559"},{"taxonomy":"product_cat","embeddable":true,"href":"https:\/\/www.pharmacieonline.lu\/de\/wp-json\/wp\/v2\/product_cat?post=50559"},{"taxonomy":"product_tag","embeddable":true,"href":"https:\/\/www.pharmacieonline.lu\/de\/wp-json\/wp\/v2\/product_tag?post=50559"}],"curies":[{"name":"wp","href":"https:\/\/api.w.org\/{rel}","templated":true}]}}