{"id":50560,"date":"2025-05-26T15:23:42","date_gmt":"2025-05-26T13:23:42","guid":{"rendered":"https:\/\/www.pharmacieonline.lu\/?post_type=product&#038;p=50560"},"modified":"2026-04-10T10:25:27","modified_gmt":"2026-04-10T08:25:27","slug":"50560","status":"publish","type":"product","link":"https:\/\/www.pharmacieonline.lu\/de\/produit\/50560\/","title":{"rendered":"PHYTOMANCE HOUBLON 90 GEL"},"content":{"rendered":"<p>Die nat\u00fcrliche L\u00f6sung, die Ihre Stimmung tags\u00fcber reguliert und verbessert und Ihnen zu einem erholsamen Schlaf verhilft.<\/p>\n<p>Kombination aus Pulver (Totum) und Johanniskrautextrakt, titriert mit Hypericin;<br \/>\nTr\u00e4gt zu einem guten emotionalen Gleichgewicht und allgemeinem Wohlbefinden bei;<br \/>\nVerbessert die Schlafqualit\u00e4t;<br \/>\nKapseln auf 100 % pflanzlicher Basis.<br \/>\nAnwendung:<\/p>\n<p>1 Kapsel t\u00e4glich oder nach Anweisung Ihres Arztes vor den Mahlzeiten f\u00fcr mindestens einen Monat einnehmen. Bei Bedarf wiederholen.<\/p>\n<p>Vorsichtsma\u00dfnahmen f\u00fcr die Anwendung:<\/p>\n<p>Personen, die Medikamente einnehmen, sollten dieses Produkt nur unter \u00e4rztlicher Aufsicht verwenden.<\/p>\n<p>Nahrungserg\u00e4nzungsmittel sollten als Teil einer gesunden Lebensweise verwendet werden und nicht als Ersatz f\u00fcr eine abwechslungsreiche und ausgewogene Ern\u00e4hrung. \u00dcberschreiten Sie nicht die empfohlene Tagesdosis. Bewahren Sie das Produkt au\u00dferhalb der Reichweite von Kleinkindern auf. Wenn Sie mehrere Nahrungserg\u00e4nzungsmittel kombinieren, wenden Sie sich an Ihren Arzt.<\/p>\n<p>Zutaten:<\/p>\n<p>Johanniskrautbl\u00fctenpulver, pflanzliches \u00dcberzugsmittel: Hydroxypropylmethylcellulose, Johanniskrautbl\u00fctenextrakt standardisiert auf 0,3 % Hypericin.<\/p>","protected":false},"excerpt":{"rendered":"<p>Die nat\u00fcrliche L\u00f6sung, die Ihre Stimmung tags\u00fcber reguliert und verbessert und Ihnen zu einem erholsamen Schlaf verhilft. Kombination aus Pulver (Totum) und Johanniskrautextrakt, titriert mit Hypericin; Tr\u00e4gt zu einem guten emotionalen Gleichgewicht und allgemeinem Wohlbefinden bei; Verbessert die Schlafqualit\u00e4t; Kapseln auf 100 % pflanzlicher Basis. Anwendung: 1 Kapsel t\u00e4glich oder nach Anweisung Ihres Arztes vor [&hellip;]<\/p>\n","protected":false},"featured_media":50561,"template":"","meta":{"_acf_changed":false,"footnotes":""},"product_brand":[],"product_cat":[951,953,948],"product_tag":[],"class_list":{"0":"post-50560","1":"product","2":"type-product","3":"status-publish","4":"has-post-thumbnail","6":"product_cat-physiomance","7":"product_cat-complements-alimentaires","8":"product_cat-therascience-physionutrition","10":"first","11":"instock","12":"taxable","13":"shipping-taxable","14":"purchasable","15":"product-type-simple"},"acf":[],"_links":{"self":[{"href":"https:\/\/www.pharmacieonline.lu\/de\/wp-json\/wp\/v2\/product\/50560","targetHints":{"allow":["GET"]}}],"collection":[{"href":"https:\/\/www.pharmacieonline.lu\/de\/wp-json\/wp\/v2\/product"}],"about":[{"href":"https:\/\/www.pharmacieonline.lu\/de\/wp-json\/wp\/v2\/types\/product"}],"version-history":[{"count":0,"href":"https:\/\/www.pharmacieonline.lu\/de\/wp-json\/wp\/v2\/product\/50560\/revisions"}],"wp:featuredmedia":[{"embeddable":true,"href":"https:\/\/www.pharmacieonline.lu\/de\/wp-json\/wp\/v2\/media\/50561"}],"wp:attachment":[{"href":"https:\/\/www.pharmacieonline.lu\/de\/wp-json\/wp\/v2\/media?parent=50560"}],"wp:term":[{"taxonomy":"product_brand","embeddable":true,"href":"https:\/\/www.pharmacieonline.lu\/de\/wp-json\/wp\/v2\/product_brand?post=50560"},{"taxonomy":"product_cat","embeddable":true,"href":"https:\/\/www.pharmacieonline.lu\/de\/wp-json\/wp\/v2\/product_cat?post=50560"},{"taxonomy":"product_tag","embeddable":true,"href":"https:\/\/www.pharmacieonline.lu\/de\/wp-json\/wp\/v2\/product_tag?post=50560"}],"curies":[{"name":"wp","href":"https:\/\/api.w.org\/{rel}","templated":true}]}}