{"id":50567,"date":"2025-05-26T15:27:31","date_gmt":"2025-05-26T13:27:31","guid":{"rendered":"https:\/\/www.pharmacieonline.lu\/?post_type=product&#038;p=50567"},"modified":"2026-04-13T04:25:36","modified_gmt":"2026-04-13T02:25:36","slug":"phytomance-griffonia-90caps","status":"publish","type":"product","link":"https:\/\/www.pharmacieonline.lu\/de\/produit\/phytomance-griffonia-90caps\/","title":{"rendered":"PHYTOMANCE GRIFFONIA 90CAPS"},"content":{"rendered":"<p>Das Leben durch die rosarote Brille sehen<\/p>\n<p>Griffonia-Extrakt, titriert mit 5-HTP;<br \/>\nGriffonia stimuliert die Gehirnaktivit\u00e4t;<br \/>\n100 % pflanzliche Kapseln.<br \/>\nAnwendung<\/p>\n<p>1 Kapsel 3-mal t\u00e4glich vor den Mahlzeiten, mindestens einen Monat lang. Bei Bedarf wiederholen.<\/p>\n<p>Vorsichtsma\u00dfnahmen bei der Anwendung:<\/p>\n<p>Nicht empfohlen f\u00fcr Schwangere, Stillende und in Kombination mit Antidepressiva.<\/p>\n<p>Nahrungserg\u00e4nzungsmittel sollten Teil einer gesunden Lebensweise sein und nicht als Ersatz f\u00fcr eine abwechslungsreiche und ausgewogene Ern\u00e4hrung. Die empfohlene Tagesdosis nicht \u00fcberschreiten. Produkt au\u00dferhalb der Reichweite von Kleinkindern aufbewahren. Bei der Kombination mehrerer Nahrungserg\u00e4nzungsmittel wenden Sie sich bitte an Ihren Arzt oder Apotheker.<\/p>\n<p>Zutaten:<\/p>\n<p>Griffonia simplicifolia-Extrakt, titriert mit 5-Hydroxytryptophan (5-HTP), F\u00fcllstoff: Akazienfaser, pflanzliches Tunikablatt.<\/p>","protected":false},"excerpt":{"rendered":"<p>Das Leben durch die rosarote Brille sehen Griffonia-Extrakt, titriert mit 5-HTP; Griffonia stimuliert die Gehirnaktivit\u00e4t; 100 % pflanzliche Kapseln. Anwendung 1 Kapsel 3-mal t\u00e4glich vor den Mahlzeiten, mindestens einen Monat lang. Bei Bedarf wiederholen. Vorsichtsma\u00dfnahmen bei der Anwendung: Nicht empfohlen f\u00fcr Schwangere, Stillende und in Kombination mit Antidepressiva. Nahrungserg\u00e4nzungsmittel sollten Teil einer gesunden Lebensweise sein [&hellip;]<\/p>\n","protected":false},"featured_media":50570,"template":"","meta":{"_acf_changed":false,"footnotes":""},"product_brand":[],"product_cat":[951,953,948],"product_tag":[],"class_list":{"0":"post-50567","1":"product","2":"type-product","3":"status-publish","4":"has-post-thumbnail","6":"product_cat-physiomance","7":"product_cat-complements-alimentaires","8":"product_cat-therascience-physionutrition","10":"first","11":"instock","12":"taxable","13":"shipping-taxable","14":"purchasable","15":"product-type-simple"},"acf":[],"_links":{"self":[{"href":"https:\/\/www.pharmacieonline.lu\/de\/wp-json\/wp\/v2\/product\/50567","targetHints":{"allow":["GET"]}}],"collection":[{"href":"https:\/\/www.pharmacieonline.lu\/de\/wp-json\/wp\/v2\/product"}],"about":[{"href":"https:\/\/www.pharmacieonline.lu\/de\/wp-json\/wp\/v2\/types\/product"}],"version-history":[{"count":0,"href":"https:\/\/www.pharmacieonline.lu\/de\/wp-json\/wp\/v2\/product\/50567\/revisions"}],"wp:featuredmedia":[{"embeddable":true,"href":"https:\/\/www.pharmacieonline.lu\/de\/wp-json\/wp\/v2\/media\/50570"}],"wp:attachment":[{"href":"https:\/\/www.pharmacieonline.lu\/de\/wp-json\/wp\/v2\/media?parent=50567"}],"wp:term":[{"taxonomy":"product_brand","embeddable":true,"href":"https:\/\/www.pharmacieonline.lu\/de\/wp-json\/wp\/v2\/product_brand?post=50567"},{"taxonomy":"product_cat","embeddable":true,"href":"https:\/\/www.pharmacieonline.lu\/de\/wp-json\/wp\/v2\/product_cat?post=50567"},{"taxonomy":"product_tag","embeddable":true,"href":"https:\/\/www.pharmacieonline.lu\/de\/wp-json\/wp\/v2\/product_tag?post=50567"}],"curies":[{"name":"wp","href":"https:\/\/api.w.org\/{rel}","templated":true}]}}