{"id":50573,"date":"2025-05-26T15:30:26","date_gmt":"2025-05-26T13:30:26","guid":{"rendered":"https:\/\/www.pharmacieonline.lu\/?post_type=product&#038;p=50573"},"modified":"2026-04-10T12:25:19","modified_gmt":"2026-04-10T10:25:19","slug":"phytomance-curcuma-gold-60cpr","status":"publish","type":"product","link":"https:\/\/www.pharmacieonline.lu\/de\/produit\/phytomance-curcuma-gold-60cpr\/","title":{"rendered":"PHYTOMANCE CURCUMA GOLD 60CPR"},"content":{"rendered":"<p>Das Gew\u00fcrz mit wissenschaftlich anerkannten entz\u00fcndungshemmenden Eigenschaften!<\/p>\n<p>Basiert auf den neuesten Erkenntnissen der Physioern\u00e4hrung;<br \/>\nDer Curcussentiel-Komplex wurde vom THERASCIENCE-Labor registriert und kombiniert einen mit Gingerol titrierten Ingwerextrakt mit patentiertem, in Bockshornkleefasern mikroverkapseltem Curcumin. Die Kapseln sind 100 % pflanzlich.<br \/>\nAnwendung:<\/p>\n<p>1 Kapsel t\u00e4glich f\u00fcr mindestens einen Monat. Bei Bedarf wiederholen.<\/p>\n<p>Vorsichtsma\u00dfnahmen:<\/p>\n<p>Nicht w\u00e4hrend der Schwangerschaft und bei Kindern unter 12 Jahren anwenden.<br \/>\nDie Anwendung bei Personen, die Antikoagulanzien, Krebsmedikamente oder Immunsuppressiva einnehmen oder an Gallenwegserkrankungen leiden, wird nicht empfohlen.<\/p>\n<p>Nahrungserg\u00e4nzungsmittel sollten im Rahmen einer gesunden Lebensweise eingenommen werden und sind kein Ersatz f\u00fcr eine abwechslungsreiche und ausgewogene Ern\u00e4hrung. Die empfohlene Tagesdosis nicht \u00fcberschreiten. Au\u00dferhalb der Reichweite von Kleinkindern aufbewahren. Wenn Sie mehrere Nahrungserg\u00e4nzungsmittel kombinieren, wenden Sie sich bitte an Ihren Arzt oder Apotheker.<\/p>\n<p>Zutaten:<\/p>\n<p>Curcussentiel-Komplex (Trockenextrakt aus der Wurzel von Curcuma longa L., umh\u00fcllt von Bockshornklee-Galaktomannanfasern, Ingwer-Rhizom-Extrakt, titriert mit Gingerolen), pflanzlicher \u00dcberzug.<\/p>","protected":false},"excerpt":{"rendered":"<p>Das Gew\u00fcrz mit wissenschaftlich anerkannten entz\u00fcndungshemmenden Eigenschaften! Basiert auf den neuesten Erkenntnissen der Physioern\u00e4hrung; Der Curcussentiel-Komplex wurde vom THERASCIENCE-Labor registriert und kombiniert einen mit Gingerol titrierten Ingwerextrakt mit patentiertem, in Bockshornkleefasern mikroverkapseltem Curcumin. Die Kapseln sind 100 % pflanzlich. Anwendung: 1 Kapsel t\u00e4glich f\u00fcr mindestens einen Monat. Bei Bedarf wiederholen. Vorsichtsma\u00dfnahmen: Nicht w\u00e4hrend der Schwangerschaft [&hellip;]<\/p>\n","protected":false},"featured_media":50574,"template":"","meta":{"_acf_changed":false,"footnotes":""},"product_brand":[],"product_cat":[951,953,948],"product_tag":[],"class_list":{"0":"post-50573","1":"product","2":"type-product","3":"status-publish","4":"has-post-thumbnail","6":"product_cat-physiomance","7":"product_cat-complements-alimentaires","8":"product_cat-therascience-physionutrition","10":"first","11":"instock","12":"taxable","13":"shipping-taxable","14":"purchasable","15":"product-type-simple"},"acf":[],"_links":{"self":[{"href":"https:\/\/www.pharmacieonline.lu\/de\/wp-json\/wp\/v2\/product\/50573","targetHints":{"allow":["GET"]}}],"collection":[{"href":"https:\/\/www.pharmacieonline.lu\/de\/wp-json\/wp\/v2\/product"}],"about":[{"href":"https:\/\/www.pharmacieonline.lu\/de\/wp-json\/wp\/v2\/types\/product"}],"version-history":[{"count":0,"href":"https:\/\/www.pharmacieonline.lu\/de\/wp-json\/wp\/v2\/product\/50573\/revisions"}],"wp:featuredmedia":[{"embeddable":true,"href":"https:\/\/www.pharmacieonline.lu\/de\/wp-json\/wp\/v2\/media\/50574"}],"wp:attachment":[{"href":"https:\/\/www.pharmacieonline.lu\/de\/wp-json\/wp\/v2\/media?parent=50573"}],"wp:term":[{"taxonomy":"product_brand","embeddable":true,"href":"https:\/\/www.pharmacieonline.lu\/de\/wp-json\/wp\/v2\/product_brand?post=50573"},{"taxonomy":"product_cat","embeddable":true,"href":"https:\/\/www.pharmacieonline.lu\/de\/wp-json\/wp\/v2\/product_cat?post=50573"},{"taxonomy":"product_tag","embeddable":true,"href":"https:\/\/www.pharmacieonline.lu\/de\/wp-json\/wp\/v2\/product_tag?post=50573"}],"curies":[{"name":"wp","href":"https:\/\/api.w.org\/{rel}","templated":true}]}}