{"id":50577,"date":"2025-05-26T15:45:42","date_gmt":"2025-05-26T13:45:42","guid":{"rendered":"https:\/\/www.pharmacieonline.lu\/?post_type=product&#038;p=50577"},"modified":"2026-04-10T10:25:21","modified_gmt":"2026-04-10T08:25:21","slug":"physiomance-zincyl-60caps","status":"publish","type":"product","link":"https:\/\/www.pharmacieonline.lu\/de\/produit\/physiomance-zincyl-60caps\/","title":{"rendered":"PHYSIOMANCE ZINCYL 60CAPS"},"content":{"rendered":"<p>Zink, Spirulina und Vitamine st\u00e4rken Ihre nat\u00fcrlichen Abwehrkr\u00e4fte.<\/p>\n<p>Zink und die Vitamine B6 und C tragen zu einem funktionierenden Immunsystem bei.<br \/>\nOptimale Bioverf\u00fcgbarkeit: &#8211; Vitamin B6 in Coenzymform;<br \/>\n&#8211; Zink in Bisglycinatform.<br \/>\nKapseln 100 % pflanzlich.<br \/>\nAnwendung<\/p>\n<p>1 Kapsel t\u00e4glich f\u00fcr mindestens 2 Monate. Die Einnahme sollte auf einige Wochen pro Monat begrenzt werden. Bei Bedarf wiederholen.<\/p>\n<p>Vorsichtsma\u00dfnahmen bei der Anwendung:<\/p>\n<p>Nahrungserg\u00e4nzungsmittel sollten Teil einer gesunden Lebensweise sein und d\u00fcrfen eine abwechslungsreiche und ausgewogene Ern\u00e4hrung nicht ersetzen. Die empfohlene Tagesdosis nicht \u00fcberschreiten. Produkt au\u00dferhalb der Reichweite von Kleinkindern aufbewahren. Bei Kombination mehrerer Nahrungserg\u00e4nzungsmittel wenden Sie sich bitte an Ihren Arzt oder Apotheker.<\/p>\n<p>Zutaten:<\/p>\n<p>Spirulina, Zinkbisglycinat, pflanzliche Schale, F\u00fcllstoff: Akaziengummi, Vitamin C (L-Ascorbins\u00e4ure), Vitamin B6 (Pyridoxal-5&#8242;-phosphat).<\/p>","protected":false},"excerpt":{"rendered":"<p>Zink, Spirulina und Vitamine st\u00e4rken Ihre nat\u00fcrlichen Abwehrkr\u00e4fte. Zink und die Vitamine B6 und C tragen zu einem funktionierenden Immunsystem bei. Optimale Bioverf\u00fcgbarkeit: &#8211; Vitamin B6 in Coenzymform; &#8211; Zink in Bisglycinatform. Kapseln 100 % pflanzlich. Anwendung 1 Kapsel t\u00e4glich f\u00fcr mindestens 2 Monate. Die Einnahme sollte auf einige Wochen pro Monat begrenzt werden. Bei [&hellip;]<\/p>\n","protected":false},"featured_media":50578,"template":"","meta":{"_acf_changed":false,"footnotes":""},"product_brand":[],"product_cat":[951,953,948],"product_tag":[],"class_list":{"0":"post-50577","1":"product","2":"type-product","3":"status-publish","4":"has-post-thumbnail","6":"product_cat-physiomance","7":"product_cat-complements-alimentaires","8":"product_cat-therascience-physionutrition","10":"first","11":"instock","12":"taxable","13":"shipping-taxable","14":"purchasable","15":"product-type-simple"},"acf":[],"_links":{"self":[{"href":"https:\/\/www.pharmacieonline.lu\/de\/wp-json\/wp\/v2\/product\/50577","targetHints":{"allow":["GET"]}}],"collection":[{"href":"https:\/\/www.pharmacieonline.lu\/de\/wp-json\/wp\/v2\/product"}],"about":[{"href":"https:\/\/www.pharmacieonline.lu\/de\/wp-json\/wp\/v2\/types\/product"}],"version-history":[{"count":0,"href":"https:\/\/www.pharmacieonline.lu\/de\/wp-json\/wp\/v2\/product\/50577\/revisions"}],"wp:featuredmedia":[{"embeddable":true,"href":"https:\/\/www.pharmacieonline.lu\/de\/wp-json\/wp\/v2\/media\/50578"}],"wp:attachment":[{"href":"https:\/\/www.pharmacieonline.lu\/de\/wp-json\/wp\/v2\/media?parent=50577"}],"wp:term":[{"taxonomy":"product_brand","embeddable":true,"href":"https:\/\/www.pharmacieonline.lu\/de\/wp-json\/wp\/v2\/product_brand?post=50577"},{"taxonomy":"product_cat","embeddable":true,"href":"https:\/\/www.pharmacieonline.lu\/de\/wp-json\/wp\/v2\/product_cat?post=50577"},{"taxonomy":"product_tag","embeddable":true,"href":"https:\/\/www.pharmacieonline.lu\/de\/wp-json\/wp\/v2\/product_tag?post=50577"}],"curies":[{"name":"wp","href":"https:\/\/api.w.org\/{rel}","templated":true}]}}