{"id":50580,"date":"2025-05-26T15:55:03","date_gmt":"2025-05-26T13:55:03","guid":{"rendered":"https:\/\/www.pharmacieonline.lu\/?post_type=product&#038;p=50580"},"modified":"2026-04-10T10:25:15","modified_gmt":"2026-04-10T08:25:15","slug":"physiomance-zinc-90caps","status":"publish","type":"product","link":"https:\/\/www.pharmacieonline.lu\/de\/produit\/physiomance-zinc-90caps\/","title":{"rendered":"PHYSIOMANCE ZINC 90CAPS"},"content":{"rendered":"<p>Zink in Bisglycinatform zur Stimulierung der nat\u00fcrlichen Abwehrkr\u00e4fte<\/p>\n<p>Tr\u00e4gt zur normalen Funktion des Immunsystems bei;<br \/>\nSpielt eine Rolle bei der Zellteilung;<br \/>\nTr\u00e4gt zur Erhaltung normaler Haut, Haare und N\u00e4gel bei;<br \/>\nSteigert die Fruchtbarkeit;<br \/>\nZink in Bisglycinatform f\u00fcr maximale Aufnahme;<br \/>\nAnwendungshinweise<\/p>\n<p>1\/2 Tablette t\u00e4glich, mindestens 6 Monate lang. Bei Bedarf wiederholen.<\/p>\n<p>Vorsichtsma\u00dfnahmen f\u00fcr die Anwendung:<\/p>\n<p>Nur f\u00fcr Erwachsene.<br \/>\nDie Einnahme sollte auf wenige Wochen\/Monate begrenzt werden.<\/p>\n<p>Nahrungserg\u00e4nzungsmittel sollten als Teil einer gesunden Lebensweise verwendet werden und nicht als Ersatz f\u00fcr eine abwechslungsreiche und ausgewogene Ern\u00e4hrung. Die empfohlene Tagesdosis nicht \u00fcberschreiten. Produkt au\u00dferhalb der Reichweite von Kleinkindern aufbewahren. Bei der Kombination mehrerer Nahrungserg\u00e4nzungsmittel wenden Sie sich bitte an Ihren Arzt oder Apotheker.<\/p>\n<p>Zutaten:<\/p>\n<p>F\u00fcllstoffe: Dicalciumphosphat und mikrokristalline Cellulose, Zinkbisglycinat, Trennmittel: Fetts\u00e4uren, \u00dcberzugsmittel: Hydroxypropylmethylcellulose, Stearins\u00e4ure und mikrokristalline Cellulose<\/p>","protected":false},"excerpt":{"rendered":"<p>Zink in Bisglycinatform zur Stimulierung der nat\u00fcrlichen Abwehrkr\u00e4fte Tr\u00e4gt zur normalen Funktion des Immunsystems bei; Spielt eine Rolle bei der Zellteilung; Tr\u00e4gt zur Erhaltung normaler Haut, Haare und N\u00e4gel bei; Steigert die Fruchtbarkeit; Zink in Bisglycinatform f\u00fcr maximale Aufnahme; Anwendungshinweise 1\/2 Tablette t\u00e4glich, mindestens 6 Monate lang. Bei Bedarf wiederholen. Vorsichtsma\u00dfnahmen f\u00fcr die Anwendung: Nur [&hellip;]<\/p>\n","protected":false},"featured_media":50581,"template":"","meta":{"_acf_changed":false,"footnotes":""},"product_brand":[],"product_cat":[951,953,948],"product_tag":[],"class_list":{"0":"post-50580","1":"product","2":"type-product","3":"status-publish","4":"has-post-thumbnail","6":"product_cat-physiomance","7":"product_cat-complements-alimentaires","8":"product_cat-therascience-physionutrition","10":"first","11":"instock","12":"taxable","13":"shipping-taxable","14":"purchasable","15":"product-type-simple"},"acf":[],"_links":{"self":[{"href":"https:\/\/www.pharmacieonline.lu\/de\/wp-json\/wp\/v2\/product\/50580","targetHints":{"allow":["GET"]}}],"collection":[{"href":"https:\/\/www.pharmacieonline.lu\/de\/wp-json\/wp\/v2\/product"}],"about":[{"href":"https:\/\/www.pharmacieonline.lu\/de\/wp-json\/wp\/v2\/types\/product"}],"version-history":[{"count":0,"href":"https:\/\/www.pharmacieonline.lu\/de\/wp-json\/wp\/v2\/product\/50580\/revisions"}],"wp:featuredmedia":[{"embeddable":true,"href":"https:\/\/www.pharmacieonline.lu\/de\/wp-json\/wp\/v2\/media\/50581"}],"wp:attachment":[{"href":"https:\/\/www.pharmacieonline.lu\/de\/wp-json\/wp\/v2\/media?parent=50580"}],"wp:term":[{"taxonomy":"product_brand","embeddable":true,"href":"https:\/\/www.pharmacieonline.lu\/de\/wp-json\/wp\/v2\/product_brand?post=50580"},{"taxonomy":"product_cat","embeddable":true,"href":"https:\/\/www.pharmacieonline.lu\/de\/wp-json\/wp\/v2\/product_cat?post=50580"},{"taxonomy":"product_tag","embeddable":true,"href":"https:\/\/www.pharmacieonline.lu\/de\/wp-json\/wp\/v2\/product_tag?post=50580"}],"curies":[{"name":"wp","href":"https:\/\/api.w.org\/{rel}","templated":true}]}}