{"id":50583,"date":"2025-05-26T15:59:21","date_gmt":"2025-05-26T13:59:21","guid":{"rendered":"https:\/\/www.pharmacieonline.lu\/?post_type=product&#038;p=50583"},"modified":"2026-04-10T12:25:20","modified_gmt":"2026-04-10T10:25:20","slug":"physiomance-vitamyl-b-90cpr","status":"publish","type":"product","link":"https:\/\/www.pharmacieonline.lu\/de\/produit\/physiomance-vitamyl-b-90cpr\/","title":{"rendered":"PHYSIOMANCE VITAMYL B 90CPR"},"content":{"rendered":"<p>Eine synergistische und innovative Formel mit 9 B-Vitaminen, PABA* und Cholin, die Sie das ganze Jahr \u00fcber fit h\u00e4lt.<\/p>\n<p>Die Vitamine B1, B2, B3, B5, B6, B8 und B12 tragen zu einem normalen Energiestoffwechsel bei.<br \/>\nDie Vitamine B1, B2, B3, B6, B8 und B12 tragen zu einer normalen Funktion des Nervensystems bei.<br \/>\nDie Vitamine B2, B3, B5, B6, B9 und B12 tragen zur Verringerung von M\u00fcdigkeit bei.<br \/>\nOptimale Bioverf\u00fcgbarkeit: Vitamin B2, B6, B9 und B12 in Coenzymform.<br \/>\nAnwendung:<\/p>\n<p>1 Tablette t\u00e4glich f\u00fcr mindestens 3 Monate. Bei Bedarf wiederholen.<\/p>\n<p>Vorsichtsma\u00dfnahmen bei der Anwendung:<\/p>\n<p>Nahrungserg\u00e4nzungsmittel sollten als Teil einer gesunden Lebensweise eingenommen werden und sind kein Ersatz f\u00fcr eine abwechslungsreiche und ausgewogene Ern\u00e4hrung. Die empfohlene Tagesdosis nicht \u00fcberschreiten. Dieses Produkt au\u00dferhalb der Reichweite von Kleinkindern aufbewahren. Wenn Sie mehrere Nahrungserg\u00e4nzungsmittel einnehmen, wenden Sie sich bitte an Ihren Arzt oder Apotheker.<\/p>\n<p>Zutaten:<\/p>\n<p>F\u00fcllstoff: Magnesiumcarbonat, Cholinbitartrat, F\u00fcllstoff: mikrokristalline Cellulose, Vitamin B3 (Nicotinamid), Inositol, Para-Aminobenzoes\u00e4ure (PABA), \u00dcberzugsmittel: Hydroxypropylmethylcellulose, Stearins\u00e4ure und mikrokristalline Cellulose, Trennmittel: Fetts\u00e4uren, Vitamin B9 (Calcium-L-Methylfolat), Vitamin B5 (Calcium-D-Pantothenat), Vitamin B6 (Pyridoxal-5\u2032-phosphat), Vitamin B1 (Thiaminhydrochlorid), Vitamin B2 (Riboflavin-5\u2032-phosphat, Natrium), Vitamin B8 (Biotin), Vitamin B12 (Methylcobalamin).<\/p>","protected":false},"excerpt":{"rendered":"<p>Eine synergistische und innovative Formel mit 9 B-Vitaminen, PABA* und Cholin, die Sie das ganze Jahr \u00fcber fit h\u00e4lt. Die Vitamine B1, B2, B3, B5, B6, B8 und B12 tragen zu einem normalen Energiestoffwechsel bei. Die Vitamine B1, B2, B3, B6, B8 und B12 tragen zu einer normalen Funktion des Nervensystems bei. Die Vitamine B2, [&hellip;]<\/p>\n","protected":false},"featured_media":50584,"template":"","meta":{"_acf_changed":false,"footnotes":""},"product_brand":[],"product_cat":[951,953,948],"product_tag":[],"class_list":{"0":"post-50583","1":"product","2":"type-product","3":"status-publish","4":"has-post-thumbnail","6":"product_cat-physiomance","7":"product_cat-complements-alimentaires","8":"product_cat-therascience-physionutrition","10":"first","11":"instock","12":"taxable","13":"shipping-taxable","14":"purchasable","15":"product-type-simple"},"acf":[],"_links":{"self":[{"href":"https:\/\/www.pharmacieonline.lu\/de\/wp-json\/wp\/v2\/product\/50583","targetHints":{"allow":["GET"]}}],"collection":[{"href":"https:\/\/www.pharmacieonline.lu\/de\/wp-json\/wp\/v2\/product"}],"about":[{"href":"https:\/\/www.pharmacieonline.lu\/de\/wp-json\/wp\/v2\/types\/product"}],"version-history":[{"count":0,"href":"https:\/\/www.pharmacieonline.lu\/de\/wp-json\/wp\/v2\/product\/50583\/revisions"}],"wp:featuredmedia":[{"embeddable":true,"href":"https:\/\/www.pharmacieonline.lu\/de\/wp-json\/wp\/v2\/media\/50584"}],"wp:attachment":[{"href":"https:\/\/www.pharmacieonline.lu\/de\/wp-json\/wp\/v2\/media?parent=50583"}],"wp:term":[{"taxonomy":"product_brand","embeddable":true,"href":"https:\/\/www.pharmacieonline.lu\/de\/wp-json\/wp\/v2\/product_brand?post=50583"},{"taxonomy":"product_cat","embeddable":true,"href":"https:\/\/www.pharmacieonline.lu\/de\/wp-json\/wp\/v2\/product_cat?post=50583"},{"taxonomy":"product_tag","embeddable":true,"href":"https:\/\/www.pharmacieonline.lu\/de\/wp-json\/wp\/v2\/product_tag?post=50583"}],"curies":[{"name":"wp","href":"https:\/\/api.w.org\/{rel}","templated":true}]}}