{"id":50590,"date":"2025-05-26T16:05:49","date_gmt":"2025-05-26T14:05:49","guid":{"rendered":"https:\/\/www.pharmacieonline.lu\/?post_type=product&#038;p=50590"},"modified":"2026-04-10T12:25:15","modified_gmt":"2026-04-10T10:25:15","slug":"physiomance-vitamines-d3k2-60caps","status":"publish","type":"product","link":"https:\/\/www.pharmacieonline.lu\/de\/produit\/physiomance-vitamines-d3k2-60caps\/","title":{"rendered":"PHYSIOMANCE VITAMINES D3&amp;K2+ 60CAPS"},"content":{"rendered":"<p>Nahrungserg\u00e4nzungsmittel f\u00fcr Muskel- und Knochenerhalt und St\u00e4rkung des Immunsystems<\/p>\n<p>Nat\u00fcrliche Vitamine D3 und K2 in kaltgepresstem nativem Bio-Oliven\u00f6l f\u00fcr optimale Bioverf\u00fcgbarkeit.<br \/>\nNat\u00fcrliches Vitamin D3 ist essentiell f\u00fcr den Erhalt normaler Knochen und die normale Funktion des Immunsystems.<br \/>\nVitamin K2 tr\u00e4gt zur Erhaltung normaler Knochen bei.<br \/>\nPatentiertes nat\u00fcrliches Vitamin K2 MenaquinGold in Menachinon-7-Form garantiert h\u00f6chste Qualit\u00e4t und optimale Stabilit\u00e4t.<br \/>\nOptimale Bioverf\u00fcgbarkeit: \u00d6lform.<br \/>\nAnwendung:<\/p>\n<p>1 Kapsel t\u00e4glich \u00fcber 2 Monate. Bei Bedarf wiederholen.<\/p>\n<p>Vorsichtsma\u00dfnahmen:<\/p>\n<p>Nicht anwenden bei Einnahme von Blutverd\u00fcnnern. F\u00fcr Personen ab 18 Jahren.<br \/>\nNahrungserg\u00e4nzungsmittel sollten Teil einer gesunden Lebensweise sein und nicht als Ersatz f\u00fcr eine abwechslungsreiche und ausgewogene Ern\u00e4hrung. Die empfohlene Tagesdosis nicht \u00fcberschreiten. Dieses Produkt au\u00dferhalb der Reichweite von Kleinkindern aufbewahren. Wenn Sie mehrere Nahrungserg\u00e4nzungsmittel einnehmen, wenden Sie sich an Ihren Arzt oder Apotheker.<\/p>\n<p>Zutaten:<\/p>\n<p>Oliven\u00f6l*, nat\u00fcrliches Vitamin K2 MenaquinGold (Menachinon-7), H\u00fclle: Fischgelatine, Feuchthaltemittel: Glycerin, gereinigtes Wasser, nat\u00fcrliches Vitamin D3 (Cholecalciferol), Farbstoff: Riboflavin.<\/p>","protected":false},"excerpt":{"rendered":"<p>Nahrungserg\u00e4nzungsmittel f\u00fcr Muskel- und Knochenerhalt und St\u00e4rkung des Immunsystems Nat\u00fcrliche Vitamine D3 und K2 in kaltgepresstem nativem Bio-Oliven\u00f6l f\u00fcr optimale Bioverf\u00fcgbarkeit. Nat\u00fcrliches Vitamin D3 ist essentiell f\u00fcr den Erhalt normaler Knochen und die normale Funktion des Immunsystems. Vitamin K2 tr\u00e4gt zur Erhaltung normaler Knochen bei. Patentiertes nat\u00fcrliches Vitamin K2 MenaquinGold in Menachinon-7-Form garantiert h\u00f6chste Qualit\u00e4t [&hellip;]<\/p>\n","protected":false},"featured_media":50592,"template":"","meta":{"_acf_changed":false,"footnotes":""},"product_brand":[],"product_cat":[951,953,948],"product_tag":[],"class_list":{"0":"post-50590","1":"product","2":"type-product","3":"status-publish","4":"has-post-thumbnail","6":"product_cat-physiomance","7":"product_cat-complements-alimentaires","8":"product_cat-therascience-physionutrition","10":"first","11":"instock","12":"taxable","13":"shipping-taxable","14":"purchasable","15":"product-type-simple"},"acf":[],"_links":{"self":[{"href":"https:\/\/www.pharmacieonline.lu\/de\/wp-json\/wp\/v2\/product\/50590","targetHints":{"allow":["GET"]}}],"collection":[{"href":"https:\/\/www.pharmacieonline.lu\/de\/wp-json\/wp\/v2\/product"}],"about":[{"href":"https:\/\/www.pharmacieonline.lu\/de\/wp-json\/wp\/v2\/types\/product"}],"version-history":[{"count":0,"href":"https:\/\/www.pharmacieonline.lu\/de\/wp-json\/wp\/v2\/product\/50590\/revisions"}],"wp:featuredmedia":[{"embeddable":true,"href":"https:\/\/www.pharmacieonline.lu\/de\/wp-json\/wp\/v2\/media\/50592"}],"wp:attachment":[{"href":"https:\/\/www.pharmacieonline.lu\/de\/wp-json\/wp\/v2\/media?parent=50590"}],"wp:term":[{"taxonomy":"product_brand","embeddable":true,"href":"https:\/\/www.pharmacieonline.lu\/de\/wp-json\/wp\/v2\/product_brand?post=50590"},{"taxonomy":"product_cat","embeddable":true,"href":"https:\/\/www.pharmacieonline.lu\/de\/wp-json\/wp\/v2\/product_cat?post=50590"},{"taxonomy":"product_tag","embeddable":true,"href":"https:\/\/www.pharmacieonline.lu\/de\/wp-json\/wp\/v2\/product_tag?post=50590"}],"curies":[{"name":"wp","href":"https:\/\/api.w.org\/{rel}","templated":true}]}}