{"id":50595,"date":"2025-05-26T16:09:01","date_gmt":"2025-05-26T14:09:01","guid":{"rendered":"https:\/\/www.pharmacieonline.lu\/?post_type=product&#038;p=50595"},"modified":"2026-04-10T12:25:20","modified_gmt":"2026-04-10T10:25:20","slug":"physiomance-selenium-90-caps","status":"publish","type":"product","link":"https:\/\/www.pharmacieonline.lu\/de\/produit\/physiomance-selenium-90-caps\/","title":{"rendered":"PHYSIOMANCE SELENIUM+ 90 CAPS"},"content":{"rendered":"<p>Beschreibung<\/p>\n<p>Nahrungserg\u00e4nzungsmittel<\/p>\n<p>Selen ist ein essentielles Spurenelement. Selen ist ein wichtiges biologisches Antioxidans, das nat\u00fcrlicherweise im Boden und in proteinreichen Lebensmitteln vorkommt.<\/p>\n<p>PHYSIOMANCE SELENIUM+ liefert 136 % der empfohlenen Tagesdosis* von Lynside\u00ae Forte Se+ Selen pro \u00bd Tablette. Es sch\u00fctzt die K\u00f6rperzellen vor oxidativem Stress und spielt au\u00dferdem eine wichtige Rolle f\u00fcr die Funktion des Immunsystems. Selen tr\u00e4gt au\u00dferdem zur Erhaltung normaler Haare und N\u00e4gel bei und f\u00f6rdert die Spermatogenese.<\/p>\n<p>*RI: Referenzmenge<\/p>\n<p>Warum PHYSIOMANCE SELENIUM+ von THERASCIENCE Laboratory w\u00e4hlen?<\/p>\n<p>Lynside\u00ae Forte Se+ enth\u00e4lt 136 % der empfohlenen Tagesdosis*, da es 100 % nat\u00fcrlich ist und eine optimale Dosierung von 75 \u03bcg Selen aufweist.<\/p>\n<p>*RI: Referenzmenge<\/p>\n<p>Gebrauchsanweisung<\/p>\n<p>\u00bd Tablette t\u00e4glich f\u00fcr mindestens 6 Monate. Bei Bedarf wiederholen.<\/p>\n<p>Vorsichtsma\u00dfnahmen bei der Anwendung:<\/p>\n<p>Nahrungserg\u00e4nzungsmittel sollten im Rahmen einer gesunden Lebensweise eingenommen werden und sind kein Ersatz f\u00fcr eine abwechslungsreiche und ausgewogene Ern\u00e4hrung. Die empfohlene Tagesdosis nicht \u00fcberschreiten. Produkt au\u00dferhalb der Reichweite von Kleinkindern aufbewahren. Bei Kombination mehrerer Nahrungserg\u00e4nzungsmittel wenden Sie sich bitte an Ihren Arzt oder Apotheker.<\/p>\n<p>Zutaten:<\/p>\n<p>F\u00fcllstoffe: Dicalciumphosphat und mikrokristalline Cellulose, Selenomethionin, Trennmittel: Speisefetts\u00e4uren, \u00dcberzugsmittel: Hydroxypropylmethylcellulose, Stearins\u00e4ure und mikrokristalline Cellulose.<\/p>","protected":false},"excerpt":{"rendered":"<p>Beschreibung Nahrungserg\u00e4nzungsmittel Selen ist ein essentielles Spurenelement. Selen ist ein wichtiges biologisches Antioxidans, das nat\u00fcrlicherweise im Boden und in proteinreichen Lebensmitteln vorkommt. PHYSIOMANCE SELENIUM+ liefert 136 % der empfohlenen Tagesdosis* von Lynside\u00ae Forte Se+ Selen pro \u00bd Tablette. Es sch\u00fctzt die K\u00f6rperzellen vor oxidativem Stress und spielt au\u00dferdem eine wichtige Rolle f\u00fcr die Funktion des [&hellip;]<\/p>\n","protected":false},"featured_media":50598,"template":"","meta":{"_acf_changed":false,"footnotes":""},"product_brand":[],"product_cat":[42,951,953,948],"product_tag":[],"class_list":{"0":"post-50595","1":"product","2":"type-product","3":"status-publish","4":"has-post-thumbnail","6":"product_cat-para-pharmacie","7":"product_cat-physiomance","8":"product_cat-complements-alimentaires","9":"product_cat-therascience-physionutrition","11":"first","12":"instock","13":"taxable","14":"shipping-taxable","15":"purchasable","16":"product-type-simple"},"acf":[],"_links":{"self":[{"href":"https:\/\/www.pharmacieonline.lu\/de\/wp-json\/wp\/v2\/product\/50595","targetHints":{"allow":["GET"]}}],"collection":[{"href":"https:\/\/www.pharmacieonline.lu\/de\/wp-json\/wp\/v2\/product"}],"about":[{"href":"https:\/\/www.pharmacieonline.lu\/de\/wp-json\/wp\/v2\/types\/product"}],"version-history":[{"count":0,"href":"https:\/\/www.pharmacieonline.lu\/de\/wp-json\/wp\/v2\/product\/50595\/revisions"}],"wp:featuredmedia":[{"embeddable":true,"href":"https:\/\/www.pharmacieonline.lu\/de\/wp-json\/wp\/v2\/media\/50598"}],"wp:attachment":[{"href":"https:\/\/www.pharmacieonline.lu\/de\/wp-json\/wp\/v2\/media?parent=50595"}],"wp:term":[{"taxonomy":"product_brand","embeddable":true,"href":"https:\/\/www.pharmacieonline.lu\/de\/wp-json\/wp\/v2\/product_brand?post=50595"},{"taxonomy":"product_cat","embeddable":true,"href":"https:\/\/www.pharmacieonline.lu\/de\/wp-json\/wp\/v2\/product_cat?post=50595"},{"taxonomy":"product_tag","embeddable":true,"href":"https:\/\/www.pharmacieonline.lu\/de\/wp-json\/wp\/v2\/product_tag?post=50595"}],"curies":[{"name":"wp","href":"https:\/\/api.w.org\/{rel}","templated":true}]}}