{"id":50596,"date":"2025-05-26T16:09:31","date_gmt":"2025-05-26T14:09:31","guid":{"rendered":"https:\/\/www.pharmacieonline.lu\/?post_type=product&#038;p=50596"},"modified":"2026-04-10T12:25:15","modified_gmt":"2026-04-10T10:25:15","slug":"physiomance-vitamines-mineraux-30caps","status":"publish","type":"product","link":"https:\/\/www.pharmacieonline.lu\/de\/produit\/physiomance-vitamines-mineraux-30caps\/","title":{"rendered":"PHYSIOMANCE VITAMINES &amp; MINERAUX 30CAPS"},"content":{"rendered":"<p>Ein Konzentrat aus essentiellen Vitaminen und Mineralstoffen f\u00fcr mehr Energie und Vitalit\u00e4t!<\/p>\n<p>12 Vitamine und 4 Mineralstoffe \u2013 essentiell f\u00fcr Ihre Gesundheit;<br \/>\nOptimale Bioverf\u00fcgbarkeit: \u2013 Chrom in Picolinatform;<br \/>\n\u2013 Suvimine 13-Mikron\u00e4hrstoffkomplex<br \/>\nKapseln (100 % pflanzlich)<br \/>\nAnwendung<\/p>\n<p>1 Kapsel t\u00e4glich morgens zum Fr\u00fchst\u00fcck, mindestens 3 Monate lang. Bei Bedarf wiederholen.<\/p>\n<p>Vorsichtsma\u00dfnahmen bei der Anwendung:<\/p>\n<p>Nahrungserg\u00e4nzungsmittel sollten Teil einer gesunden Lebensweise sein und d\u00fcrfen eine abwechslungsreiche und ausgewogene Ern\u00e4hrung nicht ersetzen. Die empfohlene Tagesdosis nicht \u00fcberschreiten. Produkt au\u00dferhalb der Reichweite von Kleinkindern aufbewahren. Bei Kombination mehrerer Nahrungserg\u00e4nzungsmittel wenden Sie sich bitte an Ihren Arzt oder Apotheker.<\/p>\n<p>Zutaten:<\/p>\n<p>PHY35 \u2013 30 Kapseln:<br \/>\nF\u00fcllstoff: Akaziengummi, pflanzlicher \u00dcberzug: Hydroxypropylmethylcellulose, Vitamin C (L-Ascorbins\u00e4ure), Zinkbisglycinat, Selenomethionin, nat\u00fcrliches Vitamin E (D-alpha-Tocopherylacetat), Beta-Carotin, Vitamin B3 (Nicotinamid), Trennmittel: Speisefetts\u00e4uren, Vitamin B5 (Calcium-D-Pantothenat), Kupfersulfat, Vitamin B6 (Pyridoxal-5\u2032-phosphat), nat\u00fcrliches Vitamin D3 (Cholecalciferol), Vitamin B2 (Riboflavin-5\u2032-phosphat, Natrium), Vitamin B1 (Thiaminmononitrat), Vitamin B8 (Biotin), Vitamin B9 (Calcium-L-Methylfolat), Chrompicoilinat, Vitamin B12 (Methylcobalamin).<\/p>","protected":false},"excerpt":{"rendered":"<p>Ein Konzentrat aus essentiellen Vitaminen und Mineralstoffen f\u00fcr mehr Energie und Vitalit\u00e4t! 12 Vitamine und 4 Mineralstoffe \u2013 essentiell f\u00fcr Ihre Gesundheit; Optimale Bioverf\u00fcgbarkeit: \u2013 Chrom in Picolinatform; \u2013 Suvimine 13-Mikron\u00e4hrstoffkomplex Kapseln (100 % pflanzlich) Anwendung 1 Kapsel t\u00e4glich morgens zum Fr\u00fchst\u00fcck, mindestens 3 Monate lang. Bei Bedarf wiederholen. Vorsichtsma\u00dfnahmen bei der Anwendung: Nahrungserg\u00e4nzungsmittel sollten [&hellip;]<\/p>\n","protected":false},"featured_media":50597,"template":"","meta":{"_acf_changed":false,"footnotes":""},"product_brand":[],"product_cat":[951,953,948],"product_tag":[],"class_list":{"0":"post-50596","1":"product","2":"type-product","3":"status-publish","4":"has-post-thumbnail","6":"product_cat-physiomance","7":"product_cat-complements-alimentaires","8":"product_cat-therascience-physionutrition","10":"first","11":"outofstock","12":"taxable","13":"shipping-taxable","14":"purchasable","15":"product-type-simple"},"acf":[],"_links":{"self":[{"href":"https:\/\/www.pharmacieonline.lu\/de\/wp-json\/wp\/v2\/product\/50596","targetHints":{"allow":["GET"]}}],"collection":[{"href":"https:\/\/www.pharmacieonline.lu\/de\/wp-json\/wp\/v2\/product"}],"about":[{"href":"https:\/\/www.pharmacieonline.lu\/de\/wp-json\/wp\/v2\/types\/product"}],"version-history":[{"count":0,"href":"https:\/\/www.pharmacieonline.lu\/de\/wp-json\/wp\/v2\/product\/50596\/revisions"}],"wp:featuredmedia":[{"embeddable":true,"href":"https:\/\/www.pharmacieonline.lu\/de\/wp-json\/wp\/v2\/media\/50597"}],"wp:attachment":[{"href":"https:\/\/www.pharmacieonline.lu\/de\/wp-json\/wp\/v2\/media?parent=50596"}],"wp:term":[{"taxonomy":"product_brand","embeddable":true,"href":"https:\/\/www.pharmacieonline.lu\/de\/wp-json\/wp\/v2\/product_brand?post=50596"},{"taxonomy":"product_cat","embeddable":true,"href":"https:\/\/www.pharmacieonline.lu\/de\/wp-json\/wp\/v2\/product_cat?post=50596"},{"taxonomy":"product_tag","embeddable":true,"href":"https:\/\/www.pharmacieonline.lu\/de\/wp-json\/wp\/v2\/product_tag?post=50596"}],"curies":[{"name":"wp","href":"https:\/\/api.w.org\/{rel}","templated":true}]}}